{"id":988,"date":"2023-06-20T19:14:10","date_gmt":"2023-06-20T22:14:10","guid":{"rendered":"https:\/\/lidertecsa.com.ar\/catalogo\/?post_type=product&#038;p=988"},"modified":"2025-06-27T17:55:33","modified_gmt":"2025-06-27T20:55:33","slug":"compresor-de-coche-12-v","status":"publish","type":"product","link":"https:\/\/lidertecsa.com.ar\/catalogo\/producto\/compresor-de-coche-12-v\/","title":{"rendered":"Compresor de coche 12 V"},"content":{"rendered":"<div id=\"description\" class=\"section-row -padded-wide--mod-top-only -in-viewport\" data-anchornav=\"Artikelbeschreibung\">\n<div class=\"col-wrapper -max-width-limited\">\n<div class=\"content-item module-description\">\n<div class=\"description-wrapper\">\n<div class=\"col-two\">\n<div class=\"description__content\">\n<p>El compresor para coche Einhell CC-AC 35\/10 12V es un compresor pr\u00e1ctico y potente especialmente para un uso flexible y m\u00f3vil. Por su tama\u00f1o, tiene un gran caudal de 35 litros por minuto. Gracias a la conexi\u00f3n de 12 voltios con enchufe de encendedor de cigarrillos y l\u00ednea de suministro de 2,8 m, varias tareas de aire comprimido, como inflar autom\u00f3viles, motocicletas, neum\u00e1ticos de bicicletas, pelotas, colchones de aire peque\u00f1os, etc. se pueden realizar r\u00e1pidamente y en cualquier lugar. El man\u00f3metro integrado se puede utilizar para leer la presi\u00f3n de aire actual de 0 a m\u00e1x. 10 bar. La manguera de aire est\u00e1 equipada con una conexi\u00f3n de v\u00e1lvula Schrader para v\u00e1lvulas de neum\u00e1ticos de autom\u00f3viles y se puede utilizar de varias maneras con los 4 adaptadores adicionales suministrados (v\u00e1lvula de neum\u00e1tico de rueda, waterpolo, colch\u00f3n de aire y adaptador de bola).<\/p>\n<\/div>\n<\/div>\n<\/div>\n<\/div>\n<\/div>\n<\/div>\n<div id=\"technical-details\" class=\"section-row -padded-wide--mod-top-only -in-viewport\" data-anchornav=\"Technische Daten\">\n<div class=\"col-wrapper -max-width-limited -decrease-width\">\n<div class=\"col\">\n<div class=\"content-item module-headline-paragraph headline paragraph -color-headline-black\">\n<h2 class=\"heading delta\">Caracter\u00edsticas t\u00e9cnicas<\/h2>\n<\/div>\n<div class=\"content-item module-table -styling-beta\">\n<table class=\"table__table\">\n<tbody>\n<tr class=\"-show tr-odd\">\n<td><span class=\"bold\">Salida a 0 bar<\/span><\/td>\n<td>35 l\/min<\/td>\n<\/tr>\n<tr class=\"-show tr-even\">\n<td><span class=\"bold\">N\u00famero de adaptadores de v\u00e1lvula incluidos en el volumen de suministro<\/span><\/td>\n<td>4 piezas<\/td>\n<\/tr>\n<tr class=\"-show tr-odd\">\n<td><span class=\"bold\">N\u00famero de cilindros<\/span><\/td>\n<td>1 piezas<\/td>\n<\/tr>\n<tr class=\"-show tr-even\">\n<td><span class=\"bold\">Longitud del cable de conexi\u00f3n<\/span><\/td>\n<td>2,8 cm<\/td>\n<\/tr>\n<tr class=\"-show tr-odd\">\n<td><span class=\"bold\">Longitud de la manguera de aire comprimido<\/span><\/td>\n<td>150 cm<\/td>\n<\/tr>\n<tr class=\"-show tr-even\">\n<td><span class=\"bold\">Presi\u00f3n de funcionamiento m\u00e1x.<\/span><\/td>\n<td>8 bares<\/td>\n<\/tr>\n<tr class=\"-show tr-odd\">\n<td><span class=\"bold\">Peso del producto<\/span><\/td>\n<td>1,97 kg<\/td>\n<\/tr>\n<\/tbody>\n<\/table>\n<\/div>\n<\/div>\n<\/div>\n<\/div>\n","protected":false},"excerpt":{"rendered":"<ul>\n<li class=\" meta\">Man\u00f3metro 0 &#8211; 10 bar<\/li>\n<li class=\" meta\">Caudal: 35 litros por minuto<\/li>\n<li class=\" meta\">Alimentaci\u00f3n: 12 V, conexi\u00f3n a trav\u00e9s del encendedor<\/li>\n<li class=\" meta\">Cable de conexi\u00f3n extralargo: 2,8 m<\/li>\n<li class=\" meta\">Manguera de presi\u00f3n con conexi\u00f3n de v\u00e1lvula Schrader para neum\u00e1ticos de autom\u00f3viles<\/li>\n<li class=\"meta\">4 adaptadores adicionales (bicicleta, waterpolo, colch\u00f3n hinchable, adaptador de bola)<\/li>\n<\/ul>\n","protected":false},"featured_media":990,"template":"","meta":{"_joinchat":[]},"product_cat":[181],"product_tag":[279],"class_list":{"0":"post-988","1":"product","2":"type-product","3":"status-publish","4":"has-post-thumbnail","6":"product_cat-herramientas-electricas","7":"product_tag-compresor-para-coche-12-v","9":"first","10":"instock","11":"product-type-simple"},"_links":{"self":[{"href":"https:\/\/lidertecsa.com.ar\/catalogo\/wp-json\/wp\/v2\/product\/988"}],"collection":[{"href":"https:\/\/lidertecsa.com.ar\/catalogo\/wp-json\/wp\/v2\/product"}],"about":[{"href":"https:\/\/lidertecsa.com.ar\/catalogo\/wp-json\/wp\/v2\/types\/product"}],"wp:featuredmedia":[{"embeddable":true,"href":"https:\/\/lidertecsa.com.ar\/catalogo\/wp-json\/wp\/v2\/media\/990"}],"wp:attachment":[{"href":"https:\/\/lidertecsa.com.ar\/catalogo\/wp-json\/wp\/v2\/media?parent=988"}],"wp:term":[{"taxonomy":"product_cat","embeddable":true,"href":"https:\/\/lidertecsa.com.ar\/catalogo\/wp-json\/wp\/v2\/product_cat?post=988"},{"taxonomy":"product_tag","embeddable":true,"href":"https:\/\/lidertecsa.com.ar\/catalogo\/wp-json\/wp\/v2\/product_tag?post=988"}],"curies":[{"name":"wp","href":"https:\/\/api.w.org\/{rel}","templated":true}]}}