{"id":974,"date":"2023-06-20T19:00:59","date_gmt":"2023-06-20T22:00:59","guid":{"rendered":"https:\/\/lidertecsa.com.ar\/catalogo\/?post_type=product&#038;p=974"},"modified":"2024-12-13T16:31:24","modified_gmt":"2024-12-13T19:31:24","slug":"cables-para-baterias","status":"publish","type":"product","link":"https:\/\/lidertecsa.com.ar\/catalogo\/producto\/cables-para-baterias\/","title":{"rendered":"Cables para Bater\u00edas"},"content":{"rendered":"<div id=\"description\" class=\"section-row -padded-wide--mod-top-only -in-viewport\" data-anchornav=\"Artikelbeschreibung\">\n<div class=\"col-wrapper -max-width-limited\">\n<div class=\"content-item module-description\">\n<div class=\"description-wrapper\">\n<div class=\"col-two\">\n<div class=\"description__content\">\n<p>El cable puente BT-BO 25\/1 A LED SP hace un buen trabajo al saltar motores de gasolina y diesel. Los alicates de 4 polos est\u00e1n totalmente aislados y equipados con iluminaci\u00f3n LED. El material conductor consiste en aluminio de 31,4 mm\u00b2 (= cable de cobre de 25 mm\u00b2). El arranque seguro es proporcionado por la electr\u00f3nica de protecci\u00f3n integrada contra picos de voltaje da\u00f1inos. Una pr\u00e1ctica bolsa de transporte ya est\u00e1 incluida en el volumen de entrega del cable puente, que ha sido probado seg\u00fan DIN 72553-25.<\/p>\n<\/div>\n<\/div>\n<\/div>\n<\/div>\n<\/div>\n<\/div>\n<div id=\"technical-details\" class=\"section-row -padded-wide--mod-top-only -in-viewport\" data-anchornav=\"Technische Daten\">\n<div class=\"col-wrapper -max-width-limited -decrease-width\">\n<div class=\"col\">\n<div class=\"content-item module-headline-paragraph headline paragraph -color-headline-black\">\n<h2 class=\"heading delta\">Caracter\u00edsticas t\u00e9cnicas<\/h2>\n<\/div>\n<div class=\"content-item module-table -styling-beta\">\n<table class=\"table__table\">\n<tbody>\n<tr class=\"-show tr-odd\">\n<td><span class=\"bold\">Secci\u00f3n transversal del conductor<\/span><\/td>\n<td>31,4 mm\u00b2<\/td>\n<\/tr>\n<tr class=\"-show tr-even\">\n<td><span class=\"bold\">Longitud del cable de puente<\/span><\/td>\n<td>3,5 m<\/td>\n<\/tr>\n<tr class=\"-show tr-odd\">\n<td><span class=\"bold\">Motores de gasolina de cilindrada<\/span><\/td>\n<td>5500 cm\u00b3<\/td>\n<\/tr>\n<tr class=\"-show tr-even\">\n<td><span class=\"bold\">Motores di\u00e9sel de cilindrada<\/span><\/td>\n<td>3000 cm\u00b3<\/td>\n<\/tr>\n<tr class=\"-show tr-odd\">\n<td><span class=\"bold\">Amperaje m\u00e1x.<\/span><\/td>\n<td>350 A<\/td>\n<\/tr>\n<tr class=\"-show tr-even\">\n<td><span class=\"bold\">Peso del producto<\/span><\/td>\n<td>1,74 kg<\/td>\n<\/tr>\n<\/tbody>\n<\/table>\n<\/div>\n<\/div>\n<\/div>\n<\/div>\n","protected":false},"excerpt":{"rendered":"<ul>\n<li class=\" meta\">Cable puente probado seg\u00fan DIN 72553-25<\/li>\n<li class=\" meta\">4 abrazaderas de poste totalmente aisladas<\/li>\n<li class=\" meta\">Material conductor de aluminio de 31,4 mm\u00b2 (= cable de cobre de 25 mm\u00b2)<\/li>\n<li class=\" meta\">Alicates con iluminaci\u00f3n LED<\/li>\n<li class=\" meta\">Electr\u00f3nica de protecci\u00f3n contra picos de voltaje da\u00f1inos durante el arranque<\/li>\n<li class=\"meta\">Incluye bolsa de transporte<\/li>\n<\/ul>\n","protected":false},"featured_media":976,"template":"","meta":{"_joinchat":[]},"product_cat":[50],"product_tag":[277],"class_list":{"0":"post-974","1":"product","2":"type-product","3":"status-publish","4":"has-post-thumbnail","6":"product_cat-herramientas-a-bateria","7":"product_tag-cables-para-baterias","9":"first","10":"instock","11":"product-type-simple"},"_links":{"self":[{"href":"https:\/\/lidertecsa.com.ar\/catalogo\/wp-json\/wp\/v2\/product\/974"}],"collection":[{"href":"https:\/\/lidertecsa.com.ar\/catalogo\/wp-json\/wp\/v2\/product"}],"about":[{"href":"https:\/\/lidertecsa.com.ar\/catalogo\/wp-json\/wp\/v2\/types\/product"}],"wp:featuredmedia":[{"embeddable":true,"href":"https:\/\/lidertecsa.com.ar\/catalogo\/wp-json\/wp\/v2\/media\/976"}],"wp:attachment":[{"href":"https:\/\/lidertecsa.com.ar\/catalogo\/wp-json\/wp\/v2\/media?parent=974"}],"wp:term":[{"taxonomy":"product_cat","embeddable":true,"href":"https:\/\/lidertecsa.com.ar\/catalogo\/wp-json\/wp\/v2\/product_cat?post=974"},{"taxonomy":"product_tag","embeddable":true,"href":"https:\/\/lidertecsa.com.ar\/catalogo\/wp-json\/wp\/v2\/product_tag?post=974"}],"curies":[{"name":"wp","href":"https:\/\/api.w.org\/{rel}","templated":true}]}}