{"id":9679,"date":"2024-09-09T13:27:28","date_gmt":"2024-09-09T16:27:28","guid":{"rendered":"https:\/\/lidertecsa.com.ar\/catalogo\/?post_type=product&#038;p=9679"},"modified":"2024-12-13T16:46:36","modified_gmt":"2024-12-13T19:46:36","slug":"disco-abrasivo-6-agujeros-amarillo","status":"publish","type":"product","link":"https:\/\/lidertecsa.com.ar\/catalogo\/producto\/disco-abrasivo-6-agujeros-amarillo\/","title":{"rendered":"Disco Abrasivo 6 Agujeros Amarillo"},"content":{"rendered":"<p>Discos abrasivos RAPIFIX para m\u00e1quinas roto-orbitales con perforaciones para una adecuada aspiraci\u00f3n. Ideales para todas las aplicaciones de desbaste, eliminaci\u00f3n de rebarba, limpieza de capas oxidadas y terminaci\u00f3n, tanto en metales y maderas con barnices, selladores, masillas y pintura.<\/p>\n<p>Caracter\u00edsticas<br \/>\nMedidas Di\u00e1metro: 150mm &#8211; 6 Pulgadas.<br \/>\nCantidad de Agujeros: 6.<br \/>\nMaterial: \u00d3xido de aluminio.<\/p>\n","protected":false},"excerpt":{"rendered":"<p>Disco Abrasivo 6 Agujeros Amarillo (150mm-6&#8243;) Oxido de Aluminio<\/p>\n","protected":false},"featured_media":9697,"template":"","meta":{"_joinchat":[]},"product_cat":[1514],"product_tag":[],"class_list":{"0":"post-9679","1":"product","2":"type-product","3":"status-publish","4":"has-post-thumbnail","6":"product_cat-abrasivos","8":"first","9":"instock","10":"taxable","11":"shipping-taxable","12":"product-type-variable"},"_links":{"self":[{"href":"https:\/\/lidertecsa.com.ar\/catalogo\/wp-json\/wp\/v2\/product\/9679"}],"collection":[{"href":"https:\/\/lidertecsa.com.ar\/catalogo\/wp-json\/wp\/v2\/product"}],"about":[{"href":"https:\/\/lidertecsa.com.ar\/catalogo\/wp-json\/wp\/v2\/types\/product"}],"wp:featuredmedia":[{"embeddable":true,"href":"https:\/\/lidertecsa.com.ar\/catalogo\/wp-json\/wp\/v2\/media\/9697"}],"wp:attachment":[{"href":"https:\/\/lidertecsa.com.ar\/catalogo\/wp-json\/wp\/v2\/media?parent=9679"}],"wp:term":[{"taxonomy":"product_cat","embeddable":true,"href":"https:\/\/lidertecsa.com.ar\/catalogo\/wp-json\/wp\/v2\/product_cat?post=9679"},{"taxonomy":"product_tag","embeddable":true,"href":"https:\/\/lidertecsa.com.ar\/catalogo\/wp-json\/wp\/v2\/product_tag?post=9679"}],"curies":[{"name":"wp","href":"https:\/\/api.w.org\/{rel}","templated":true}]}}