{"id":9667,"date":"2024-09-09T13:07:23","date_gmt":"2024-09-09T16:07:23","guid":{"rendered":"https:\/\/lidertecsa.com.ar\/catalogo\/?post_type=product&#038;p=9667"},"modified":"2024-12-13T16:46:36","modified_gmt":"2024-12-13T19:46:36","slug":"tela-esmeril-rapifix","status":"publish","type":"product","link":"https:\/\/lidertecsa.com.ar\/catalogo\/producto\/tela-esmeril-rapifix\/","title":{"rendered":"Tela Esmeril Rapifix"},"content":{"rendered":"<p>Lija de tela esmeril Rapifix es un producto de uso profesional pensado y dise\u00f1ado para lograr un lijado de alto rendimiento, tanto en la remoci\u00f3n de material as\u00ed como en la terminaci\u00f3n del trabajo. Es usada principalmente para el lijado de metales, en la Industria, Hogar y Obra. Su calidad garantiza su excelente rendimiento y hacen de la Lija de Tela Esmeril.<\/p>\n","protected":false},"excerpt":{"rendered":"<p>Lija Tela Esmeril Oxido de Aluminio Rapifix<\/p>\n","protected":false},"featured_media":9678,"template":"","meta":{"_joinchat":[]},"product_cat":[1514],"product_tag":[],"class_list":{"0":"post-9667","1":"product","2":"type-product","3":"status-publish","4":"has-post-thumbnail","6":"product_cat-abrasivos","8":"first","9":"instock","10":"taxable","11":"shipping-taxable","12":"product-type-variable"},"_links":{"self":[{"href":"https:\/\/lidertecsa.com.ar\/catalogo\/wp-json\/wp\/v2\/product\/9667"}],"collection":[{"href":"https:\/\/lidertecsa.com.ar\/catalogo\/wp-json\/wp\/v2\/product"}],"about":[{"href":"https:\/\/lidertecsa.com.ar\/catalogo\/wp-json\/wp\/v2\/types\/product"}],"wp:featuredmedia":[{"embeddable":true,"href":"https:\/\/lidertecsa.com.ar\/catalogo\/wp-json\/wp\/v2\/media\/9678"}],"wp:attachment":[{"href":"https:\/\/lidertecsa.com.ar\/catalogo\/wp-json\/wp\/v2\/media?parent=9667"}],"wp:term":[{"taxonomy":"product_cat","embeddable":true,"href":"https:\/\/lidertecsa.com.ar\/catalogo\/wp-json\/wp\/v2\/product_cat?post=9667"},{"taxonomy":"product_tag","embeddable":true,"href":"https:\/\/lidertecsa.com.ar\/catalogo\/wp-json\/wp\/v2\/product_tag?post=9667"}],"curies":[{"name":"wp","href":"https:\/\/api.w.org\/{rel}","templated":true}]}}