{"id":9659,"date":"2024-09-09T12:56:11","date_gmt":"2024-09-09T15:56:11","guid":{"rendered":"https:\/\/lidertecsa.com.ar\/catalogo\/?post_type=product&#038;p=9659"},"modified":"2024-12-13T16:46:29","modified_gmt":"2024-12-13T19:46:29","slug":"lija-roja-rapifix","status":"publish","type":"product","link":"https:\/\/lidertecsa.com.ar\/catalogo\/producto\/lija-roja-rapifix\/","title":{"rendered":"Lija Roja Rapifix"},"content":{"rendered":"<p>La Lija Roja Rapifix es un producto pensado y dise\u00f1ado para lograr un lijado de alto rendimiento, tanto en la remoci\u00f3n de material as\u00ed como en la terminaci\u00f3n del trabajo. Principales usos en la industria maderera y afines, tambi\u00e9n en el hogar y la construcci\u00f3n.<\/p>\n","protected":false},"excerpt":{"rendered":"<p>Lija Roja Oxido de Aluminio Rapifix<\/p>\n","protected":false},"featured_media":9660,"template":"","meta":{"_joinchat":[]},"product_cat":[1514],"product_tag":[],"class_list":{"0":"post-9659","1":"product","2":"type-product","3":"status-publish","4":"has-post-thumbnail","6":"product_cat-abrasivos","8":"first","9":"instock","10":"taxable","11":"shipping-taxable","12":"product-type-variable"},"_links":{"self":[{"href":"https:\/\/lidertecsa.com.ar\/catalogo\/wp-json\/wp\/v2\/product\/9659"}],"collection":[{"href":"https:\/\/lidertecsa.com.ar\/catalogo\/wp-json\/wp\/v2\/product"}],"about":[{"href":"https:\/\/lidertecsa.com.ar\/catalogo\/wp-json\/wp\/v2\/types\/product"}],"wp:featuredmedia":[{"embeddable":true,"href":"https:\/\/lidertecsa.com.ar\/catalogo\/wp-json\/wp\/v2\/media\/9660"}],"wp:attachment":[{"href":"https:\/\/lidertecsa.com.ar\/catalogo\/wp-json\/wp\/v2\/media?parent=9659"}],"wp:term":[{"taxonomy":"product_cat","embeddable":true,"href":"https:\/\/lidertecsa.com.ar\/catalogo\/wp-json\/wp\/v2\/product_cat?post=9659"},{"taxonomy":"product_tag","embeddable":true,"href":"https:\/\/lidertecsa.com.ar\/catalogo\/wp-json\/wp\/v2\/product_tag?post=9659"}],"curies":[{"name":"wp","href":"https:\/\/api.w.org\/{rel}","templated":true}]}}