{"id":9647,"date":"2024-09-09T11:52:10","date_gmt":"2024-09-09T14:52:10","guid":{"rendered":"https:\/\/lidertecsa.com.ar\/catalogo\/?post_type=product&#038;p=9647"},"modified":"2024-12-13T16:46:29","modified_gmt":"2024-12-13T19:46:29","slug":"lija-antiespaste-rapifix","status":"publish","type":"product","link":"https:\/\/lidertecsa.com.ar\/catalogo\/producto\/lija-antiespaste-rapifix\/","title":{"rendered":"Lija Antiespaste Rapifix"},"content":{"rendered":"<p>Con la lija antiempaste White Fill de RAPIFIX\u00ae se logr\u00f3 un producto con una perfecta relaci\u00f3n entre la tasa de remoci\u00f3n de material y la vida \u00fatil del producto. La Lija White Fill con su excelente tratamiento anti-empaste reduce al m\u00ednimo el empastamiento de la lija. Est\u00e1 fabricada con un grano de \u00f3xido de aluminio de alt\u00edsima calidad y con un papel con l\u00e1tex que le brinda una flexibilidad superior, impidiendo que se desgarre. Ideal para la industria mueblera, maderera y de construcci\u00f3n.<\/p>\n<table id=\"product-attribute-specs-table\" class=\"data-table\">\n<tbody>\n<tr class=\"first odd\">\n<th class=\"label\">Color<\/th>\n<td class=\"data last\">Aluminio<\/td>\n<\/tr>\n<tr class=\"even\">\n<th class=\"label\">Marca<\/th>\n<td class=\"data last\">Rapifix<\/td>\n<\/tr>\n<tr class=\"odd\">\n<th class=\"label\">Tama\u00f1o<\/th>\n<td class=\"data last\">1 Unidad<\/td>\n<\/tr>\n<tr class=\"even\">\n<th class=\"label\">Superficies donde se aplica<\/th>\n<td class=\"data last\">Todas las Superficies<\/td>\n<\/tr>\n<tr class=\"odd\">\n<th class=\"label\">Acabado<\/th>\n<td class=\"data last\">Preparaci\u00f3n de la Superficie<\/td>\n<\/tr>\n<tr class=\"last even\">\n<th class=\"label\">Uso<\/th>\n<td class=\"data last\">Interior \/ Exterior<\/td>\n<\/tr>\n<\/tbody>\n<\/table>\n","protected":false},"excerpt":{"rendered":"<p>Lija Antiespaste White Fill Oxido de Aluminio Rapifix<\/p>\n","protected":false},"featured_media":9648,"template":"","meta":{"_joinchat":[]},"product_cat":[1514],"product_tag":[],"class_list":{"0":"post-9647","1":"product","2":"type-product","3":"status-publish","4":"has-post-thumbnail","6":"product_cat-abrasivos","8":"first","9":"instock","10":"taxable","11":"shipping-taxable","12":"product-type-variable"},"_links":{"self":[{"href":"https:\/\/lidertecsa.com.ar\/catalogo\/wp-json\/wp\/v2\/product\/9647"}],"collection":[{"href":"https:\/\/lidertecsa.com.ar\/catalogo\/wp-json\/wp\/v2\/product"}],"about":[{"href":"https:\/\/lidertecsa.com.ar\/catalogo\/wp-json\/wp\/v2\/types\/product"}],"wp:featuredmedia":[{"embeddable":true,"href":"https:\/\/lidertecsa.com.ar\/catalogo\/wp-json\/wp\/v2\/media\/9648"}],"wp:attachment":[{"href":"https:\/\/lidertecsa.com.ar\/catalogo\/wp-json\/wp\/v2\/media?parent=9647"}],"wp:term":[{"taxonomy":"product_cat","embeddable":true,"href":"https:\/\/lidertecsa.com.ar\/catalogo\/wp-json\/wp\/v2\/product_cat?post=9647"},{"taxonomy":"product_tag","embeddable":true,"href":"https:\/\/lidertecsa.com.ar\/catalogo\/wp-json\/wp\/v2\/product_tag?post=9647"}],"curies":[{"name":"wp","href":"https:\/\/api.w.org\/{rel}","templated":true}]}}