{"id":9626,"date":"2024-09-09T11:14:52","date_gmt":"2024-09-09T14:14:52","guid":{"rendered":"https:\/\/lidertecsa.com.ar\/catalogo\/?post_type=product&#038;p=9626"},"modified":"2024-12-13T16:46:29","modified_gmt":"2024-12-13T19:46:29","slug":"lija-al-agua-carburo-de-silicio","status":"publish","type":"product","link":"https:\/\/lidertecsa.com.ar\/catalogo\/producto\/lija-al-agua-carburo-de-silicio\/","title":{"rendered":"Lija al Agua Rapifix"},"content":{"rendered":"<p>La Lija al agua Rapifix, fabricada con grano abrasivo de carburo de silicio y papel impermeable, est\u00e1 dise\u00f1ada para ofrecer un lijado de alto rendimiento. Ideal para la remoci\u00f3n eficiente de material y un acabado impecable, minimiza el empaste durante su uso, garantizando resultados de alta calidad en cada proyecto.<\/p>\n","protected":false},"excerpt":{"rendered":"<p>Lija al Agua Carburo de Silicio Rapifix<\/p>\n","protected":false},"featured_media":9627,"template":"","meta":{"_joinchat":[]},"product_cat":[1514],"product_tag":[],"class_list":{"0":"post-9626","1":"product","2":"type-product","3":"status-publish","4":"has-post-thumbnail","6":"product_cat-abrasivos","8":"first","9":"instock","10":"taxable","11":"shipping-taxable","12":"product-type-variable"},"_links":{"self":[{"href":"https:\/\/lidertecsa.com.ar\/catalogo\/wp-json\/wp\/v2\/product\/9626"}],"collection":[{"href":"https:\/\/lidertecsa.com.ar\/catalogo\/wp-json\/wp\/v2\/product"}],"about":[{"href":"https:\/\/lidertecsa.com.ar\/catalogo\/wp-json\/wp\/v2\/types\/product"}],"wp:featuredmedia":[{"embeddable":true,"href":"https:\/\/lidertecsa.com.ar\/catalogo\/wp-json\/wp\/v2\/media\/9627"}],"wp:attachment":[{"href":"https:\/\/lidertecsa.com.ar\/catalogo\/wp-json\/wp\/v2\/media?parent=9626"}],"wp:term":[{"taxonomy":"product_cat","embeddable":true,"href":"https:\/\/lidertecsa.com.ar\/catalogo\/wp-json\/wp\/v2\/product_cat?post=9626"},{"taxonomy":"product_tag","embeddable":true,"href":"https:\/\/lidertecsa.com.ar\/catalogo\/wp-json\/wp\/v2\/product_tag?post=9626"}],"curies":[{"name":"wp","href":"https:\/\/api.w.org\/{rel}","templated":true}]}}