{"id":9590,"date":"2024-09-06T13:20:43","date_gmt":"2024-09-06T16:20:43","guid":{"rendered":"https:\/\/lidertecsa.com.ar\/catalogo\/?post_type=product&#038;p=9590"},"modified":"2024-12-13T16:46:18","modified_gmt":"2024-12-13T19:46:18","slug":"guantes-de-descarne-de-cuero-con-refuerzo-puno-corto","status":"publish","type":"product","link":"https:\/\/lidertecsa.com.ar\/catalogo\/producto\/guantes-de-descarne-de-cuero-con-refuerzo-puno-corto\/","title":{"rendered":"Guantes de Descarne de Cuero con Refuerzo Pu\u00f1o Corto"},"content":{"rendered":"<p>Equipo de protecci\u00f3n personal que protege la mano o una parte de ella contra riesgos mec\u00e1nicos. Usos posibles: Tareas de Mantenimiento,Metalmec\u00e1nicas,Petroleo, Petroqu\u00edmica.<\/p>\n<table class=\"tab-block table-data-sheet\">\n<tbody>\n<tr class=\"even\">\n<td>USO GUANTES<\/td>\n<td>Tareas Generales<\/td>\n<\/tr>\n<tr class=\"odd\">\n<td>MATERIAL GUANTES<\/td>\n<td>Cuero Descarne<\/td>\n<\/tr>\n<\/tbody>\n<\/table>\n","protected":false},"excerpt":{"rendered":"<p>Guante de cuero de descarne color amarillo con refuerzo, apto para tareas generales<\/p>\n","protected":false},"featured_media":9591,"template":"","meta":{"_joinchat":[]},"product_cat":[785],"product_tag":[789],"class_list":{"0":"post-9590","1":"product","2":"type-product","3":"status-publish","4":"has-post-thumbnail","6":"product_cat-proteccion-manos-barazos","7":"product_tag-guantes-de-descarne","9":"first","10":"instock","11":"taxable","12":"shipping-taxable","13":"product-type-simple"},"_links":{"self":[{"href":"https:\/\/lidertecsa.com.ar\/catalogo\/wp-json\/wp\/v2\/product\/9590"}],"collection":[{"href":"https:\/\/lidertecsa.com.ar\/catalogo\/wp-json\/wp\/v2\/product"}],"about":[{"href":"https:\/\/lidertecsa.com.ar\/catalogo\/wp-json\/wp\/v2\/types\/product"}],"wp:featuredmedia":[{"embeddable":true,"href":"https:\/\/lidertecsa.com.ar\/catalogo\/wp-json\/wp\/v2\/media\/9591"}],"wp:attachment":[{"href":"https:\/\/lidertecsa.com.ar\/catalogo\/wp-json\/wp\/v2\/media?parent=9590"}],"wp:term":[{"taxonomy":"product_cat","embeddable":true,"href":"https:\/\/lidertecsa.com.ar\/catalogo\/wp-json\/wp\/v2\/product_cat?post=9590"},{"taxonomy":"product_tag","embeddable":true,"href":"https:\/\/lidertecsa.com.ar\/catalogo\/wp-json\/wp\/v2\/product_tag?post=9590"}],"curies":[{"name":"wp","href":"https:\/\/api.w.org\/{rel}","templated":true}]}}