{"id":917,"date":"2023-06-20T18:18:08","date_gmt":"2023-06-20T21:18:08","guid":{"rendered":"https:\/\/lidertecsa.com.ar\/catalogo\/?post_type=product&#038;p=917"},"modified":"2024-12-13T16:31:18","modified_gmt":"2024-12-13T19:31:18","slug":"bomba-de-agua","status":"publish","type":"product","link":"https:\/\/lidertecsa.com.ar\/catalogo\/producto\/bomba-de-agua\/","title":{"rendered":"Bomba de Agua"},"content":{"rendered":"<div id=\"description\" class=\"section-row -padded-wide--mod-top-only -in-viewport\" data-anchornav=\"Artikelbeschreibung\">\n<div class=\"col-wrapper -max-width-limited\">\n<div class=\"content-item module-description\">\n<div class=\"description-wrapper\">\n<div class=\"col-two\">\n<div class=\"description__content\">\n<p>La bomba de jard\u00edn GC-GP 6538 es una herramienta potente, compacta y confiable que sirve bien a los jardineros aficionados ambiciosos cuando riegan el jard\u00edn con agua de lluvia recolectada. Con su motor de 650 vatios, la bomba suministra hasta 3.800 litros de agua por hora. El GC-GP 6538 tiene un interruptor de encendido \/ apagado. Un tap\u00f3n de llenado de agua permite el llenado por separado, el agua restante se vac\u00eda convenientemente a trav\u00e9s de un tap\u00f3n de drenaje de agua. Gracias al asa de transporte, la bomba de jard\u00edn es f\u00e1cil de transportar. El conjunto GC-GP 6538 se entrega incluyendo una manguera de succi\u00f3n de 7 m de largo.<\/p>\n<\/div>\n<\/div>\n<\/div>\n<\/div>\n<\/div>\n<\/div>\n<div id=\"technical-details\" class=\"section-row -padded-wide--mod-top-only -in-viewport\" data-anchornav=\"Technische Daten\">\n<div class=\"col-wrapper -max-width-limited -decrease-width\">\n<div class=\"col\">\n<div class=\"content-item module-headline-paragraph headline paragraph -color-headline-black\">\n<h2 class=\"heading delta\">Caracter\u00edsticas t\u00e9cnicas<\/h2>\n<\/div>\n<div class=\"content-item module-table -styling-beta\">\n<table class=\"table__table\">\n<tbody>\n<tr class=\"-show tr-odd\">\n<td><span class=\"bold\">Logro<\/span><\/td>\n<td>650 W<\/td>\n<\/tr>\n<tr class=\"-show tr-even\">\n<td><span class=\"bold\">Longitud del cable de alimentaci\u00f3n<\/span><\/td>\n<td>1,4 m<\/td>\n<\/tr>\n<tr class=\"-show tr-odd\">\n<td><span class=\"bold\">Presi\u00f3n de descarga m\u00e1x.<\/span><\/td>\n<td>3,6 bar<\/td>\n<\/tr>\n<tr class=\"-show tr-even\">\n<td><span class=\"bold\">Cabeza m\u00e1x.<\/span><\/td>\n<td>36 metros<\/td>\n<\/tr>\n<tr class=\"-show tr-odd\">\n<td><span class=\"bold\">Caudal m\u00e1x.<\/span><\/td>\n<td>3800 l\/h<\/td>\n<\/tr>\n<tr class=\"-show tr-even\">\n<td><span class=\"bold\">Elevaci\u00f3n de succi\u00f3n m\u00e1x.<\/span><\/td>\n<td>8 metros<\/td>\n<\/tr>\n<tr class=\"-show tr-odd\">\n<td><span class=\"bold\">Temperatura m\u00e1x. del agua<\/span><\/td>\n<td>35 \u00b0C<\/td>\n<\/tr>\n<tr class=\"-show tr-even\">\n<td><span class=\"bold\">Peso del producto<\/span><\/td>\n<td>5,9 kg<\/td>\n<\/tr>\n<\/tbody>\n<\/table>\n<\/div>\n<\/div>\n<\/div>\n<\/div>\n","protected":false},"excerpt":{"rendered":"<div class=\"information__content -standard-list\">\n<ul>\n<li class=\" meta\">Interruptor de encendido\/apagado<\/li>\n<li class=\" meta\">Tap\u00f3n de llenado de agua<\/li>\n<li class=\" meta\">Tap\u00f3n de drenaje de agua<\/li>\n<li class=\" meta\">Asa de transporte<\/li>\n<li class=\" meta\">Incluye manguera de aspiraci\u00f3n con una longitud de 7 m<\/li>\n<\/ul>\n<\/div>\n<div class=\"information__price\"><\/div>\n","protected":false},"featured_media":918,"template":"","meta":{"_joinchat":[]},"product_cat":[181],"product_tag":[241],"class_list":{"0":"post-917","1":"product","2":"type-product","3":"status-publish","4":"has-post-thumbnail","6":"product_cat-herramientas-electricas","7":"product_tag-bomba-de-agua","9":"first","10":"instock","11":"product-type-simple"},"_links":{"self":[{"href":"https:\/\/lidertecsa.com.ar\/catalogo\/wp-json\/wp\/v2\/product\/917"}],"collection":[{"href":"https:\/\/lidertecsa.com.ar\/catalogo\/wp-json\/wp\/v2\/product"}],"about":[{"href":"https:\/\/lidertecsa.com.ar\/catalogo\/wp-json\/wp\/v2\/types\/product"}],"wp:featuredmedia":[{"embeddable":true,"href":"https:\/\/lidertecsa.com.ar\/catalogo\/wp-json\/wp\/v2\/media\/918"}],"wp:attachment":[{"href":"https:\/\/lidertecsa.com.ar\/catalogo\/wp-json\/wp\/v2\/media?parent=917"}],"wp:term":[{"taxonomy":"product_cat","embeddable":true,"href":"https:\/\/lidertecsa.com.ar\/catalogo\/wp-json\/wp\/v2\/product_cat?post=917"},{"taxonomy":"product_tag","embeddable":true,"href":"https:\/\/lidertecsa.com.ar\/catalogo\/wp-json\/wp\/v2\/product_tag?post=917"}],"curies":[{"name":"wp","href":"https:\/\/api.w.org\/{rel}","templated":true}]}}