{"id":914,"date":"2023-06-20T18:15:29","date_gmt":"2023-06-20T21:15:29","guid":{"rendered":"https:\/\/lidertecsa.com.ar\/catalogo\/?post_type=product&#038;p=914"},"modified":"2024-12-13T16:31:18","modified_gmt":"2024-12-13T19:31:18","slug":"compresor-electrico","status":"publish","type":"product","link":"https:\/\/lidertecsa.com.ar\/catalogo\/producto\/compresor-electrico\/","title":{"rendered":"Compresor El\u00e9ctrico"},"content":{"rendered":"<p>Con el conjunto de compresores de caja Einhell TC-AC 190 OF, siempre est\u00e1 disponible una amplia gama de aplicaciones pr\u00e1cticas en movimiento. El potente compresor de aire es plano y f\u00e1cil de operar, pr\u00e1ctico y compacto, y tiene su lugar permanente en el taller, as\u00ed como en el garaje, pero tambi\u00e9n encuentra su lugar en el autom\u00f3vil como un \u00abrespaldo\u00bb. El compresor compacto y pr\u00e1ctico es ideal como inflador de neum\u00e1ticos m\u00f3vil para autom\u00f3viles, bicicletas o motocicletas o como \u00abbomba de aire\u00bb para la diversi\u00f3n del verano en el lago. El compresor de caja tambi\u00e9n da buena forma en el taller, por ejemplo, junto con un accesorio de soplado para limpiar superficies de trabajo. La gama Einhell ofrece una amplia gama de pr\u00e1cticos accesorios para compresores. El pr\u00e1ctico compresor de caja alcanza una presi\u00f3n m\u00e1xima de 8 bar e impresiona con una bomba exenta de aceite y de servicio que requiere poco mantenimiento. Debido al dise\u00f1o compacto y ligero, el transporte es f\u00e1cil. Para el almacenamiento, el compresor de caja requiere solo una peque\u00f1a cantidad de espacio. Un compartimento de almacenamiento para la manguera y la aguja del adaptador del descargador, as\u00ed como una caja de almacenamiento adicional para adaptadores est\u00e1n integrados en la carcasa. La bobinadora de cables tambi\u00e9n est\u00e1 directamente en la carcasa. En la entrega se incluye una manguera de aire comprimido de 3 metros con acoplamiento r\u00e1pido, una aguja adaptadora de soplado con medidor de inflado de neum\u00e1ticos y un juego de adaptadores de 3 piezas.<\/p>\n","protected":false},"excerpt":{"rendered":"<ul>\n<li class=\" meta\">Bomba exenta de aceite y sin servicio para un bajo mantenimiento<\/li>\n<li class=\" meta\">Dise\u00f1o ligero, ergon\u00f3mico y compacto<\/li>\n<li class=\" meta\">Permite un f\u00e1cil transporte y almacenamiento que ahorra espacio<\/li>\n<li class=\" meta\">Numerosas aplicaciones de hasta 8 bar posibles<\/li>\n<li class=\" meta\">Manguera de aire comprimido de 3 metros con acoplamiento r\u00e1pido<\/li>\n<li class=\"meta\">Compartimento de almacenamiento para manguera y pistola integrado en la carcasa<\/li>\n<li class=\"meta\">Caja de almacenamiento adicional para adaptadores integrados en la carcasa<\/li>\n<li class=\"meta\">Bobinado de cable proporcionado directamente en la carcasa<\/li>\n<li class=\"meta\">Incluye aguja adaptadora de descarga, medidor de inflado de neum\u00e1ticos y 3 piezas. Conjunto de adaptadores<\/li>\n<\/ul>\n","protected":false},"featured_media":915,"template":"","meta":{"_joinchat":[]},"product_cat":[181],"product_tag":[271],"class_list":{"0":"post-914","1":"product","2":"type-product","3":"status-publish","4":"has-post-thumbnail","6":"product_cat-herramientas-electricas","7":"product_tag-compresor","9":"first","10":"instock","11":"product-type-simple"},"_links":{"self":[{"href":"https:\/\/lidertecsa.com.ar\/catalogo\/wp-json\/wp\/v2\/product\/914"}],"collection":[{"href":"https:\/\/lidertecsa.com.ar\/catalogo\/wp-json\/wp\/v2\/product"}],"about":[{"href":"https:\/\/lidertecsa.com.ar\/catalogo\/wp-json\/wp\/v2\/types\/product"}],"wp:featuredmedia":[{"embeddable":true,"href":"https:\/\/lidertecsa.com.ar\/catalogo\/wp-json\/wp\/v2\/media\/915"}],"wp:attachment":[{"href":"https:\/\/lidertecsa.com.ar\/catalogo\/wp-json\/wp\/v2\/media?parent=914"}],"wp:term":[{"taxonomy":"product_cat","embeddable":true,"href":"https:\/\/lidertecsa.com.ar\/catalogo\/wp-json\/wp\/v2\/product_cat?post=914"},{"taxonomy":"product_tag","embeddable":true,"href":"https:\/\/lidertecsa.com.ar\/catalogo\/wp-json\/wp\/v2\/product_tag?post=914"}],"curies":[{"name":"wp","href":"https:\/\/api.w.org\/{rel}","templated":true}]}}