{"id":9126,"date":"2024-08-27T11:06:02","date_gmt":"2024-08-27T14:06:02","guid":{"rendered":"https:\/\/lidertecsa.com.ar\/catalogo\/?post_type=product&#038;p=9126"},"modified":"2024-12-13T16:45:37","modified_gmt":"2024-12-13T19:45:37","slug":"bolsa-para-aspiradora-5-unidades","status":"publish","type":"product","link":"https:\/\/lidertecsa.com.ar\/catalogo\/producto\/bolsa-para-aspiradora-5-unidades\/","title":{"rendered":"Bolsa para Aspiradora 5 Unidades"},"content":{"rendered":"<p><span class=\"heading gamma\">Descripci\u00f3n del art\u00edculo<\/span><\/p>\n<p>El juego de bolsas recolectoras de suciedad de Einhell (10 L) es un pr\u00e1ctico accesorio para aspiradoras en seco y h\u00famedo. El juego incluye cinco bolsas filtrantes de papel con una capacidad de 10 litros cada una. Para aspirar la suciedad fina y seca se utiliza una bolsa recogedora de suciedad, lo que permite mantener la potencia de aspiraci\u00f3n durante m\u00e1s tiempo. Las tetinas no son adecuadas para aspirar l\u00edquidos. Las bolsas recolectoras de suciedad se pueden utilizar con todos los aspiradores en seco y h\u00famedo Einhell con dep\u00f3sito de 10 litros, como por ejemplo: B. con el aspirador en seco y h\u00famedo a bater\u00eda TE-VC 18\/10 Li. La bolsa de la aspiradora se introduce en el recipiente colector y la boquilla de aspiraci\u00f3n se conecta a la abertura de la bolsa de la aspiradora (\u00d8 38 mm).<\/p>\n<div class=\"content-item module-headline-paragraph headline paragraph -color-headline-black\">\n<h2 class=\"heading delta\">Datos t\u00e9cnicos<\/h2>\n<\/div>\n<div class=\"content-item module-table -styling-beta\">\n<table class=\"table__table\">\n<tbody>\n<tr class=\"-show tr-odd\">\n<td><span class=\"bold\">Di\u00e1metro de conexi\u00f3n de la bolsa de succi\u00f3n<\/span><\/td>\n<td>38mm<\/td>\n<\/tr>\n<tr class=\"-show tr-even\">\n<td><span class=\"bold\">N\u00famero de bolsas de tetina incluidas en la entrega<\/span><\/td>\n<td>5 piezas<\/td>\n<\/tr>\n<tr class=\"-show tr-odd\">\n<td><span class=\"bold\">Bolsa de tetina de material<\/span><\/td>\n<td>Papel<\/td>\n<\/tr>\n<tr class=\"-show tr-even\">\n<td><span class=\"bold\">Bolsa tetina volumen<\/span><\/td>\n<td>10 litros<\/td>\n<\/tr>\n<\/tbody>\n<\/table>\n<\/div>\n","protected":false},"excerpt":{"rendered":"<ul>\n<li class=\" meta\">Originales Einhell de 5 piezas. Juego de bolsas recolectoras de suciedad (10 L)<\/li>\n<li class=\" meta\">Accesorios para aspiradores en seco y h\u00famedo con dep\u00f3sito de 10 litros<\/li>\n<li class=\" meta\">Recolecci\u00f3n y eliminaci\u00f3n limpia de polvo y suciedad.<\/li>\n<li class=\" meta\">Material: papel resistente al desgarro<\/li>\n<li class=\" meta\">No apto para absorber l\u00edquidos.<\/li>\n<li class=\"-marked meta\">F\u00e1cil de instalar en el recipiente recogedor de la aspiradora.<\/li>\n<li class=\"-marked meta\">Conexi\u00f3n de bolsa de succi\u00f3n: \u00d8 38 mm<\/li>\n<\/ul>\n","protected":false},"featured_media":10508,"template":"","meta":{"_joinchat":[]},"product_cat":[736],"product_tag":[],"class_list":{"0":"post-9126","1":"product","2":"type-product","3":"status-publish","4":"has-post-thumbnail","6":"product_cat-accesorios-varios","8":"first","9":"instock","10":"taxable","11":"shipping-taxable","12":"product-type-simple"},"_links":{"self":[{"href":"https:\/\/lidertecsa.com.ar\/catalogo\/wp-json\/wp\/v2\/product\/9126"}],"collection":[{"href":"https:\/\/lidertecsa.com.ar\/catalogo\/wp-json\/wp\/v2\/product"}],"about":[{"href":"https:\/\/lidertecsa.com.ar\/catalogo\/wp-json\/wp\/v2\/types\/product"}],"wp:featuredmedia":[{"embeddable":true,"href":"https:\/\/lidertecsa.com.ar\/catalogo\/wp-json\/wp\/v2\/media\/10508"}],"wp:attachment":[{"href":"https:\/\/lidertecsa.com.ar\/catalogo\/wp-json\/wp\/v2\/media?parent=9126"}],"wp:term":[{"taxonomy":"product_cat","embeddable":true,"href":"https:\/\/lidertecsa.com.ar\/catalogo\/wp-json\/wp\/v2\/product_cat?post=9126"},{"taxonomy":"product_tag","embeddable":true,"href":"https:\/\/lidertecsa.com.ar\/catalogo\/wp-json\/wp\/v2\/product_tag?post=9126"}],"curies":[{"name":"wp","href":"https:\/\/api.w.org\/{rel}","templated":true}]}}