{"id":9122,"date":"2024-08-27T08:37:58","date_gmt":"2024-08-27T11:37:58","guid":{"rendered":"https:\/\/lidertecsa.com.ar\/catalogo\/?post_type=product&#038;p=9122"},"modified":"2024-12-13T16:45:37","modified_gmt":"2024-12-13T19:45:37","slug":"punta-hexagonal-30-mm","status":"publish","type":"product","link":"https:\/\/lidertecsa.com.ar\/catalogo\/producto\/punta-hexagonal-30-mm\/","title":{"rendered":"Punta Hexagonal 30 MM"},"content":{"rendered":"<p><span class=\"heading gamma\"><span>Descripci\u00f3n del art\u00edculo<\/span><\/span><\/p>\n<p><span>El cincel puntiagudo original de Einhell de 410 mm es un pr\u00e1ctico accesorio para martillos demoledores. Gracias a su eje hexagonal SDS, el cincel puntiagudo es adecuado para su uso con todos los martillos demoledores con soporte hexagonal SDS. El cincel puntiagudo es perfecto para trabajos pesados \u200b\u200by precisos de cincelado y demolici\u00f3n de todo tipo, por ejemplo al demoler hormig\u00f3n, mamposter\u00eda o renovar juntas. Debido a que el cincel est\u00e1 hecho de metal s\u00f3lido, puede soportar un uso intensivo. El cincel puntiagudo tiene una longitud de 410 mm.<\/span><\/p>\n<div class=\"content-item module-headline-paragraph headline paragraph -color-headline-black\">\n<h2 class=\"heading delta\"><span>Datos t\u00e9cnicos<\/span><\/h2>\n<\/div>\n<div class=\"content-item module-table -styling-beta\">\n<table class=\"table__table\">\n<tbody>\n<tr class=\"-show tr-odd\">\n<td><span class=\"bold\"><span>N\u00famero de cinceles puntiagudos incluidos en la entrega<\/span><\/span><\/td>\n<td><span>1 Uds.<\/span><\/td>\n<\/tr>\n<tr class=\"-show tr-even\">\n<td><span class=\"bold\"><span>Ejecuci\u00f3n de grabaci\u00f3n<\/span><\/span><\/td>\n<td><span>SDS hexagonal<\/span><\/td>\n<\/tr>\n<tr class=\"-show tr-odd\">\n<td><span class=\"bold\"><span>Longitud del cincel puntiagudo<\/span><\/span><\/td>\n<td><span>410 mm<\/span><\/td>\n<\/tr>\n<tr class=\"-show tr-even\">\n<td><span class=\"bold\"><span>Material: cincel puntiagudo<\/span><\/span><\/td>\n<td><span>metal<\/span><\/td>\n<\/tr>\n<\/tbody>\n<\/table>\n<\/div>\n","protected":false},"excerpt":{"rendered":"<ul>\n<li class=\" meta\"><span>Cincel puntiagudo para martillos demoledores masivos<\/span><\/li>\n<li class=\" meta\"><span>Adecuado para martillos demoledores con soporte hexagonal SDS<\/span><\/li>\n<li class=\" meta\"><span>Adecuado para diversos trabajos de demolici\u00f3n.<\/span><\/li>\n<li class=\" meta\"><span>Hecho de metal s\u00f3lido<\/span><\/li>\n<li class=\" meta\"><span>Longitud: 410 mm<\/span><\/li>\n<\/ul>\n","protected":false},"featured_media":9123,"template":"","meta":{"_joinchat":[]},"product_cat":[736],"product_tag":[],"class_list":{"0":"post-9122","1":"product","2":"type-product","3":"status-publish","4":"has-post-thumbnail","6":"product_cat-accesorios-varios","8":"first","9":"instock","10":"taxable","11":"shipping-taxable","12":"product-type-simple"},"_links":{"self":[{"href":"https:\/\/lidertecsa.com.ar\/catalogo\/wp-json\/wp\/v2\/product\/9122"}],"collection":[{"href":"https:\/\/lidertecsa.com.ar\/catalogo\/wp-json\/wp\/v2\/product"}],"about":[{"href":"https:\/\/lidertecsa.com.ar\/catalogo\/wp-json\/wp\/v2\/types\/product"}],"wp:featuredmedia":[{"embeddable":true,"href":"https:\/\/lidertecsa.com.ar\/catalogo\/wp-json\/wp\/v2\/media\/9123"}],"wp:attachment":[{"href":"https:\/\/lidertecsa.com.ar\/catalogo\/wp-json\/wp\/v2\/media?parent=9122"}],"wp:term":[{"taxonomy":"product_cat","embeddable":true,"href":"https:\/\/lidertecsa.com.ar\/catalogo\/wp-json\/wp\/v2\/product_cat?post=9122"},{"taxonomy":"product_tag","embeddable":true,"href":"https:\/\/lidertecsa.com.ar\/catalogo\/wp-json\/wp\/v2\/product_tag?post=9122"}],"curies":[{"name":"wp","href":"https:\/\/api.w.org\/{rel}","templated":true}]}}