{"id":9120,"date":"2024-08-26T16:49:09","date_gmt":"2024-08-26T19:49:09","guid":{"rendered":"https:\/\/lidertecsa.com.ar\/catalogo\/?post_type=product&#038;p=9120"},"modified":"2024-12-13T16:45:36","modified_gmt":"2024-12-13T19:45:36","slug":"cincel-hexagonal-30-mm","status":"publish","type":"product","link":"https:\/\/lidertecsa.com.ar\/catalogo\/producto\/cincel-hexagonal-30-mm\/","title":{"rendered":"Cincel Hexagonal 30 MM"},"content":{"rendered":"<p><span class=\"heading gamma\">Descripci\u00f3n del art\u00edculo<\/span><\/p>\n<p>El cincel plano original de Einhell de 40 x 410 mm es un pr\u00e1ctico accesorio para martillos demoledores. Gracias a su eje hexagonal SDS, el cincel plano es adecuado para su uso con todos los martillos demoledores con soporte hexagonal SDS. El cincel plano es perfecto para todo tipo de trabajos pesados \u200b\u200bde cincelado y demolici\u00f3n, por ejemplo al demoler hormig\u00f3n, mamposter\u00eda o revestimientos de suelos. Debido a que el cincel est\u00e1 hecho de metal s\u00f3lido, puede soportar un uso intensivo. El cincel plano tiene 410 mm de largo y 40 mm de ancho en la punta del cincel plano.<\/p>\n<div class=\"content-item module-headline-paragraph headline paragraph -color-headline-black\">\n<h2 class=\"heading delta\">Datos t\u00e9cnicos<\/h2>\n<\/div>\n<div class=\"content-item module-table -styling-beta\">\n<table class=\"table__table\">\n<tbody>\n<tr class=\"-show tr-odd\">\n<td><span class=\"bold\">N\u00famero de cinceles planos incluidos en la entrega<\/span><\/td>\n<td>1 Uds.<\/td>\n<\/tr>\n<tr class=\"-show tr-even\">\n<td><span class=\"bold\">Ejecuci\u00f3n de grabaci\u00f3n<\/span><\/td>\n<td>SDS hexagonal<\/td>\n<\/tr>\n<tr class=\"-show tr-odd\">\n<td><span class=\"bold\">Longitud del cincel plano<\/span><\/td>\n<td>410 mm<\/td>\n<\/tr>\n<tr class=\"-show tr-even\">\n<td><span class=\"bold\">Material cincel plano<\/span><\/td>\n<td>metal<\/td>\n<\/tr>\n<\/tbody>\n<\/table>\n<\/div>\n","protected":false},"excerpt":{"rendered":"<ul>\n<li class=\" meta\">Cincel plano para martillos demoledores masivos<\/li>\n<li class=\" meta\">Adecuado para martillos demoledores con soporte hexagonal SDS<\/li>\n<li class=\" meta\">Adecuado para diversos trabajos de demolici\u00f3n.<\/li>\n<li class=\" meta\">Hecho de metal s\u00f3lido<\/li>\n<li class=\" meta\">Dimensiones: 40 x 410 mm<\/li>\n<\/ul>\n","protected":false},"featured_media":10539,"template":"","meta":{"_joinchat":[]},"product_cat":[736],"product_tag":[],"class_list":{"0":"post-9120","1":"product","2":"type-product","3":"status-publish","4":"has-post-thumbnail","6":"product_cat-accesorios-varios","8":"first","9":"instock","10":"taxable","11":"shipping-taxable","12":"product-type-simple"},"_links":{"self":[{"href":"https:\/\/lidertecsa.com.ar\/catalogo\/wp-json\/wp\/v2\/product\/9120"}],"collection":[{"href":"https:\/\/lidertecsa.com.ar\/catalogo\/wp-json\/wp\/v2\/product"}],"about":[{"href":"https:\/\/lidertecsa.com.ar\/catalogo\/wp-json\/wp\/v2\/types\/product"}],"wp:featuredmedia":[{"embeddable":true,"href":"https:\/\/lidertecsa.com.ar\/catalogo\/wp-json\/wp\/v2\/media\/10539"}],"wp:attachment":[{"href":"https:\/\/lidertecsa.com.ar\/catalogo\/wp-json\/wp\/v2\/media?parent=9120"}],"wp:term":[{"taxonomy":"product_cat","embeddable":true,"href":"https:\/\/lidertecsa.com.ar\/catalogo\/wp-json\/wp\/v2\/product_cat?post=9120"},{"taxonomy":"product_tag","embeddable":true,"href":"https:\/\/lidertecsa.com.ar\/catalogo\/wp-json\/wp\/v2\/product_tag?post=9120"}],"curies":[{"name":"wp","href":"https:\/\/api.w.org\/{rel}","templated":true}]}}