{"id":9107,"date":"2024-08-23T14:43:48","date_gmt":"2024-08-23T17:43:48","guid":{"rendered":"https:\/\/lidertecsa.com.ar\/catalogo\/?post_type=product&#038;p=9107"},"modified":"2024-12-13T16:45:36","modified_gmt":"2024-12-13T19:45:36","slug":"set-lijas-para-lima-de-banda","status":"publish","type":"product","link":"https:\/\/lidertecsa.com.ar\/catalogo\/producto\/set-lijas-para-lima-de-banda\/","title":{"rendered":"Set Lijas para Lima de Banda"},"content":{"rendered":"<p><span class=\"heading gamma\"><span>Descripci\u00f3n del art\u00edculo<\/span><\/span><\/p>\n<p><span>El juego de bandas abrasivas original de Einhell es un juego de accesorios de 35 piezas para limas de banda con un brazo abrasivo de 9 mm de ancho y es especialmente adecuado para la lima de banda inal\u00e1mbrica TE-BF 18 Li de Einhell. El juego incluye cinco bandas abrasivas con un tama\u00f1o de grano 40. , 60, 80, 120, 180, 240 y 320 incluidos. Las bandas abrasivas desgastadas se pueden sustituir f\u00e1cilmente por una banda abrasiva del juego de bandas abrasivas de Einhell. Con una nueva banda de lijado, la lima de banda vuelve a funcionar de forma limpia y precisa. Las bandas abrasivas tienen 9 mm de ancho y 457 mm de largo.<\/span><\/p>\n<div class=\"content-item module-headline-paragraph headline paragraph -color-headline-black\">\n<h2 class=\"heading delta\"><span>Datos t\u00e9cnicos<\/span><\/h2>\n<\/div>\n<div class=\"content-item module-table -styling-beta\">\n<table class=\"table__table\">\n<tbody>\n<tr class=\"-show tr-odd\">\n<td><span class=\"bold\"><span>N\u00famero de papel de lija de grano 120<\/span><\/span><\/td>\n<td><span>5 piezas<\/span><\/td>\n<\/tr>\n<tr class=\"-show tr-even\">\n<td><span class=\"bold\"><span>N\u00famero de papel de lija de grano 180<\/span><\/span><\/td>\n<td><span>5 piezas<\/span><\/td>\n<\/tr>\n<tr class=\"-show tr-odd\">\n<td><span class=\"bold\"><span>N\u00famero de papel de lija de grano 240<\/span><\/span><\/td>\n<td><span>5 piezas<\/span><\/td>\n<\/tr>\n<tr class=\"-show tr-even\">\n<td><span class=\"bold\"><span>N\u00famero de papel de lija de grano 320<\/span><\/span><\/td>\n<td><span>5 piezas<\/span><\/td>\n<\/tr>\n<tr class=\"-show tr-odd\">\n<td><span class=\"bold\"><span>N\u00famero de papel de lija de grano 40<\/span><\/span><\/td>\n<td><span>5<\/span><\/td>\n<\/tr>\n<tr class=\"-show tr-even\">\n<td><span class=\"bold\"><span>N\u00famero de papel de lija de grano 60<\/span><\/span><\/td>\n<td><span>5 piezas<\/span><\/td>\n<\/tr>\n<tr class=\"-show tr-odd\">\n<td><span class=\"bold\"><span>N\u00famero de papel de lija de grano 80<\/span><\/span><\/td>\n<td><span>5 piezas<\/span><\/td>\n<\/tr>\n<tr class=\"-show tr-even\">\n<td><span class=\"bold\"><span>Banda ancha de lijado<\/span><\/span><\/td>\n<td><span>9mm<\/span><\/td>\n<\/tr>\n<tr class=\"-show tr-odd\">\n<td><span class=\"bold\"><span>Uso recomendado (material)<\/span><\/span><\/td>\n<td><span>metal\/madera<\/span><\/td>\n<\/tr>\n<tr class=\"-show tr-even\">\n<td><span class=\"bold\"><span>Longitud de la banda de lijado<\/span><\/span><\/td>\n<td><span>457 mm<\/span><\/td>\n<\/tr>\n<\/tbody>\n<\/table>\n<\/div>\n","protected":false},"excerpt":{"rendered":"<ul>\n<li class=\" meta\"><span>Juego de bandas de lija Einhell como accesorio para limas de banda<\/span><\/li>\n<li class=\" meta\"><span>Juego de 35 bandas abrasivas de diferentes granos<\/span><\/li>\n<li class=\" meta\"><span>Adecuado para la lima de cinta inal\u00e1mbrica Einhell TE-BF 18 Li<\/span><\/li>\n<li class=\" meta\"><span>Procesamiento eficiente de madera y metal.<\/span><\/li>\n<li class=\" meta\"><span>Aplicaci\u00f3n vers\u00e1til gracias a diferentes tama\u00f1os de grano<\/span><\/li>\n<li class=\"-marked meta\"><span>Granos de la banda de lijado: 5x de cada grano 40, 60, 80, 120, 180, 240, 320<\/span><\/li>\n<li class=\"-marked meta\"><span>Dimensiones: 9 x 457 mm<\/span><\/li>\n<\/ul>\n","protected":false},"featured_media":9108,"template":"","meta":{"_joinchat":[]},"product_cat":[736],"product_tag":[],"class_list":{"0":"post-9107","1":"product","2":"type-product","3":"status-publish","4":"has-post-thumbnail","6":"product_cat-accesorios-varios","8":"first","9":"instock","10":"taxable","11":"shipping-taxable","12":"product-type-simple"},"_links":{"self":[{"href":"https:\/\/lidertecsa.com.ar\/catalogo\/wp-json\/wp\/v2\/product\/9107"}],"collection":[{"href":"https:\/\/lidertecsa.com.ar\/catalogo\/wp-json\/wp\/v2\/product"}],"about":[{"href":"https:\/\/lidertecsa.com.ar\/catalogo\/wp-json\/wp\/v2\/types\/product"}],"wp:featuredmedia":[{"embeddable":true,"href":"https:\/\/lidertecsa.com.ar\/catalogo\/wp-json\/wp\/v2\/media\/9108"}],"wp:attachment":[{"href":"https:\/\/lidertecsa.com.ar\/catalogo\/wp-json\/wp\/v2\/media?parent=9107"}],"wp:term":[{"taxonomy":"product_cat","embeddable":true,"href":"https:\/\/lidertecsa.com.ar\/catalogo\/wp-json\/wp\/v2\/product_cat?post=9107"},{"taxonomy":"product_tag","embeddable":true,"href":"https:\/\/lidertecsa.com.ar\/catalogo\/wp-json\/wp\/v2\/product_tag?post=9107"}],"curies":[{"name":"wp","href":"https:\/\/api.w.org\/{rel}","templated":true}]}}