{"id":9075,"date":"2024-08-23T11:57:45","date_gmt":"2024-08-23T14:57:45","guid":{"rendered":"https:\/\/lidertecsa.com.ar\/catalogo\/?post_type=product&#038;p=9075"},"modified":"2024-12-13T16:45:33","modified_gmt":"2024-12-13T19:45:33","slug":"juego-discos-diamantados-150-mm","status":"publish","type":"product","link":"https:\/\/lidertecsa.com.ar\/catalogo\/producto\/juego-discos-diamantados-150-mm\/","title":{"rendered":"Juego Discos Diamantados 150 MM"},"content":{"rendered":"<p><span class=\"heading gamma\"><span>Descripci\u00f3n del art\u00edculo<\/span><\/span><\/p>\n<p><span>El juego de discos de corte diamantados originales de Einhell de 150 mm es un pr\u00e1ctico accesorio para rozadores de pared. Los dos discos tronzadores de diamante se utilizan en combinaci\u00f3n con una fresadora de pared para un fresado potente de ranuras y ranuras en mamposter\u00eda. Son especialmente adecuados para fresar piedra, hormig\u00f3n, azulejos, cer\u00e1mica, gres fino, m\u00e1rmol y granito. Gracias a su di\u00e1metro de 22,2 mm, los discos de corte diamantados se pueden utilizar con la rozadora de pared Einhell TE-MA 1700, pero tambi\u00e9n se pueden montar en aparatos de otros fabricantes. La velocidad m\u00e1xima de uso de los discos de corte diamantados de Einhell es de 10.200 revoluciones por minuto. El suministro incluye dos discos tronzadores de diamante de 1,8 mm de grosor y 150 mm de di\u00e1metro.<\/span><\/p>\n<div class=\"content-item module-headline-paragraph headline paragraph -color-headline-black\">\n<h2 class=\"heading delta\"><span>Datos t\u00e9cnicos<\/span><\/h2>\n<\/div>\n<div class=\"content-item module-table -styling-beta\">\n<table class=\"table__table\">\n<tbody>\n<tr class=\"-show tr-odd\">\n<td><span class=\"bold\"><span>N\u00famero de discos de corte incluidos en la entrega<\/span><\/span><\/td>\n<td><span>2 piezas<\/span><\/td>\n<\/tr>\n<tr class=\"-show tr-even\">\n<td><span class=\"bold\"><span>Disco de corte grueso<\/span><\/span><\/td>\n<td><span>1,8 mm<\/span><\/td>\n<\/tr>\n<tr class=\"-show tr-odd\">\n<td><span class=\"bold\"><span>Di\u00e1metro del disco de corte<\/span><\/span><\/td>\n<td><span>150mm<\/span><\/td>\n<\/tr>\n<tr class=\"-show tr-even\">\n<td><span class=\"bold\"><span>Di\u00e1metro del soporte del disco de corte<\/span><\/span><\/td>\n<td><span>22,2 mm<\/span><\/td>\n<\/tr>\n<tr class=\"-show tr-odd\">\n<td><span class=\"bold\"><span>Tipo de uso de material<\/span><\/span><\/td>\n<td><span>Piedra, hormig\u00f3n, azulejos, cer\u00e1mica, granito.<\/span><\/td>\n<\/tr>\n<\/tbody>\n<\/table>\n<\/div>\n","protected":false},"excerpt":{"rendered":"<ul>\n<li class=\" meta\"><span>Juego de discos de corte diamantados Einhell como accesorio para rozadores de pared<\/span><\/li>\n<li class=\" meta\"><span>Discos de corte de alta calidad para uso continuo en material robusto<\/span><\/li>\n<li class=\" meta\"><span>Para fresar ranuras y ranuras en mamposter\u00eda<\/span><\/li>\n<li class=\" meta\"><span>Por ej. Por ejemplo, piedra, hormig\u00f3n, azulejos, cer\u00e1mica, m\u00e1rmol, granito.<\/span><\/li>\n<li class=\" meta\"><span>Di\u00e1metro: 150 mm<\/span><\/li>\n<li class=\"-marked meta\"><span>Di\u00e1metro: 22,2 mm<\/span><\/li>\n<li class=\"-marked meta\"><span>Grosor: 1,8 mm<\/span><\/li>\n<\/ul>\n","protected":false},"featured_media":9076,"template":"","meta":{"_joinchat":[]},"product_cat":[736],"product_tag":[],"class_list":{"0":"post-9075","1":"product","2":"type-product","3":"status-publish","4":"has-post-thumbnail","6":"product_cat-accesorios-varios","8":"first","9":"instock","10":"taxable","11":"shipping-taxable","12":"product-type-simple"},"_links":{"self":[{"href":"https:\/\/lidertecsa.com.ar\/catalogo\/wp-json\/wp\/v2\/product\/9075"}],"collection":[{"href":"https:\/\/lidertecsa.com.ar\/catalogo\/wp-json\/wp\/v2\/product"}],"about":[{"href":"https:\/\/lidertecsa.com.ar\/catalogo\/wp-json\/wp\/v2\/types\/product"}],"wp:featuredmedia":[{"embeddable":true,"href":"https:\/\/lidertecsa.com.ar\/catalogo\/wp-json\/wp\/v2\/media\/9076"}],"wp:attachment":[{"href":"https:\/\/lidertecsa.com.ar\/catalogo\/wp-json\/wp\/v2\/media?parent=9075"}],"wp:term":[{"taxonomy":"product_cat","embeddable":true,"href":"https:\/\/lidertecsa.com.ar\/catalogo\/wp-json\/wp\/v2\/product_cat?post=9075"},{"taxonomy":"product_tag","embeddable":true,"href":"https:\/\/lidertecsa.com.ar\/catalogo\/wp-json\/wp\/v2\/product_tag?post=9075"}],"curies":[{"name":"wp","href":"https:\/\/api.w.org\/{rel}","templated":true}]}}