{"id":9038,"date":"2024-08-19T13:23:43","date_gmt":"2024-08-19T16:23:43","guid":{"rendered":"https:\/\/lidertecsa.com.ar\/catalogo\/?post_type=product&#038;p=9038"},"modified":"2024-12-13T16:45:32","modified_gmt":"2024-12-13T19:45:32","slug":"kit-movil-para-tambores-de-aceite-de-200-lts","status":"publish","type":"product","link":"https:\/\/lidertecsa.com.ar\/catalogo\/producto\/kit-movil-para-tambores-de-aceite-de-200-lts\/","title":{"rendered":"Kit Movil para Tambores de Aceite de 200 Lts"},"content":{"rendered":"<p>Nuestro KIT M\u00f3vil optimiza el movimiento de tambores de 200 kg y conjugado con un sistema de bombeo neum\u00e1tico permite el aprovisionamiento de distintos fluidos.<\/p>\n<p>Equipo indispensable para talleres mec\u00e1nicos, industrias, estaciones de servicio.<\/p>\n<p>Su dise\u00f1o permite trabajar en conjunto con nuestro carro para movimiento de tambores. El mismo se utiliza para manipular el tambor y cargarlo utilizando solo una persona para el proceso.<\/p>\n<p><strong>KIT est\u00e1ndar<\/strong><\/p>\n<ul>\n<li>Cabezal neum\u00e1tico (Engrasador Neum\u00e1tico de Caudal cont\u00ednuo\/Bomba neum\u00e1tica para Aceite)<\/li>\n<li>Enrollador Carenado<\/li>\n<li>Pistola<\/li>\n<\/ul>\n","protected":false},"excerpt":{"rendered":"<p>KIT M\u00f3vil optimiza el movimiento de tambores de 200 kg y, conjugado con un sistema de bombeo neum\u00e1tico permite el aprovisionamiento de distintos fluidos.<br \/>\nCod: 01-0432 se provee con cabezal para aceite con manguera, pistola con caudal\u00edmetro y enrollador carenado.<br \/>\nCod: 01-0432A se provee con cabezal para aceite con manguera, pistola con antigoteo y enrollador carenado.<\/p>\n","protected":false},"featured_media":5471,"template":"","meta":{"_joinchat":[]},"product_cat":[1038],"product_tag":[1040],"class_list":{"0":"post-9038","1":"product","2":"type-product","3":"status-publish","4":"has-post-thumbnail","6":"product_cat-equipamiento-para-taller","7":"product_tag-carro-para-tambores","9":"first","10":"instock","11":"taxable","12":"shipping-taxable","13":"product-type-variable"},"_links":{"self":[{"href":"https:\/\/lidertecsa.com.ar\/catalogo\/wp-json\/wp\/v2\/product\/9038"}],"collection":[{"href":"https:\/\/lidertecsa.com.ar\/catalogo\/wp-json\/wp\/v2\/product"}],"about":[{"href":"https:\/\/lidertecsa.com.ar\/catalogo\/wp-json\/wp\/v2\/types\/product"}],"wp:featuredmedia":[{"embeddable":true,"href":"https:\/\/lidertecsa.com.ar\/catalogo\/wp-json\/wp\/v2\/media\/5471"}],"wp:attachment":[{"href":"https:\/\/lidertecsa.com.ar\/catalogo\/wp-json\/wp\/v2\/media?parent=9038"}],"wp:term":[{"taxonomy":"product_cat","embeddable":true,"href":"https:\/\/lidertecsa.com.ar\/catalogo\/wp-json\/wp\/v2\/product_cat?post=9038"},{"taxonomy":"product_tag","embeddable":true,"href":"https:\/\/lidertecsa.com.ar\/catalogo\/wp-json\/wp\/v2\/product_tag?post=9038"}],"curies":[{"name":"wp","href":"https:\/\/api.w.org\/{rel}","templated":true}]}}