{"id":896,"date":"2023-06-20T17:53:21","date_gmt":"2023-06-20T20:53:21","guid":{"rendered":"https:\/\/lidertecsa.com.ar\/catalogo\/?post_type=product&#038;p=896"},"modified":"2024-12-13T16:31:17","modified_gmt":"2024-12-13T19:31:17","slug":"bordeadora-electrica-gc-et-4530-set","status":"publish","type":"product","link":"https:\/\/lidertecsa.com.ar\/catalogo\/producto\/bordeadora-electrica-gc-et-4530-set\/","title":{"rendered":"Bordeadora el\u00e9ctrica GC-ET 4530 SET"},"content":{"rendered":"<p>La podadora de c\u00e9sped el\u00e9ctrica GC-ET 4530 es una herramienta pr\u00e1ctica y muy potente que le ayuda a producir un jard\u00edn inmaculado mediante el recorte sin esfuerzo en las \u00e1reas de dif\u00edcil acceso del jard\u00edn. Esta herramienta es muy vers\u00e1til gracias a su cabezal motorizado que se puede girar 180 \u00b0 e inclinarse en cuatro posiciones diferentes para un corte f\u00e1cil de usar a lo largo de superficies verticales. El GC-ET 4530 tiene un motor el\u00e9ctrico robusto. El manejo f\u00e1cil con las dos manos y el ajuste exacto para usuarios de todos los tama\u00f1os son posibles con el mango largo telesc\u00f3pico de aluminio infinitamente ajustable con mango adicional ajustable, lo que permite un funcionamiento incansable. La carcasa y el mango adicional est\u00e1n hechos de pl\u00e1stico de alta calidad resistente a los impactos. Para un corte perfecto y c\u00f3modo de los bordes, la recortadora tiene un pr\u00e1ctico rodillo de bordes para guiar todo tipo de bordes. Gracias al sistema de alimentaci\u00f3n de hilo totalmente autom\u00e1tico, el hilo doble es c\u00f3modo de ajustar y produce un corte muy limpio. Un pr\u00e1ctico protector de flores garantiza la distancia de seguridad adecuada de las flores preciadas y ayuda a preservar el buen aspecto de su jard\u00edn. Un protector contra tirones protege el cable de alimentaci\u00f3n de la podadora de c\u00e9sped contra el desgaste y los da\u00f1os, mientras que la cubierta protectora adicional protege al usuario de peque\u00f1os objetos que se arrojan hacia arriba, como piedras o astillas. Completo con 3 carretes de hilo para un pr\u00e1ctico juego de cortadora de c\u00e9sped. mientras que la caperuza de protecci\u00f3n adicional protege al usuario de peque\u00f1os objetos que se lanzan hacia arriba como piedras o astillas. Completo con 3 carretes de hilo para un pr\u00e1ctico juego de cortadora de c\u00e9sped. mientras que la caperuza de protecci\u00f3n adicional protege al usuario de peque\u00f1os objetos que se lanzan hacia arriba como piedras o astillas. Completo con 3 carretes de hilo para un pr\u00e1ctico juego de cortadora de c\u00e9sped.<\/p>\n<table width=\"402\">\n<tbody>\n<tr>\n<td colspan=\"2\" width=\"402\">T\u00e9cnico<\/td>\n<\/tr>\n<tr>\n<td width=\"256\">Suministro de red<\/td>\n<td width=\"146\">230 V |\u00a050 Hz<\/td>\n<\/tr>\n<tr>\n<td width=\"256\">Poder<\/td>\n<td width=\"146\">450 W<\/td>\n<\/tr>\n<tr>\n<td width=\"256\">Revoluciones de carrete de hilo<\/td>\n<td width=\"146\">8000 rpm<\/td>\n<\/tr>\n<tr>\n<td width=\"256\">Ancho de corte<\/td>\n<td width=\"146\">300 mil\u00edmetros<\/td>\n<\/tr>\n<tr>\n<td width=\"256\">Diametro de hilo<\/td>\n<td width=\"146\">1,4 mil\u00edmetros<\/td>\n<\/tr>\n<tr>\n<td width=\"256\">Longitud de la rosca<\/td>\n<td width=\"146\">10 M<\/td>\n<\/tr>\n<\/tbody>\n<\/table>\n","protected":false},"excerpt":{"rendered":"<ul>\n<li>Motor el\u00e9ctrico robusto<\/li>\n<li>Manejo con dos manos f\u00e1cil de usar gracias al complemento ajustable. encargarse de<\/li>\n<li>Corte de doble l\u00ednea<\/li>\n<li>El cabezal del motor se puede girar 180 \u00b0 para facilitar el corte<\/li>\n<li>La cabeza del motor se puede inclinar a 4 posiciones<\/li>\n<li>Mango largo de aluminio, infinitamente ajustable<\/li>\n<li>Alimentaci\u00f3n de l\u00ednea completamente autom\u00e1tica<\/li>\n<li>Carcasa y asa de pl\u00e1stico de alta graduaci\u00f3n resistente a los impactos<\/li>\n<li>Rodillo de borde para un corte de bordes perfecto y c\u00f3modo<\/li>\n<li>Guardia de flores<\/li>\n<li>Alivio de tensi\u00f3n de cable<\/li>\n<li>Capucha de guardia<\/li>\n<li>Completo con 3 carretes de hilo<\/li>\n<\/ul>\n","protected":false},"featured_media":898,"template":"","meta":{"_joinchat":[]},"product_cat":[181],"product_tag":[268],"class_list":{"0":"post-896","1":"product","2":"type-product","3":"status-publish","4":"has-post-thumbnail","6":"product_cat-herramientas-electricas","7":"product_tag-bordeadora-electrica","9":"first","10":"instock","11":"product-type-simple"},"_links":{"self":[{"href":"https:\/\/lidertecsa.com.ar\/catalogo\/wp-json\/wp\/v2\/product\/896"}],"collection":[{"href":"https:\/\/lidertecsa.com.ar\/catalogo\/wp-json\/wp\/v2\/product"}],"about":[{"href":"https:\/\/lidertecsa.com.ar\/catalogo\/wp-json\/wp\/v2\/types\/product"}],"wp:featuredmedia":[{"embeddable":true,"href":"https:\/\/lidertecsa.com.ar\/catalogo\/wp-json\/wp\/v2\/media\/898"}],"wp:attachment":[{"href":"https:\/\/lidertecsa.com.ar\/catalogo\/wp-json\/wp\/v2\/media?parent=896"}],"wp:term":[{"taxonomy":"product_cat","embeddable":true,"href":"https:\/\/lidertecsa.com.ar\/catalogo\/wp-json\/wp\/v2\/product_cat?post=896"},{"taxonomy":"product_tag","embeddable":true,"href":"https:\/\/lidertecsa.com.ar\/catalogo\/wp-json\/wp\/v2\/product_tag?post=896"}],"curies":[{"name":"wp","href":"https:\/\/api.w.org\/{rel}","templated":true}]}}