{"id":892,"date":"2023-06-20T17:46:44","date_gmt":"2023-06-20T20:46:44","guid":{"rendered":"https:\/\/lidertecsa.com.ar\/catalogo\/?post_type=product&#038;p=892"},"modified":"2024-12-13T16:31:16","modified_gmt":"2024-12-13T19:31:16","slug":"cortadora-de-cesped-electrica-ge-em-1233","status":"publish","type":"product","link":"https:\/\/lidertecsa.com.ar\/catalogo\/producto\/cortadora-de-cesped-electrica-ge-em-1233\/","title":{"rendered":"Cortadora de C\u00e9sped El\u00e9ctrica GE-EM 1233"},"content":{"rendered":"<div id=\"label-product_info_description\" class=\"data item content\" data-role=\"content\">\n<div class=\"product attribute description\">\n<div class=\"value\"><\/div>\n<div>\n<p>La cortadora de c\u00e9sped el\u00e9ctrica BG-EM 1233 es una manejable herramienta de alto rendimiento y calidad, que se adapta perfectamente a las exigencias de superficies de c\u00e9sped m\u00e1s peque\u00f1as. Con un alto par de giro, su resistente motor es capaz de atravesar con fuerza incluso la vegetaci\u00f3n m\u00e1s densa. Gracias a su ajuste centralizado de la altura de corte con cinco posiciones, es posible seleccionar la altura correcta de forma sencilla e individual.<\/p>\n<p>Su asa con barra plegable con funci\u00f3n de tensado r\u00e1pido permite guardar la m\u00e1quina ocupando menos espacio. La RG-EM 1233 est\u00e1 equipada con una pr\u00e1ctica asa para un transporte sencillo. El cable de alimentaci\u00f3n est\u00e1 protegido del desgaste por un clip que alivia la tensi\u00f3n. Sus anchas ruedas protegen el c\u00e9sped y facilitan el trabajo en terrenos d\u00edficiles.<\/p>\n<p>El dep\u00f3sito de recogida de hierba con una capacidad de aprox. 30 litros ofrece espacio suficiente para trabajos prolongados y dispone un indicador del estado de llenado. Su s\u00f3lida carcasa de larga vida \u00fatil ha sido fabricada en un pl\u00e1stico de alta calidad resistente a los impactos. La RG-EM 1233 est\u00e1 recomendada para cortar superficies de hasta 300 m\u00b2.<\/p>\n<table width=\"543\">\n<tbody>\n<tr>\n<td colspan=\"2\" width=\"543\">T\u00e9cnico<\/td>\n<\/tr>\n<tr>\n<td width=\"259\">Suministro de red<\/td>\n<td width=\"284\">230 V |\u00a050 Hz<\/td>\n<\/tr>\n<tr>\n<td width=\"259\">Poder<\/td>\n<td width=\"284\">1250 W<\/td>\n<\/tr>\n<tr>\n<td width=\"259\">Ralent\u00ed<\/td>\n<td width=\"284\">3300 min ^ -1<\/td>\n<\/tr>\n<tr>\n<td width=\"259\">Ancho de corte<\/td>\n<td width=\"284\">33 cm<\/td>\n<\/tr>\n<tr>\n<td width=\"259\">Ajuste de altura de corte<\/td>\n<td width=\"284\">5 configuraciones |\u00a020-60 mm |\u00a0central<\/td>\n<\/tr>\n<tr>\n<td width=\"259\">Capacidad de la caja de captura<\/td>\n<td width=\"284\">30 litros<\/td>\n<\/tr>\n<tr>\n<td width=\"259\">Di\u00e1metro de la rueda delantera<\/td>\n<td width=\"284\">135 mm<\/td>\n<\/tr>\n<tr>\n<td width=\"259\">Di\u00e1metro de la rueda trasera<\/td>\n<td width=\"284\">135 mm<\/td>\n<\/tr>\n<\/tbody>\n<\/table>\n<p>&nbsp;<\/p>\n<\/div>\n<\/div>\n<\/div>\n<div><\/div>\n","protected":false},"excerpt":{"rendered":"<ul>\n<li>Potente motor el\u00e9ctrico con un par de giro elevado<\/li>\n<li>Ajuste centralizado de la altura de corte con 5 posiciones<\/li>\n<li>Asa con barra plegable de accionamiento r\u00e1pido<\/li>\n<li>Asa de transporte integrada para un transporte sencillo<\/li>\n<li>Clip para aliviar la tensi\u00f3n del cable<\/li>\n<li>Ruedas m\u00e1s anchas para proteger el c\u00e9sped<\/li>\n<li>Dep\u00f3sito de recogida de hierba con indicador de nivel<\/li>\n<li>Carcasa de pl\u00e1stico de alta calidad resistente a los impactos<\/li>\n<li>Recomendada para una superficie de c\u00e9sped de hasta 300 m\u00b2<\/li>\n<\/ul>\n","protected":false},"featured_media":893,"template":"","meta":{"_joinchat":[]},"product_cat":[181],"product_tag":[267],"class_list":{"0":"post-892","1":"product","2":"type-product","3":"status-publish","4":"has-post-thumbnail","6":"product_cat-herramientas-electricas","7":"product_tag-cortadora-de-cesped-electrica","9":"first","10":"instock","11":"product-type-simple"},"_links":{"self":[{"href":"https:\/\/lidertecsa.com.ar\/catalogo\/wp-json\/wp\/v2\/product\/892"}],"collection":[{"href":"https:\/\/lidertecsa.com.ar\/catalogo\/wp-json\/wp\/v2\/product"}],"about":[{"href":"https:\/\/lidertecsa.com.ar\/catalogo\/wp-json\/wp\/v2\/types\/product"}],"wp:featuredmedia":[{"embeddable":true,"href":"https:\/\/lidertecsa.com.ar\/catalogo\/wp-json\/wp\/v2\/media\/893"}],"wp:attachment":[{"href":"https:\/\/lidertecsa.com.ar\/catalogo\/wp-json\/wp\/v2\/media?parent=892"}],"wp:term":[{"taxonomy":"product_cat","embeddable":true,"href":"https:\/\/lidertecsa.com.ar\/catalogo\/wp-json\/wp\/v2\/product_cat?post=892"},{"taxonomy":"product_tag","embeddable":true,"href":"https:\/\/lidertecsa.com.ar\/catalogo\/wp-json\/wp\/v2\/product_tag?post=892"}],"curies":[{"name":"wp","href":"https:\/\/api.w.org\/{rel}","templated":true}]}}