{"id":866,"date":"2023-06-20T17:04:41","date_gmt":"2023-06-20T20:04:41","guid":{"rendered":"https:\/\/lidertecsa.com.ar\/catalogo\/?post_type=product&#038;p=866"},"modified":"2024-12-13T16:31:13","modified_gmt":"2024-12-13T19:31:13","slug":"soplador-inalambrico-ge-cl-36-230-li-e-solo","status":"publish","type":"product","link":"https:\/\/lidertecsa.com.ar\/catalogo\/producto\/soplador-inalambrico-ge-cl-36-230-li-e-solo\/","title":{"rendered":"Soplador Inal\u00e1mbrico GE-CL 36\/230 Li E-Solo"},"content":{"rendered":"<p>El soplador de hojas GE-CL 36\/230 Li E-Solo de Einhell es un soplador de hojas pr\u00e1ctico y potente para su uso ilimitado en el jard\u00edn y el patio. Este pr\u00e1ctico soplador de hojas se puede utilizar donde sea necesario. Se puede cambiar de la funci\u00f3n de aspirado a soplado de forma c\u00f3moda y sin herramientas. Un asidero adicional regulable aporta una sujeci\u00f3n \u00f3ptima durante el trabajo. Mediante la regulaci\u00f3n electr\u00f3nica del n\u00famero de revoluciones se puede regular la intensidad deseada de la funci\u00f3n de aspirado y soplado. La bolsa colectora con mirilla permite controlar el nivel de llenado de un vistazo. Adem\u00e1s, el soplador de hojas sin cable de Einhell tiene una c\u00f3moda correa de transporte que distribuye el peso sobre el cuerpo, evitando as\u00ed la fatiga durante el trabajo. Gracias a las ruedas grandes, el soplador inal\u00e1mbrico se puede dejar en el suelo y empujar cuando se trabaja, aliviando a\u00fan m\u00e1s al jardinero aficionado. El env\u00edo no incluye bater\u00eda ni cargador.<\/p>\n<table width=\"515\">\n<tbody>\n<tr>\n<td colspan=\"2\" width=\"515\">T\u00e9cnico<\/td>\n<\/tr>\n<tr>\n<td width=\"274\">Ralent\u00ed<\/td>\n<td width=\"241\">8000 min ^ -1 \u2013 14000 min ^ -1<\/td>\n<\/tr>\n<tr>\n<td width=\"274\">Velocidad del aire<\/td>\n<td width=\"241\">230 kil\u00f3metros por hora<\/td>\n<\/tr>\n<tr>\n<td width=\"274\">Max.\u00a0potencia de succi\u00f3n<\/td>\n<td width=\"241\">700 m\u00b3 \/ h<\/td>\n<\/tr>\n<tr>\n<td width=\"274\">Funci\u00f3n de trituraci\u00f3n<\/td>\n<td width=\"241\">10:01<\/td>\n<\/tr>\n<tr>\n<td width=\"274\">Capacidad de la bolsa de captura<\/td>\n<td width=\"241\">45 litros<\/td>\n<\/tr>\n<\/tbody>\n<\/table>\n","protected":false},"excerpt":{"rendered":"<ul>\n<li>Miembro de la familia Power X-Change, se necesitan 2 bater\u00edas de 18 V<\/li>\n<li>Incl.\u00a0un tubo de succi\u00f3n ancho y un tubo de soplado estrecho<\/li>\n<li>Cambio sin herramientas entre la funci\u00f3n de aspiraci\u00f3n y soplado<\/li>\n<li>Interruptor turbo: para un volumen de soplado m\u00e1ximo<\/li>\n<li>Control de velocidad electr\u00f3nico<\/li>\n<li>Mango principal ergon\u00f3mico con empu\u00f1adura suave y funci\u00f3n antivibraci\u00f3n<\/li>\n<li>Abertura de limpieza con interruptor de seguridad<\/li>\n<li>Asa adicional ajustable<\/li>\n<li>2 rodillos gu\u00eda regulables en altura<\/li>\n<li>Bolsa de residuos de 45 l con ventana para inspecci\u00f3n de nivel<\/li>\n<li>Correa de transporte ajustable<\/li>\n<li>Se suministra sin bater\u00eda ni cargador (disponible por separado)<\/li>\n<\/ul>\n","protected":false},"featured_media":871,"template":"","meta":{"_joinchat":[]},"product_cat":[50],"product_tag":[255],"class_list":{"0":"post-866","1":"product","2":"type-product","3":"status-publish","4":"has-post-thumbnail","6":"product_cat-herramientas-a-bateria","7":"product_tag-soplador","9":"first","10":"instock","11":"product-type-simple"},"_links":{"self":[{"href":"https:\/\/lidertecsa.com.ar\/catalogo\/wp-json\/wp\/v2\/product\/866"}],"collection":[{"href":"https:\/\/lidertecsa.com.ar\/catalogo\/wp-json\/wp\/v2\/product"}],"about":[{"href":"https:\/\/lidertecsa.com.ar\/catalogo\/wp-json\/wp\/v2\/types\/product"}],"wp:featuredmedia":[{"embeddable":true,"href":"https:\/\/lidertecsa.com.ar\/catalogo\/wp-json\/wp\/v2\/media\/871"}],"wp:attachment":[{"href":"https:\/\/lidertecsa.com.ar\/catalogo\/wp-json\/wp\/v2\/media?parent=866"}],"wp:term":[{"taxonomy":"product_cat","embeddable":true,"href":"https:\/\/lidertecsa.com.ar\/catalogo\/wp-json\/wp\/v2\/product_cat?post=866"},{"taxonomy":"product_tag","embeddable":true,"href":"https:\/\/lidertecsa.com.ar\/catalogo\/wp-json\/wp\/v2\/product_tag?post=866"}],"curies":[{"name":"wp","href":"https:\/\/api.w.org\/{rel}","templated":true}]}}