{"id":864,"date":"2023-06-20T17:00:08","date_gmt":"2023-06-20T20:00:08","guid":{"rendered":"https:\/\/lidertecsa.com.ar\/catalogo\/?post_type=product&#038;p=864"},"modified":"2024-12-13T16:31:13","modified_gmt":"2024-12-13T19:31:13","slug":"soplador-inalambrico-gp-lb-36-210-li-e-solo","status":"publish","type":"product","link":"https:\/\/lidertecsa.com.ar\/catalogo\/producto\/soplador-inalambrico-gp-lb-36-210-li-e-solo\/","title":{"rendered":"Soplador Inal\u00e1mbrico GP-LB 36\/210 Li E-Solo"},"content":{"rendered":"<p>El soplador de hojas Einhell GP-LB 36\/210 twin 18v es una herramienta potente y fiable para usar en el jard\u00edn o fuera de casa.\u00a0El soplador de hojas es liviano y f\u00e1cil de manejar, lo que lo convierte en una herramienta conveniente para limpiar r\u00e1pidamente hojas y desechos de caminos y patios.\u00a0El control electr\u00f3nico de velocidad permite un ajuste preciso de la potencia de soplado para cumplir con todos los requisitos y un interruptor turbo proporciona la m\u00e1xima potencia de soplado en \u00e1reas de uso intensivo.\u00a0El mango equilibrado con agarre suave garantiza un manejo agradable y seguro y la longitud del tubo se puede ajustar en tres etapas para adaptarse a usuarios de diferentes alturas.<\/p>\n<p>El soplador de hojas inal\u00e1mbrico funciona con el motor sin escobillas PurePOWER de Einhell, que ofrece m\u00e1s potencia y un mayor tiempo de funcionamiento que los motores con escobillas de carb\u00f3n convencionales y viene con una garant\u00eda de 10 a\u00f1os despu\u00e9s del registro en l\u00ednea.\u00a0El tubo desmontable del soplador de hojas y el soporte de pared integrado facilitan el almacenamiento y ahorran espacio.\u00a0La correa para el hombro incluida con almohadilla para el hombro lo hace c\u00f3modo y reduce la tensi\u00f3n del usuario.<\/p>\n<ul>\n<li>Velocidad del aire: 210 Km\/h<\/li>\n<li>Potencia m\u00e1xima de soplado: 816 m\u00b3\/h<\/li>\n<li>Tipo de motor: Sin escobillas<\/li>\n<li>Voltaje del motor: 36 v<\/li>\n<li>Peso del producto: 2,38 kg.<\/li>\n<li>Nivel de potencia de sonido (volumen): 94 dB (A)<\/li>\n<\/ul>\n","protected":false},"excerpt":{"rendered":"<ul>\n<li>Miembro de la familia Power X-Change, se requieren 2 bater\u00edas de 18 V<\/li>\n<li>Motor sin escobillas: m\u00e1s potencia y m\u00e1s tiempo de funcionamiento<\/li>\n<li>Interruptor turbo: para un volumen de soplado m\u00e1ximo de 816 m\u00b3\/h<\/li>\n<li>Tubo ajustable y extra\u00edble (3 pasos)<\/li>\n<li>Control electr\u00f3nico de velocidad<\/li>\n<li>Manija de equilibrio con agarre suave para una operaci\u00f3n ergon\u00f3mica<\/li>\n<li>C\u00f3moda correa de transporte<\/li>\n<li>Anillo de metal robusto para una larga vida \u00fatil<\/li>\n<li>Soporte de pared integrado para un f\u00e1cil almacenamiento<\/li>\n<\/ul>\n","protected":false},"featured_media":865,"template":"","meta":{"_joinchat":[]},"product_cat":[50],"product_tag":[255],"class_list":{"0":"post-864","1":"product","2":"type-product","3":"status-publish","4":"has-post-thumbnail","6":"product_cat-herramientas-a-bateria","7":"product_tag-soplador","9":"first","10":"instock","11":"product-type-simple"},"_links":{"self":[{"href":"https:\/\/lidertecsa.com.ar\/catalogo\/wp-json\/wp\/v2\/product\/864"}],"collection":[{"href":"https:\/\/lidertecsa.com.ar\/catalogo\/wp-json\/wp\/v2\/product"}],"about":[{"href":"https:\/\/lidertecsa.com.ar\/catalogo\/wp-json\/wp\/v2\/types\/product"}],"wp:featuredmedia":[{"embeddable":true,"href":"https:\/\/lidertecsa.com.ar\/catalogo\/wp-json\/wp\/v2\/media\/865"}],"wp:attachment":[{"href":"https:\/\/lidertecsa.com.ar\/catalogo\/wp-json\/wp\/v2\/media?parent=864"}],"wp:term":[{"taxonomy":"product_cat","embeddable":true,"href":"https:\/\/lidertecsa.com.ar\/catalogo\/wp-json\/wp\/v2\/product_cat?post=864"},{"taxonomy":"product_tag","embeddable":true,"href":"https:\/\/lidertecsa.com.ar\/catalogo\/wp-json\/wp\/v2\/product_tag?post=864"}],"curies":[{"name":"wp","href":"https:\/\/api.w.org\/{rel}","templated":true}]}}