{"id":862,"date":"2023-06-20T16:56:51","date_gmt":"2023-06-20T19:56:51","guid":{"rendered":"https:\/\/lidertecsa.com.ar\/catalogo\/?post_type=product&#038;p=862"},"modified":"2024-12-13T16:31:13","modified_gmt":"2024-12-13T19:31:13","slug":"soplador-de-hojas-inalambrico-gp-lb-18-200-li-e-solo","status":"publish","type":"product","link":"https:\/\/lidertecsa.com.ar\/catalogo\/producto\/soplador-de-hojas-inalambrico-gp-lb-18-200-li-e-solo\/","title":{"rendered":"Soplador de hojas inalambrico GP-LB 18\/200 Li E-Solo"},"content":{"rendered":"<div id=\"description\" class=\"section-row -padded-wide--mod-top-only -in-viewport\" data-anchornav=\"Descripcion del articulo\">\n<div class=\"col-wrapper -max-width-limited\">\n<div class=\"content-item module-description\">\n<div class=\"description-wrapper\">\n<div class=\"col-two\">\n<div class=\"description__content\">\n<p>El soplador de hojas con bater\u00eda GP-LB 18\/200 Li E-Solo de Einhell es un ayudante acreditado en torno a la casa, ante todo durante la gran limpieza de primavera y oto\u00f1o. Como miembro de la familia Power X-Change, todas las bater\u00edas de la serie del sistema se pueden combinar con el soplador de hojas. Para el funcionamiento se necesita una bater\u00eda de 18V; el env\u00edo se realiza sin bater\u00eda ni cargador, estos son adquiribles por separado, por ejemplo, como un pr\u00e1ctico set para principiantes. Para un rendimiento \u00f3ptimo se recomienda una bater\u00eda PXC de 3.0 Ah o superior. El soplador de hojas con bater\u00eda es considerablemente m\u00e1s silencioso respecto al pariente con motor de gasolina y m\u00e1s f\u00e1cil de manejar por el menor peso. El asa de equilibrado con agarre suave permite un trabajo ergon\u00f3mico para una manipulaci\u00f3n especialmente c\u00f3moda. El soplador de hojas con bater\u00eda se acciona por el motor sin escobillas potente y de bajo desgaste, que dispone de m\u00e1s potencia y un mayor tiempo de funcionamiento que motores con escobillas de carbono convencionales. La tecnolog\u00eda de ventilador axial ofrece un rendimiento \u00f3ptimo y se activa la m\u00e1xima potencia de soplado por el interruptor turbo. El robusto anillo met\u00e1lico en el extremo de tubo sirve como protecci\u00f3n a choques y garantiza una larga vida \u00fatil del tubo de soplado. La regulaci\u00f3n de velocidad de giro electr\u00f3nica est\u00e1 equipada con un pr\u00e1ctico indicador LED multietapa. El tubo de soplado desmontable puede montarse sin herramientas. Para la conservaci\u00f3n sencilla, ahorrando espacio, el soplador de hojas con bater\u00eda dispone de un soporte de pared integrado.<\/p>\n<\/div>\n<\/div>\n<\/div>\n<\/div>\n<\/div>\n<\/div>\n<div id=\"technical-details\" class=\"section-row -padded-wide--mod-top-only\" data-anchornav=\"Detalles t\u00e9cnicos\">\n<div class=\"col-wrapper -max-width-limited -decrease-width\">\n<div class=\"col\">\n<div class=\"content-item module-headline-paragraph headline paragraph -color-headline-black\"><\/div>\n<\/div>\n<\/div>\n<\/div>\n<table width=\"355\">\n<tbody>\n<tr>\n<td colspan=\"2\" width=\"355\">T\u00e9cnico<\/td>\n<\/tr>\n<tr>\n<td width=\"171\">\n<table class=\"table__table\" width=\"348\">\n<tbody>\n<tr class=\"-show tr-odd\">\n<td><span class=\"bold\">Velocidad de soplado<\/span><\/td>\n<td>200 km\/h<\/td>\n<\/tr>\n<tr class=\"-show tr-even\">\n<td><span class=\"bold\">Volumen m\u00e1x. de aire<\/span><\/td>\n<td>670 m\u00b3\/hora<\/td>\n<\/tr>\n<\/tbody>\n<\/table>\n<\/td>\n<\/tr>\n<\/tbody>\n<\/table>\n","protected":false},"excerpt":{"rendered":"<ul>\n<li class=\" meta\">Miembro de la familia Power X-Change, necesita 1 bater\u00eda de 18V<\/li>\n<li class=\" meta\">Motor sin escobillas \u2013 m\u00e1s potencia y mayor tiempo de funcionamiento<\/li>\n<li class=\" meta\">Regulaci\u00f3n de velocidad de giro electr\u00f3nica con pr\u00e1ctico indicador LED<\/li>\n<li class=\" meta\">Inclusive interruptor turbo \u2013 para m\u00e1xima potencia de soplado<\/li>\n<li class=\" meta\">Tecnolog\u00eda de ventilador axial \u2013 resultados \u00f3ptimos<\/li>\n<li class=\"meta\">Tubo de soplado montable\/desmontable sin herramientas<\/li>\n<li class=\"meta\">Asidero de equilibrado con agarre suave para trabajos ergon\u00f3micos<\/li>\n<li class=\"meta\">Soporte de pared integrado para conservaci\u00f3n sencilla<\/li>\n<li class=\"meta\">Robusto anillo met\u00e1lico en el extremo de tubo garantiza larga vida \u00fatil<\/li>\n<li class=\"meta\">Recomendaci\u00f3n para resultados \u00f3ptimos: Bater\u00eda de 3,0 Ah y superior<\/li>\n<li class=\"meta\">Env\u00edo sin bater\u00eda ni cargador (adquiribles por separado)<\/li>\n<\/ul>\n","protected":false},"featured_media":863,"template":"","meta":{"_joinchat":[]},"product_cat":[50],"product_tag":[255],"class_list":{"0":"post-862","1":"product","2":"type-product","3":"status-publish","4":"has-post-thumbnail","6":"product_cat-herramientas-a-bateria","7":"product_tag-soplador","9":"first","10":"instock","11":"product-type-simple"},"_links":{"self":[{"href":"https:\/\/lidertecsa.com.ar\/catalogo\/wp-json\/wp\/v2\/product\/862"}],"collection":[{"href":"https:\/\/lidertecsa.com.ar\/catalogo\/wp-json\/wp\/v2\/product"}],"about":[{"href":"https:\/\/lidertecsa.com.ar\/catalogo\/wp-json\/wp\/v2\/types\/product"}],"wp:featuredmedia":[{"embeddable":true,"href":"https:\/\/lidertecsa.com.ar\/catalogo\/wp-json\/wp\/v2\/media\/863"}],"wp:attachment":[{"href":"https:\/\/lidertecsa.com.ar\/catalogo\/wp-json\/wp\/v2\/media?parent=862"}],"wp:term":[{"taxonomy":"product_cat","embeddable":true,"href":"https:\/\/lidertecsa.com.ar\/catalogo\/wp-json\/wp\/v2\/product_cat?post=862"},{"taxonomy":"product_tag","embeddable":true,"href":"https:\/\/lidertecsa.com.ar\/catalogo\/wp-json\/wp\/v2\/product_tag?post=862"}],"curies":[{"name":"wp","href":"https:\/\/api.w.org\/{rel}","templated":true}]}}