{"id":856,"date":"2023-06-20T16:47:48","date_gmt":"2023-06-20T19:47:48","guid":{"rendered":"https:\/\/lidertecsa.com.ar\/catalogo\/?post_type=product&#038;p=856"},"modified":"2024-12-13T16:31:13","modified_gmt":"2024-12-13T19:31:13","slug":"motosierra-inalambrica-fortexxa-18-20","status":"publish","type":"product","link":"https:\/\/lidertecsa.com.ar\/catalogo\/producto\/motosierra-inalambrica-fortexxa-18-20\/","title":{"rendered":"Motosierra Inal\u00e1mbrica FORTEXXA 18\/20"},"content":{"rendered":"<section class=\"-padded-wide clearfix top40\">\n<div class=\"inner__wrap -max-width-limited clearfix\">\n<div id=\"tab-label-product_info_description\" class=\"data item title\">\n<div id=\"label-product_info_description\" class=\"data item content\" data-role=\"content\">\n<div class=\"product attribute description\">\n<div class=\"value\">La motosierra inal\u00e1mbrica de mano Einhell FORTEXXA 18\/20 TH es un miembro poderoso de la familia flexible Power X-Change.\u00a0La herramienta pr\u00e1ctica, liviana y ergon\u00f3mica funciona con un motor sin escobillas de Einhell, un motor el\u00e9ctrico sin escobillas que es m\u00e1s duradero y potente que un motor con escobilla de carb\u00f3n convencional.\u00a0Junto con la hoja y la cadena de calidad OREGON, incluso las ramitas y ramas gruesas apenas tienen nada que ver con FORTEXXA.\u00a0El FORTEXXA tiene varios mecanismos de seguridad: un protector de punta para evitar el contragolpe, protecci\u00f3n contra el contragolpe con freno de cadena inmediato y un perno de seguridad de cadena.\u00a0Una tensi\u00f3n de cadena que se puede ajustar sin herramientas y un cambio de cadena igualmente simple facilitan el manejo.\u00a0La lubricaci\u00f3n autom\u00e1tica de la cadena garantiza un cuidado f\u00e1cil a trav\u00e9s de la gran abertura de llenado de aceite.\u00a0El robusto tope de garra est\u00e1 hecho de metal,\u00a0el mango ergon\u00f3mico est\u00e1 equipado con empu\u00f1adura suave para un agarre firme y seguro.\u00a0Se requiere 1 bater\u00eda de 18 V de la serie flexible Power X-Change para el funcionamiento; se recomienda una bater\u00eda de 2,5 Ah o superior para obtener resultados \u00f3ptimos.\u00a0La innovadora serie Power X-Change de Einhell destaca por su gran rendimiento y m\u00e1xima flexibilidad: las bater\u00edas de iones de litio son intercambiables indefinidamente entre los dispositivos de la serie del sistema Einhell.\u00a0Cualquier bater\u00eda del sistema se puede utilizar con cualquier dispositivo Power X-Change.\u00a0La entrega no incluye bater\u00eda ni cargador, pero est\u00e1n disponibles por separado, por ejemplo, como un pr\u00e1ctico kit de inicio en varios grosores.<\/div>\n<div><\/div>\n<\/div>\n<\/div>\n<\/div>\n<\/div>\n<\/section>\n<section class=\"section-row -bg-dark clearfix \">\n<div class=\"inner__wrap -max-width-limited clearfix\">\n<div id=\"tab-label-services\" class=\"data item title\">\n<div id=\"label-services\" class=\"data item content\" data-role=\"content\">\n<div class=\"sercives-container\">\n<div class=\"col -centered\">\n<div class=\"content-item module-headline-paragraph headline paragraph -color-headline-white paragraph--decreased-width\">\n<table width=\"560\">\n<tbody>\n<tr>\n<td colspan=\"2\" width=\"560\">Datos Tecnicos<\/td>\n<\/tr>\n<tr>\n<td width=\"316\">Paso de la cadena<\/td>\n<td width=\"244\">9,5 mm<\/td>\n<\/tr>\n<tr>\n<td width=\"316\">Grosor de la cadena<\/td>\n<td width=\"244\">1,1 mm<\/td>\n<\/tr>\n<tr>\n<td width=\"316\">Longitud de corte<\/td>\n<td width=\"244\">14cm<\/td>\n<\/tr>\n<tr>\n<td width=\"316\">Velocidad de ralent\u00ed m\u00e1x.<\/td>\n<td width=\"244\">3800 min^-1<\/td>\n<\/tr>\n<tr>\n<td width=\"316\">m\u00e1x.\u00a0velocidad de la cadena<\/td>\n<td width=\"244\">7 m\/s<\/td>\n<\/tr>\n<tr>\n<td width=\"316\">Tipo de motor<\/td>\n<td width=\"244\">Motor sin escobillas<\/td>\n<\/tr>\n<tr>\n<td width=\"316\">Voltaje del motor<\/td>\n<td width=\"244\">18 voltios<\/td>\n<\/tr>\n<tr>\n<td width=\"316\">N\u00famero de bater\u00edas incluidas en la entrega<\/td>\n<td width=\"244\">0 piezas<\/td>\n<\/tr>\n<tr>\n<td width=\"316\">N\u00famero de cargadores incluidos en la entrega<\/td>\n<td width=\"244\">0 piezas<\/td>\n<\/tr>\n<tr>\n<td width=\"316\">N\u00famero de enlaces de unidad<\/td>\n<td width=\"244\">33<\/td>\n<\/tr>\n<tr>\n<td width=\"316\">Contenido del tanque de aceite<\/td>\n<td width=\"244\">75ml<\/td>\n<\/tr>\n<tr>\n<td width=\"316\">Peso del Producto<\/td>\n<td width=\"244\">2,54 kg<\/td>\n<\/tr>\n<tr>\n<td width=\"316\">Longitud de la espada<\/td>\n<td width=\"244\">20 cent\u00edmetros<\/td>\n<\/tr>\n<\/tbody>\n<\/table>\n<\/div>\n<\/div>\n<\/div>\n<\/div>\n<\/div>\n<\/div>\n<\/section>\n","protected":false},"excerpt":{"rendered":"<ul class=\"top-features\">\n<li>Miembro de la familia Power X-Change, se necesitan bater\u00edas 1x18V<\/li>\n<li>Motor sin escobillas Einhell<\/li>\n<li>Cadena y barra de alta calidad de OREGON<\/li>\n<li>Ideal para podar y cuidar \u00e1rboles.<\/li>\n<li>Protector de punta para la prevenci\u00f3n de contragolpes<\/li>\n<li>Protecci\u00f3n contra retroceso con freno de cadena instant\u00e1neo<\/li>\n<li>Tensado y cambio de cadena sin herramientas<\/li>\n<li>Pr\u00e1ctico, ligero y ergon\u00f3mico.<\/li>\n<li>Robustas garras de tope de metal<\/li>\n<li>Gran apertura de llenado<\/li>\n<li>Lubricaci\u00f3n autom\u00e1tica de cadenas<\/li>\n<li>Colector de cadena<\/li>\n<li>Motosierra de mango superior para personal de cuidado de \u00e1rboles completamente capacitado<\/li>\n<li>Recomendaci\u00f3n para resultados \u00f3ptimos: bater\u00eda recargable \u2265 2,5 Ah<\/li>\n<li>Suministrado sin bater\u00eda y cargador (disponible por separado)<\/li>\n<\/ul>\n","protected":false},"featured_media":857,"template":"","meta":{"_joinchat":[]},"product_cat":[50],"product_tag":[253],"class_list":{"0":"post-856","1":"product","2":"type-product","3":"status-publish","4":"has-post-thumbnail","6":"product_cat-herramientas-a-bateria","7":"product_tag-motosierra-inalambrica","9":"first","10":"instock","11":"product-type-simple"},"_links":{"self":[{"href":"https:\/\/lidertecsa.com.ar\/catalogo\/wp-json\/wp\/v2\/product\/856"}],"collection":[{"href":"https:\/\/lidertecsa.com.ar\/catalogo\/wp-json\/wp\/v2\/product"}],"about":[{"href":"https:\/\/lidertecsa.com.ar\/catalogo\/wp-json\/wp\/v2\/types\/product"}],"wp:featuredmedia":[{"embeddable":true,"href":"https:\/\/lidertecsa.com.ar\/catalogo\/wp-json\/wp\/v2\/media\/857"}],"wp:attachment":[{"href":"https:\/\/lidertecsa.com.ar\/catalogo\/wp-json\/wp\/v2\/media?parent=856"}],"wp:term":[{"taxonomy":"product_cat","embeddable":true,"href":"https:\/\/lidertecsa.com.ar\/catalogo\/wp-json\/wp\/v2\/product_cat?post=856"},{"taxonomy":"product_tag","embeddable":true,"href":"https:\/\/lidertecsa.com.ar\/catalogo\/wp-json\/wp\/v2\/product_tag?post=856"}],"curies":[{"name":"wp","href":"https:\/\/api.w.org\/{rel}","templated":true}]}}