{"id":850,"date":"2023-06-20T16:36:43","date_gmt":"2023-06-20T19:36:43","guid":{"rendered":"https:\/\/lidertecsa.com.ar\/catalogo\/?post_type=product&#038;p=850"},"modified":"2024-12-13T16:31:12","modified_gmt":"2024-12-13T19:31:12","slug":"moto-sierra-inlambrica-ge-lc-36-35-li-2-starter-kit-4-0-ah","status":"publish","type":"product","link":"https:\/\/lidertecsa.com.ar\/catalogo\/producto\/moto-sierra-inlambrica-ge-lc-36-35-li-2-starter-kit-4-0-ah\/","title":{"rendered":"Motosierra Inal\u00e1mbrica GE-LC 18 Li \u2013 Solo"},"content":{"rendered":"<p>El GE-LC 18 Li Solo de Einhell combina la excelente calidad de un producto Einhell con el rendimiento de corte OREGON. Con una barra y cadena de gu\u00eda de alta calidad OREGON, la motosierra inal\u00e1mbrica es f\u00e1cil de usar, confiable y segura de operar. Esta motosierra confiable y pr\u00e1ctica es ideal para podar o talar \u00e1rboles de tama\u00f1o peque\u00f1o a mediano, hacer le\u00f1a y recortar o cortar madera de construcci\u00f3n. La motosierra inal\u00e1mbrica Einhell es segura y f\u00e1cil de usar en todo el jard\u00edn. La protecci\u00f3n de retroceso y un freno de cadena mec\u00e1nico de reacci\u00f3n instant\u00e1nea le protegen mientras trabaja con la motosierra. La cadena se detiene inmediatamente si se produce retroceso. Un pestillo se sujeta a la cadena si salta del carril. La garra de metal resistente mantiene la sierra estable para su mayor seguridad y comodidad de trabajo. La manija ergon\u00f3mica le da un agarre firme y c\u00f3modo en la motosierra inal\u00e1mbrica de Einhell. No se necesitan herramientas para ajustar la tensi\u00f3n de la cadena o reemplazar la cadena. La cadena se lubrifica autom\u00e1ticamente. La gran abertura en el dep\u00f3sito de aceite elimina la necesidad de un embudo. Este producto viene sin una bater\u00eda o un cargador.<\/p>\n<table width=\"371\">\n<tbody>\n<tr>\n<td colspan=\"2\" width=\"371\">T\u00e9cnico<\/td>\n<\/tr>\n<tr>\n<td width=\"260\">Acumulador<\/td>\n<td width=\"111\">18 V |\u00a0Li-Ion<\/td>\n<\/tr>\n<tr>\n<td width=\"260\">Longitud de la espada<\/td>\n<td width=\"111\">250 mm<\/td>\n<\/tr>\n<tr>\n<td width=\"260\">Max.\u00a0longitud de corte<\/td>\n<td width=\"111\">230 mm<\/td>\n<\/tr>\n<tr>\n<td width=\"260\">Velocidad de corte de cadena<\/td>\n<td width=\"111\">4,3 m \/ s<\/td>\n<\/tr>\n<tr>\n<td width=\"260\">Capacidad del tanque de aceite<\/td>\n<td width=\"111\">200 ml<\/td>\n<\/tr>\n<\/tbody>\n<\/table>\n","protected":false},"excerpt":{"rendered":"<p>-Cadena y barra de alta calidad de OREGON<br \/>\n-Tensi\u00f3n de la cadena sin herramientas y cambio<br \/>\n-Mango ergon\u00f3mico<br \/>\n-Garras de tope resistentes de metal<br \/>\n-Protecci\u00f3n antirretorno con freno mec\u00e1nico de cadena instant\u00e1nea<br \/>\n-Gran abertura de llenado<br \/>\n-Lubricaci\u00f3n autom\u00e1tica de la cadena<br \/>\n-Cierre de cadena<br \/>\n-Sin bater\u00eda ni cargador<\/p>\n","protected":false},"featured_media":853,"template":"","meta":{"_joinchat":[]},"product_cat":[50],"product_tag":[253],"class_list":{"0":"post-850","1":"product","2":"type-product","3":"status-publish","4":"has-post-thumbnail","6":"product_cat-herramientas-a-bateria","7":"product_tag-motosierra-inalambrica","9":"first","10":"instock","11":"product-type-simple"},"_links":{"self":[{"href":"https:\/\/lidertecsa.com.ar\/catalogo\/wp-json\/wp\/v2\/product\/850"}],"collection":[{"href":"https:\/\/lidertecsa.com.ar\/catalogo\/wp-json\/wp\/v2\/product"}],"about":[{"href":"https:\/\/lidertecsa.com.ar\/catalogo\/wp-json\/wp\/v2\/types\/product"}],"wp:featuredmedia":[{"embeddable":true,"href":"https:\/\/lidertecsa.com.ar\/catalogo\/wp-json\/wp\/v2\/media\/853"}],"wp:attachment":[{"href":"https:\/\/lidertecsa.com.ar\/catalogo\/wp-json\/wp\/v2\/media?parent=850"}],"wp:term":[{"taxonomy":"product_cat","embeddable":true,"href":"https:\/\/lidertecsa.com.ar\/catalogo\/wp-json\/wp\/v2\/product_cat?post=850"},{"taxonomy":"product_tag","embeddable":true,"href":"https:\/\/lidertecsa.com.ar\/catalogo\/wp-json\/wp\/v2\/product_tag?post=850"}],"curies":[{"name":"wp","href":"https:\/\/api.w.org\/{rel}","templated":true}]}}