{"id":8396,"date":"2024-08-14T16:04:28","date_gmt":"2024-08-14T19:04:28","guid":{"rendered":"https:\/\/lidertecsa.com.ar\/catalogo\/?post_type=product&#038;p=8396"},"modified":"2024-12-21T09:58:12","modified_gmt":"2024-12-21T12:58:12","slug":"valvula-max-flow-air","status":"publish","type":"product","link":"https:\/\/lidertecsa.com.ar\/catalogo\/producto\/valvula-max-flow-air\/","title":{"rendered":"Valvula MAX FLOW VS03"},"content":{"rendered":"","protected":false},"excerpt":{"rendered":"<p>Repuesto para respirador AIRFFS990 (Exhalaci\u00f3n e Inhalaci\u00f3n copa nasal) y respirador S950 (Inhalaci\u00f3n y Exhalaci\u00f3n)<\/p>\n","protected":false},"featured_media":9226,"template":"","meta":{"_joinchat":[]},"product_cat":[1371],"product_tag":[],"class_list":{"0":"post-8396","1":"product","2":"type-product","3":"status-publish","4":"has-post-thumbnail","6":"product_cat-repuestos-y-accesorios","8":"first","9":"instock","10":"taxable","11":"shipping-taxable","12":"purchasable","13":"product-type-simple"},"_links":{"self":[{"href":"https:\/\/lidertecsa.com.ar\/catalogo\/wp-json\/wp\/v2\/product\/8396"}],"collection":[{"href":"https:\/\/lidertecsa.com.ar\/catalogo\/wp-json\/wp\/v2\/product"}],"about":[{"href":"https:\/\/lidertecsa.com.ar\/catalogo\/wp-json\/wp\/v2\/types\/product"}],"wp:featuredmedia":[{"embeddable":true,"href":"https:\/\/lidertecsa.com.ar\/catalogo\/wp-json\/wp\/v2\/media\/9226"}],"wp:attachment":[{"href":"https:\/\/lidertecsa.com.ar\/catalogo\/wp-json\/wp\/v2\/media?parent=8396"}],"wp:term":[{"taxonomy":"product_cat","embeddable":true,"href":"https:\/\/lidertecsa.com.ar\/catalogo\/wp-json\/wp\/v2\/product_cat?post=8396"},{"taxonomy":"product_tag","embeddable":true,"href":"https:\/\/lidertecsa.com.ar\/catalogo\/wp-json\/wp\/v2\/product_tag?post=8396"}],"curies":[{"name":"wp","href":"https:\/\/api.w.org\/{rel}","templated":true}]}}