{"id":8374,"date":"2024-08-14T15:05:18","date_gmt":"2024-08-14T18:05:18","guid":{"rendered":"https:\/\/lidertecsa.com.ar\/catalogo\/?post_type=product&#038;p=8374"},"modified":"2024-12-29T10:31:09","modified_gmt":"2024-12-29T13:31:09","slug":"aircom","status":"publish","type":"product","link":"https:\/\/lidertecsa.com.ar\/catalogo\/producto\/aircom\/","title":{"rendered":"Air Com"},"content":{"rendered":"<p><strong>Caracter\u00edsticas<\/strong><br \/>\n-Circuito de transmisi\u00f3n y carga aislado del ambiente externo.<br \/>\n-Micr\u00f3fono protegido de la exhalaci\u00f3n.<br \/>\n-Bater\u00eda de Ion-Litio.<br \/>\n-Duraci\u00f3n de la bater\u00eda: &gt; 8 horas<br \/>\n-Puerto de carga r\u00e1pida USB-C<br \/>\n-Tiempo de carga al 100%: 3 \u2013 4 horas<br \/>\n-Peso del dispositivo: 99 gr<br \/>\n-Diferencia de peso en comparaci\u00f3n con FFS990 sin AIRCom: +65 gr<br \/>\n-Aumento del volumen de voz: hasta 33%<br \/>\n-Tapa tipo bisagra para f\u00e1cil acceso al puerto de carga y v\u00e1lvula de exhalaci\u00f3n.<\/p>\n<p><strong>Aplicaci\u00f3n<\/strong><br \/>\nPara su uso en ambientes contaminados donde se utilicen respiradores de rostro completo AIR FFS990 y se requiera una comunicaci\u00f3n clara y potente, al realizar charlas, entrega de instrucciones, coordinaci\u00f3n de tareas, avisos de alerta, etc.<\/p>\n<p><strong>Certificaci\u00f3n<\/strong><br \/>\nEn proceso de certificaci\u00f3n en respirador FFS990 bajo Norma europea EN 136.<\/p>\n<p><strong>Materiales<\/strong><br \/>\n-Carcasa de ABS Sellos de Silicona<br \/>\n-Bater\u00eda de Ion-Litio.<\/p>\n","protected":false},"excerpt":{"rendered":"<p>Dispositivo electr\u00f3nico para respiradores de rostro completo AIR FFS990 que amplifica la voz permitiendo una comunicaci\u00f3n ONE TO ONE, ONE TO ALL y ONE TO RADIO sin necesidad de retirar el respirador del rostro, manteniendo al trabajador siempre protegido evitando el ingreso de contaminantes como gases, vapores y\/o part\u00edculas a las v\u00edas respiratorias.<\/p>\n","protected":false},"featured_media":9563,"template":"","meta":{"_joinchat":[]},"product_cat":[1086,1371],"product_tag":[],"class_list":{"0":"post-8374","1":"product","2":"type-product","3":"status-publish","4":"has-post-thumbnail","6":"product_cat-oferta","7":"product_cat-repuestos-y-accesorios","9":"first","10":"instock","11":"sale","12":"taxable","13":"shipping-taxable","14":"purchasable","15":"product-type-simple"},"_links":{"self":[{"href":"https:\/\/lidertecsa.com.ar\/catalogo\/wp-json\/wp\/v2\/product\/8374"}],"collection":[{"href":"https:\/\/lidertecsa.com.ar\/catalogo\/wp-json\/wp\/v2\/product"}],"about":[{"href":"https:\/\/lidertecsa.com.ar\/catalogo\/wp-json\/wp\/v2\/types\/product"}],"wp:featuredmedia":[{"embeddable":true,"href":"https:\/\/lidertecsa.com.ar\/catalogo\/wp-json\/wp\/v2\/media\/9563"}],"wp:attachment":[{"href":"https:\/\/lidertecsa.com.ar\/catalogo\/wp-json\/wp\/v2\/media?parent=8374"}],"wp:term":[{"taxonomy":"product_cat","embeddable":true,"href":"https:\/\/lidertecsa.com.ar\/catalogo\/wp-json\/wp\/v2\/product_cat?post=8374"},{"taxonomy":"product_tag","embeddable":true,"href":"https:\/\/lidertecsa.com.ar\/catalogo\/wp-json\/wp\/v2\/product_tag?post=8374"}],"curies":[{"name":"wp","href":"https:\/\/api.w.org\/{rel}","templated":true}]}}