{"id":8365,"date":"2024-08-14T14:10:00","date_gmt":"2024-08-14T17:10:00","guid":{"rendered":"https:\/\/lidertecsa.com.ar\/catalogo\/?post_type=product&#038;p=8365"},"modified":"2024-12-21T10:19:33","modified_gmt":"2024-12-21T13:19:33","slug":"airglass","status":"publish","type":"product","link":"https:\/\/lidertecsa.com.ar\/catalogo\/producto\/airglass\/","title":{"rendered":"AirGlass"},"content":{"rendered":"<p><strong>Caracter\u00edsticas<\/strong><br \/>\n-Dispositivo de montura de lentes \u00f3pticos adaptable para respiradores de rostro completo AIR FFS990.<br \/>\n-Tensor fijo y f\u00e1cil de montar.<br \/>\n-Marco ajustable de manera vertical con sistema de tracci\u00f3n.<br \/>\n-Desmontable para aseo y limpieza.<br \/>\n-Compatible con AIRCheck.<\/p>\n<p><strong>Materiales<\/strong><br \/>\nAIRGlass est\u00e1 impreso en Nylon 12, poliamida de alta resistencia que gracias a su tecnolog\u00eda entrega mayor flexibilidad al producto, haciendo posible que en su marco posea una tensi\u00f3n beneficiosa para ser instalado dentro del respirador.<\/p>\n","protected":false},"excerpt":{"rendered":"<p>AIRGlass llega a ofrecer una soluci\u00f3n en protecci\u00f3n respiratoria pensada exclusivamente en aquellos trabajadores con problemas de visi\u00f3n, gracias a un soporte interno ajustable al interior del respirador de rostro completo, permitiendo<br \/>\nas\u00ed una completa hermeticidad y respetando el campo de visi\u00f3n apto para ejercer c\u00f3modamente las labores del usuario y de esta manera entregar una protecci\u00f3n integral para su seguridad y desempe\u00f1o laboral.<\/p>\n","protected":false},"featured_media":9561,"template":"","meta":{"_joinchat":[]},"product_cat":[1371],"product_tag":[],"class_list":{"0":"post-8365","1":"product","2":"type-product","3":"status-publish","4":"has-post-thumbnail","6":"product_cat-repuestos-y-accesorios","8":"first","9":"instock","10":"taxable","11":"shipping-taxable","12":"purchasable","13":"product-type-simple"},"_links":{"self":[{"href":"https:\/\/lidertecsa.com.ar\/catalogo\/wp-json\/wp\/v2\/product\/8365"}],"collection":[{"href":"https:\/\/lidertecsa.com.ar\/catalogo\/wp-json\/wp\/v2\/product"}],"about":[{"href":"https:\/\/lidertecsa.com.ar\/catalogo\/wp-json\/wp\/v2\/types\/product"}],"wp:featuredmedia":[{"embeddable":true,"href":"https:\/\/lidertecsa.com.ar\/catalogo\/wp-json\/wp\/v2\/media\/9561"}],"wp:attachment":[{"href":"https:\/\/lidertecsa.com.ar\/catalogo\/wp-json\/wp\/v2\/media?parent=8365"}],"wp:term":[{"taxonomy":"product_cat","embeddable":true,"href":"https:\/\/lidertecsa.com.ar\/catalogo\/wp-json\/wp\/v2\/product_cat?post=8365"},{"taxonomy":"product_tag","embeddable":true,"href":"https:\/\/lidertecsa.com.ar\/catalogo\/wp-json\/wp\/v2\/product_tag?post=8365"}],"curies":[{"name":"wp","href":"https:\/\/api.w.org\/{rel}","templated":true}]}}