{"id":8363,"date":"2024-08-14T14:04:15","date_gmt":"2024-08-14T17:04:15","guid":{"rendered":"https:\/\/lidertecsa.com.ar\/catalogo\/?post_type=product&#038;p=8363"},"modified":"2024-12-21T10:15:33","modified_gmt":"2024-12-21T13:15:33","slug":"air-size","status":"publish","type":"product","link":"https:\/\/lidertecsa.com.ar\/catalogo\/producto\/air-size\/","title":{"rendered":"Air Size"},"content":{"rendered":"<p><strong>Caracter\u00edsticas<\/strong><br \/>\n-Formato de acople tipo \u201ctijera\u201d para facilitar su uso.<br \/>\n-Dise\u00f1ado para un f\u00e1cil y c\u00f3modo uso con una sola mano.<br \/>\n-Dise\u00f1ado para los tama\u00f1os de respiradores de medio rostro AIR.<\/p>\n<p><strong>Materiales<\/strong><br \/>\nAcr\u00edlico<\/p>\n<p><strong>Importante<\/strong><br \/>\nLos resultados obtenidos con AIRSize deben validarse con pruebas de ajuste cuantitativas (PortaCount).<\/p>\n","protected":false},"excerpt":{"rendered":"<p>Accesorio que permite una f\u00e1cil y pr\u00e1ctica referencia de medici\u00f3n para escoger la correcta talla del respirador, protegiendo de forma segura contra los contaminantes presentes en el ambiente laboral.<\/p>\n","protected":false},"featured_media":9560,"template":"","meta":{"_joinchat":[]},"product_cat":[1371],"product_tag":[],"class_list":{"0":"post-8363","1":"product","2":"type-product","3":"status-publish","4":"has-post-thumbnail","6":"product_cat-repuestos-y-accesorios","8":"first","9":"instock","10":"taxable","11":"shipping-taxable","12":"purchasable","13":"product-type-simple"},"_links":{"self":[{"href":"https:\/\/lidertecsa.com.ar\/catalogo\/wp-json\/wp\/v2\/product\/8363"}],"collection":[{"href":"https:\/\/lidertecsa.com.ar\/catalogo\/wp-json\/wp\/v2\/product"}],"about":[{"href":"https:\/\/lidertecsa.com.ar\/catalogo\/wp-json\/wp\/v2\/types\/product"}],"wp:featuredmedia":[{"embeddable":true,"href":"https:\/\/lidertecsa.com.ar\/catalogo\/wp-json\/wp\/v2\/media\/9560"}],"wp:attachment":[{"href":"https:\/\/lidertecsa.com.ar\/catalogo\/wp-json\/wp\/v2\/media?parent=8363"}],"wp:term":[{"taxonomy":"product_cat","embeddable":true,"href":"https:\/\/lidertecsa.com.ar\/catalogo\/wp-json\/wp\/v2\/product_cat?post=8363"},{"taxonomy":"product_tag","embeddable":true,"href":"https:\/\/lidertecsa.com.ar\/catalogo\/wp-json\/wp\/v2\/product_tag?post=8363"}],"curies":[{"name":"wp","href":"https:\/\/api.w.org\/{rel}","templated":true}]}}