{"id":8362,"date":"2024-08-14T13:53:30","date_gmt":"2024-08-14T16:53:30","guid":{"rendered":"https:\/\/lidertecsa.com.ar\/catalogo\/?post_type=product&#038;p=8362"},"modified":"2024-12-21T10:06:34","modified_gmt":"2024-12-21T13:06:34","slug":"lens-cover-gris","status":"publish","type":"product","link":"https:\/\/lidertecsa.com.ar\/catalogo\/producto\/lens-cover-gris\/","title":{"rendered":"Lens Cover Gris"},"content":{"rendered":"<p><strong>Caracter\u00edsticas<\/strong><br \/>\nProducto dise\u00f1ado para proporcionar una protecci\u00f3n al visor del respirador de rostro completo AIR FFS990.<\/p>\n<p><strong>Aplicaci\u00f3n<\/strong><br \/>\nProtecci\u00f3n de visores de respiradores de rostro completo AIR serie FFS990, disponible en color claro para ambientes con iluminaci\u00f3n normal y en color gris para ambientes con alta iluminaci\u00f3n.<\/p>\n<p><strong>Restricci\u00f3n de uso<\/strong><br \/>\nImportante: no usar para soldadura u otras actividades que requieran protecci\u00f3n contra radiaci\u00f3n UV o IR.<\/p>\n<p><strong>Materiales<\/strong><br \/>\nAcetato de vinilo.<\/p>\n","protected":false},"excerpt":{"rendered":"<p>Cubierta protectora reemplazable para visor de Respirador de Rostro Completo AIR serie FFS990. Disponible en color gris 990G.<\/p>\n","protected":false},"featured_media":9250,"template":"","meta":{"_joinchat":[]},"product_cat":[1371],"product_tag":[],"class_list":{"0":"post-8362","1":"product","2":"type-product","3":"status-publish","4":"has-post-thumbnail","6":"product_cat-repuestos-y-accesorios","8":"first","9":"instock","10":"taxable","11":"shipping-taxable","12":"purchasable","13":"product-type-simple"},"_links":{"self":[{"href":"https:\/\/lidertecsa.com.ar\/catalogo\/wp-json\/wp\/v2\/product\/8362"}],"collection":[{"href":"https:\/\/lidertecsa.com.ar\/catalogo\/wp-json\/wp\/v2\/product"}],"about":[{"href":"https:\/\/lidertecsa.com.ar\/catalogo\/wp-json\/wp\/v2\/types\/product"}],"wp:featuredmedia":[{"embeddable":true,"href":"https:\/\/lidertecsa.com.ar\/catalogo\/wp-json\/wp\/v2\/media\/9250"}],"wp:attachment":[{"href":"https:\/\/lidertecsa.com.ar\/catalogo\/wp-json\/wp\/v2\/media?parent=8362"}],"wp:term":[{"taxonomy":"product_cat","embeddable":true,"href":"https:\/\/lidertecsa.com.ar\/catalogo\/wp-json\/wp\/v2\/product_cat?post=8362"},{"taxonomy":"product_tag","embeddable":true,"href":"https:\/\/lidertecsa.com.ar\/catalogo\/wp-json\/wp\/v2\/product_tag?post=8362"}],"curies":[{"name":"wp","href":"https:\/\/api.w.org\/{rel}","templated":true}]}}