{"id":8354,"date":"2024-08-14T13:34:50","date_gmt":"2024-08-14T16:34:50","guid":{"rendered":"https:\/\/lidertecsa.com.ar\/catalogo\/?post_type=product&#038;p=8354"},"modified":"2024-12-21T10:07:08","modified_gmt":"2024-12-21T13:07:08","slug":"adaptador-air-a200","status":"publish","type":"product","link":"https:\/\/lidertecsa.com.ar\/catalogo\/producto\/adaptador-air-a200\/","title":{"rendered":"Adaptador Filtros Air A200"},"content":{"rendered":"<p><strong>Caracter\u00edsticas<\/strong><br \/>\n-Fabricado en polipropileno con empaquetadura elastom\u00e9rica.<\/p>\n<p><strong>Aplicaci\u00f3n<\/strong><br \/>\nUtilizado para la uni\u00f3n de filtros contra part\u00edculas AIR serie F200 con filtros qu\u00edmicos AIR serie F600, obteniendo de esta forma un filtro mixto contra todo tipo de part\u00edculas, como tambi\u00e9n contra gases y\/o vapores dependiendo del filtro qu\u00edmico AIR de la serie F600 a utilizar.<\/p>\n<p><strong>Restricci\u00f3n de uso<\/strong><br \/>\n-Este adaptador junto a los filtros asociados no suministran ox\u00edgeno. Utilice en \u00e1reas adecuadamente ventiladas sin deficiencia de ox\u00edgeno y que no contengan atm\u00f3sferas explosivas.<br \/>\n-No usar en ambientes donde el nivel de concentraci\u00f3n del contaminante es inmediatamente peligroso para la vida o la<br \/>\nsalud (IDLH).<\/p>\n<p><strong>Certificaci\u00f3n<\/strong><br \/>\nEste adaptador es utilizado para unir filtros certificados bajo las Normas EN 143:2000 + A 1:2006 y EN 14387:2004 + A 1:2008.<\/p>\n","protected":false},"excerpt":{"rendered":"<p>Adaptador A200 para la uni\u00f3n de filtros contra part\u00edculas AIR serie F200 con filtros qu\u00edmicos AIR serie F600.<\/p>\n","protected":false},"featured_media":9564,"template":"","meta":{"_joinchat":[]},"product_cat":[1371],"product_tag":[],"class_list":{"0":"post-8354","1":"product","2":"type-product","3":"status-publish","4":"has-post-thumbnail","6":"product_cat-repuestos-y-accesorios","8":"first","9":"instock","10":"taxable","11":"shipping-taxable","12":"purchasable","13":"product-type-simple"},"_links":{"self":[{"href":"https:\/\/lidertecsa.com.ar\/catalogo\/wp-json\/wp\/v2\/product\/8354"}],"collection":[{"href":"https:\/\/lidertecsa.com.ar\/catalogo\/wp-json\/wp\/v2\/product"}],"about":[{"href":"https:\/\/lidertecsa.com.ar\/catalogo\/wp-json\/wp\/v2\/types\/product"}],"wp:featuredmedia":[{"embeddable":true,"href":"https:\/\/lidertecsa.com.ar\/catalogo\/wp-json\/wp\/v2\/media\/9564"}],"wp:attachment":[{"href":"https:\/\/lidertecsa.com.ar\/catalogo\/wp-json\/wp\/v2\/media?parent=8354"}],"wp:term":[{"taxonomy":"product_cat","embeddable":true,"href":"https:\/\/lidertecsa.com.ar\/catalogo\/wp-json\/wp\/v2\/product_cat?post=8354"},{"taxonomy":"product_tag","embeddable":true,"href":"https:\/\/lidertecsa.com.ar\/catalogo\/wp-json\/wp\/v2\/product_tag?post=8354"}],"curies":[{"name":"wp","href":"https:\/\/api.w.org\/{rel}","templated":true}]}}