{"id":8352,"date":"2024-08-14T12:46:16","date_gmt":"2024-08-14T15:46:16","guid":{"rendered":"https:\/\/lidertecsa.com.ar\/catalogo\/?post_type=product&#038;p=8352"},"modified":"2024-12-21T09:35:31","modified_gmt":"2024-12-21T12:35:31","slug":"respirador-descartable-air-d804","status":"publish","type":"product","link":"https:\/\/lidertecsa.com.ar\/catalogo\/producto\/respirador-descartable-air-d804\/","title":{"rendered":"Respirador Descartable Air D804"},"content":{"rendered":"<p><strong>Caracter\u00edsticas<\/strong><br \/>\n-Carb\u00f3n activado para niveles molestos de gases \u00e1cidos menores al l\u00edmite permisible ponderado (LPP).<br \/>\n-V\u00e1lvula de exhalaci\u00f3n MAX FLOW.<br \/>\n-Clip met\u00e1lico de aluminio.<br \/>\n-Espuma nasal interior.<br \/>\n-Bandas termopl\u00e1sticas textiles soldadas.<\/p>\n<p><strong>Aplicaci\u00f3n<\/strong><br \/>\nProtecci\u00f3n de las v\u00edas respiratorias contra niveles moderados de part\u00edculas s\u00f3lidas, l\u00edquidas acuosas y aceitosas con un 94% de eficiencia m\u00ednima a 0,3 \u00b5m, presentes en procesos como enyesado, cementado, lijado, polvo de madera y soldadura (humos met\u00e1licos).<\/p>\n<p><strong>Restricci\u00f3n de uso<\/strong><br \/>\n-Este respirador no suministra ox\u00edgeno. Utilice en \u00e1reas ventiladas adecuadamente sin deficiencia de ox\u00edgeno y que no contengan atm\u00f3sferas explosivas.<br \/>\n-No usar en ambientes donde el nivel de concentraci\u00f3n del contaminante es inmediatamente peligroso para la vida o la salud (IDLH).<br \/>\n-No usar como protecci\u00f3n contra gases y vapores.<br \/>\n-Respirador marcado como \u201cNR\u201d, por lo que no debe utilizarse por m\u00e1s de un turno.<\/p>\n<p><strong>Certificaci\u00f3n<\/strong><br \/>\nEN149:2001+A1:2009, conforme a lo dispuesto en el reglamento (UE) 2016\/425 relativo a los equipos de protecci\u00f3n individual.<br \/>\nRegistro I.S.P. EPP1666<\/p>\n<p><strong>Materiales<\/strong><br \/>\n-Material filtrante: tela no tejida de polipropileno cargada electrost\u00e1ticamente con carb\u00f3n activado.<br \/>\n-Clip: Aluminio.<br \/>\n-Conjunto de v\u00e1lvula de exhalaci\u00f3n: ABS y silicona.<br \/>\n-Bandas: termopl\u00e1sticas textiles.<br \/>\n-Color: gris.<\/p>\n","protected":false},"excerpt":{"rendered":"<p>Respirador de libre mantenimiento no reutilizable contra part\u00edculas s\u00f3lidas, l\u00edquidas acuosas y aceitosas. Con carb\u00f3n activado para alivio de niveles molestos de Gases \u00c1cidos y con v\u00e1lvula de exhalaci\u00f3n MAX FLOW que reduce eficientemente la temperatura, humedad y contenido de CO en el interior de la mascarilla.<\/p>\n","protected":false},"featured_media":9238,"template":"","meta":{"_joinchat":[]},"product_cat":[1369],"product_tag":[],"class_list":{"0":"post-8352","1":"product","2":"type-product","3":"status-publish","4":"has-post-thumbnail","6":"product_cat-mascaras-y-semi-mascaras","8":"first","9":"instock","10":"taxable","11":"shipping-taxable","12":"purchasable","13":"product-type-simple"},"_links":{"self":[{"href":"https:\/\/lidertecsa.com.ar\/catalogo\/wp-json\/wp\/v2\/product\/8352"}],"collection":[{"href":"https:\/\/lidertecsa.com.ar\/catalogo\/wp-json\/wp\/v2\/product"}],"about":[{"href":"https:\/\/lidertecsa.com.ar\/catalogo\/wp-json\/wp\/v2\/types\/product"}],"wp:featuredmedia":[{"embeddable":true,"href":"https:\/\/lidertecsa.com.ar\/catalogo\/wp-json\/wp\/v2\/media\/9238"}],"wp:attachment":[{"href":"https:\/\/lidertecsa.com.ar\/catalogo\/wp-json\/wp\/v2\/media?parent=8352"}],"wp:term":[{"taxonomy":"product_cat","embeddable":true,"href":"https:\/\/lidertecsa.com.ar\/catalogo\/wp-json\/wp\/v2\/product_cat?post=8352"},{"taxonomy":"product_tag","embeddable":true,"href":"https:\/\/lidertecsa.com.ar\/catalogo\/wp-json\/wp\/v2\/product_tag?post=8352"}],"curies":[{"name":"wp","href":"https:\/\/api.w.org\/{rel}","templated":true}]}}