{"id":8337,"date":"2024-08-14T10:24:22","date_gmt":"2024-08-14T13:24:22","guid":{"rendered":"https:\/\/lidertecsa.com.ar\/catalogo\/?post_type=product&#038;p=8337"},"modified":"2024-12-29T10:40:49","modified_gmt":"2024-12-29T13:40:49","slug":"filtro-air-f600m","status":"publish","type":"product","link":"https:\/\/lidertecsa.com.ar\/catalogo\/producto\/filtro-air-f600m\/","title":{"rendered":"Filtro Air F600M"},"content":{"rendered":"<p><strong>Caracter\u00edsticas<\/strong><br \/>\n-Dise\u00f1o que permite igual distribuci\u00f3n del flujo de aire a trav\u00e9s del carb\u00f3n activado, alargando su vida \u00fatil.<br \/>\n-Construcci\u00f3n desplazada para una mejor distribuci\u00f3n del peso, incrementando la comodidad y la visibilidad.<\/p>\n<p><strong>Aplicaci\u00f3n<\/strong><br \/>\nProtecci\u00f3n de las v\u00edas respiratorias contra vapores org\u00e1nicos, cloro (Cl<span style=\"font-size: 10px\">2<\/span>), \u00c1cido Sulh\u00eddrico (H<span style=\"font-size: 10px\">2<\/span>S), cianuro de hidr\u00f3geno (HCN), anh\u00eddrido sulfuroso (SO<span style=\"font-size: 10px\">2<\/span>), formaldeh\u00eddo (CH<span style=\"font-size: 10px\">2<\/span>O) gases \u00e1cidos, amoniaco (NH<span style=\"font-size: 10px\">3<\/span>) y sus derivados org\u00e1nicos.<\/p>\n<p><strong>Eficiencia qu\u00edmica a 1000 ppm<\/strong><br \/>\n-Ciclohexano (C<span style=\"font-size: 10px\">6<\/span>H<span style=\"font-size: 10px\">12<\/span>): 70 minutos<br \/>\n-Cloro (Cl<span style=\"font-size: 10px\">2<\/span>): 20 minutos<br \/>\n-\u00c1cido sulfh\u00eddrico (H<span style=\"font-size: 10px\">2<\/span>S): 40 minutos<br \/>\n-\u00c1cido Cianh\u00eddrico (HCN): 25 minutos<br \/>\n-Di\u00f3xido de azufre (SO<span style=\"font-size: 10px\">2<\/span>): 20 minutos<br \/>\n-Amon\u00edaco (NH<span style=\"font-size: 10px\">3<\/span>): 50 minutos<\/p>\n<p><strong>Restricci\u00f3n de Uso<\/strong><br \/>\n-Este filtro no suministra ox\u00edgeno. Utilice en \u00e1reas adecuadamente ventiladas sin deficiencia de ox\u00edgeno y que no contengan atm\u00f3sferas explosivas.<br \/>\n-No usar en ambientes donde el nivel de concentraci\u00f3n del contaminante es inmediatamente peligroso para la vida o la<br \/>\nsalud (IDLH).<\/p>\n<p><strong>Certificaci\u00f3n<\/strong><br \/>\nEN 14387:2004 + A 1:2008, conforme a lo dispuesto en el reglamento (UE) 2016\/425 relativo a los equipos de protecci\u00f3n individual.<br \/>\nRegistro I.S.P. EPP2740<\/p>\n<p><strong>Materiales<\/strong><br \/>\n-C\u00e1psula: termopl\u00e1stica.<br \/>\n-Material filtrante: carb\u00f3n activado<br \/>\n-Color de etiqueta: : marr\u00f3n, gris, amarillo y<br \/>\nverde.<\/p>\n","protected":false},"excerpt":{"rendered":"<p>Filtro aprobado para la protecci\u00f3n contra vapores org\u00e1nicos, cloro (Cl2), \u00c1cido Sulfh\u00eddrico (H2S), cianuro de hidr\u00f3geno (HCN), anh\u00eddrido sulfuroso (SO2), formaldeh\u00eddo (CH2O), gases \u00e1cidos, amoniaco (NH3) y sus derivados org\u00e1nicos, compatible con las l\u00edneas de respiradores AIR S900, S950 y FFS990.<\/p>\n<p>&nbsp;<\/p>\n<p><strong><span style=\"font-size: 20px\">PRECIO POR PAR DE FILTROS<\/span><\/strong><\/p>\n","protected":false},"featured_media":9553,"template":"","meta":{"_joinchat":[]},"product_cat":[1370,1086],"product_tag":[],"class_list":{"0":"post-8337","1":"product","2":"type-product","3":"status-publish","4":"has-post-thumbnail","6":"product_cat-filtro-y-pre-filtro","7":"product_cat-oferta","9":"first","10":"instock","11":"sale","12":"taxable","13":"shipping-taxable","14":"purchasable","15":"product-type-simple"},"_links":{"self":[{"href":"https:\/\/lidertecsa.com.ar\/catalogo\/wp-json\/wp\/v2\/product\/8337"}],"collection":[{"href":"https:\/\/lidertecsa.com.ar\/catalogo\/wp-json\/wp\/v2\/product"}],"about":[{"href":"https:\/\/lidertecsa.com.ar\/catalogo\/wp-json\/wp\/v2\/types\/product"}],"wp:featuredmedia":[{"embeddable":true,"href":"https:\/\/lidertecsa.com.ar\/catalogo\/wp-json\/wp\/v2\/media\/9553"}],"wp:attachment":[{"href":"https:\/\/lidertecsa.com.ar\/catalogo\/wp-json\/wp\/v2\/media?parent=8337"}],"wp:term":[{"taxonomy":"product_cat","embeddable":true,"href":"https:\/\/lidertecsa.com.ar\/catalogo\/wp-json\/wp\/v2\/product_cat?post=8337"},{"taxonomy":"product_tag","embeddable":true,"href":"https:\/\/lidertecsa.com.ar\/catalogo\/wp-json\/wp\/v2\/product_tag?post=8337"}],"curies":[{"name":"wp","href":"https:\/\/api.w.org\/{rel}","templated":true}]}}