{"id":8335,"date":"2024-08-14T09:57:18","date_gmt":"2024-08-14T12:57:18","guid":{"rendered":"https:\/\/lidertecsa.com.ar\/catalogo\/?post_type=product&#038;p=8335"},"modified":"2024-12-29T10:38:02","modified_gmt":"2024-12-29T13:38:02","slug":"filtro-air-f600vg","status":"publish","type":"product","link":"https:\/\/lidertecsa.com.ar\/catalogo\/producto\/filtro-air-f600vg\/","title":{"rendered":"Filtro Air F600VG"},"content":{"rendered":"<p><strong>Caracter\u00edsticas<\/strong><br \/>\n-Dise\u00f1o que permite igual distribuci\u00f3n del flujo de aire a trav\u00e9s del carb\u00f3n activado, alargando su vida \u00fatil.<br \/>\n-Construcci\u00f3n desplazada para una mejor distribuci\u00f3n del peso, incrementando la comodidad y la visibilidad.<\/p>\n<p><strong>Aplicaci\u00f3n<\/strong><br \/>\nProtecci\u00f3n de las v\u00edas respiratorias contra vapores org\u00e1nicos, gases y vapores inorg\u00e1nicos, anh\u00eddrido sulfuroso (SO<span style=\"font-size: 10px\">2<\/span>), formaldeh\u00eddo (CH<span style=\"font-size: 10px\">2<\/span>O) y gases \u00e1cidos.<\/p>\n<p><strong>Eficiencia qu\u00edmica a 1000 ppm<\/strong><br \/>\n-Ciclohexano (C<span style=\"font-size: 10px\">6<\/span>H<span style=\"font-size: 10px\">12<\/span>): 70 minutos<br \/>\n-Cloro (Cl<span style=\"font-size: 10px\">2<\/span>): 20 minutos<br \/>\n-\u00c1cido Sulfh\u00eddrico (H<span style=\"font-size: 10px\">2<\/span>S): 40 minutos<br \/>\n-\u00c1cido Cianh\u00eddrico (HCN): 25 minutos<br \/>\n-Di\u00f3xido de azufre (SO<span style=\"font-size: 10px\">2<\/span>): 20 minutos<\/p>\n<p><strong>Restricci\u00f3n de uso<\/strong><br \/>\n-Este filtro no suministra ox\u00edgeno. Utilice en \u00e1reas adecuadamente ventiladas sin deficiencia de ox\u00edgeno y que no contengan atm\u00f3sferas explosivas.<br \/>\n-No usar en ambientes donde el nivel de concentraci\u00f3n del contaminante es inmediatamente peligrosa para la vida o la salud (IDLH).<\/p>\n<p><strong>Certificaci\u00f3n<\/strong><br \/>\nEN 14387:2004 + A 1:2008, conforme a lo dispuesto en el reglamento (UE) 2016\/425 relativo a los equipos de protecci\u00f3n personal.<br \/>\nRegistro I.S.P. EPP2814<\/p>\n<p><strong>Materiales<\/strong><br \/>\n-C\u00e1psula: termopl\u00e1stica<br \/>\n-Material filtrante: carb\u00f3n activado<br \/>\n-Color etiqueta: marr\u00f3n, gris y amarillo<\/p>\n","protected":false},"excerpt":{"rendered":"<p>Filtro aprobado para la protecci\u00f3n contra vapores org\u00e1nicos, gases y vapores inorg\u00e1nicos, anh\u00eddrido sulfuroso (SO2), formaldeh\u00eddo (CH2O) y gases \u00e1cidos, compatibles con las l\u00edneas de respiradores AIR S900, S950 y FFS990.<\/p>\n<p>&nbsp;<\/p>\n<p><span style=\"font-size: 20px\"><strong>PRECIO POR PAR DE FILTROS<\/strong><\/span><\/p>\n","protected":false},"featured_media":9257,"template":"","meta":{"_joinchat":[]},"product_cat":[1370,1086],"product_tag":[],"class_list":{"0":"post-8335","1":"product","2":"type-product","3":"status-publish","4":"has-post-thumbnail","6":"product_cat-filtro-y-pre-filtro","7":"product_cat-oferta","9":"first","10":"instock","11":"sale","12":"taxable","13":"shipping-taxable","14":"purchasable","15":"product-type-simple"},"_links":{"self":[{"href":"https:\/\/lidertecsa.com.ar\/catalogo\/wp-json\/wp\/v2\/product\/8335"}],"collection":[{"href":"https:\/\/lidertecsa.com.ar\/catalogo\/wp-json\/wp\/v2\/product"}],"about":[{"href":"https:\/\/lidertecsa.com.ar\/catalogo\/wp-json\/wp\/v2\/types\/product"}],"wp:featuredmedia":[{"embeddable":true,"href":"https:\/\/lidertecsa.com.ar\/catalogo\/wp-json\/wp\/v2\/media\/9257"}],"wp:attachment":[{"href":"https:\/\/lidertecsa.com.ar\/catalogo\/wp-json\/wp\/v2\/media?parent=8335"}],"wp:term":[{"taxonomy":"product_cat","embeddable":true,"href":"https:\/\/lidertecsa.com.ar\/catalogo\/wp-json\/wp\/v2\/product_cat?post=8335"},{"taxonomy":"product_tag","embeddable":true,"href":"https:\/\/lidertecsa.com.ar\/catalogo\/wp-json\/wp\/v2\/product_tag?post=8335"}],"curies":[{"name":"wp","href":"https:\/\/api.w.org\/{rel}","templated":true}]}}