{"id":8316,"date":"2024-08-13T14:29:58","date_gmt":"2024-08-13T17:29:58","guid":{"rendered":"https:\/\/lidertecsa.com.ar\/catalogo\/?post_type=product&#038;p=8316"},"modified":"2024-12-29T10:46:23","modified_gmt":"2024-12-29T13:46:23","slug":"filtro-air-f200p3","status":"publish","type":"product","link":"https:\/\/lidertecsa.com.ar\/catalogo\/producto\/filtro-air-f200p3\/","title":{"rendered":"Filtro Air F200P3"},"content":{"rendered":"<p><strong>Caracter\u00edsticas<\/strong><br \/>\n-Bajo perfil para una mayor compatibilidad con caretas de protecci\u00f3n y m\u00e1scaras de soldar.<br \/>\n-Conector de polipropileno compatible con S900, S950 y FFS990.<\/p>\n<p><strong>Aplicaci\u00f3n<\/strong><br \/>\n-Protecci\u00f3n contra todo tipo de de part\u00edculas s\u00f3lidas, l\u00edquidas acuosas y l\u00edquidas aceitosas.<br \/>\n-Protecci\u00f3n contra part\u00edculas como carb\u00f3n, algod\u00f3n, aluminio, trigo, hierro, s\u00edlice libre cristalizada, plomo, cadmio, ars\u00e9nico, asbesto, humos met\u00e1licos y procesos de soldadura en general.<\/p>\n<p><strong>Restricci\u00f3n de uso<\/strong><br \/>\n-Este filtro no suministra ox\u00edgeno. Utilice en \u00e1reas adecuadamente ventiladas sin deficiencia de ox\u00edgeno y que no contengan atm\u00f3sferas explosivas.<br \/>\n-No usar en ambientes donde el nivel de concentraci\u00f3n del contaminante es inmediatamente peligrosos para la vida o la salud (IDLH).<br \/>\n-No usar como protecci\u00f3n contra gases y vapores.<\/p>\n<p><strong>Certificaci\u00f3n<\/strong><br \/>\nEN 143:2000 + A 1:2006, conforme a lo dispuesto en reglamento (UE) 2016\/425 relativo a los equipos de protecci\u00f3n individual.<br \/>\nRegistro I.S.P. EPP1763<\/p>\n<p><strong>Materiales<\/strong><br \/>\n-Material filtrante: tela no tejida de polipropileno cargada electroest\u00e1ticamente.<br \/>\n-Conector: pol\u00edmero sint\u00e9tico<br \/>\n-Color: blanco<\/p>\n","protected":false},"excerpt":{"rendered":"<p>Filtro de alta eficiencia aprobado para la protecci\u00f3n contra part\u00edculas, compatible con las l\u00edneas de respiradores AIR S900, S950 y FFS990.<\/p>\n<p>&nbsp;<\/p>\n<p><strong><span style=\"font-size: 20px\">PRECIO POR PAR DE FILTROS<\/span><\/strong><\/p>\n","protected":false},"featured_media":9556,"template":"","meta":{"_joinchat":[]},"product_cat":[1370,1086],"product_tag":[],"class_list":{"0":"post-8316","1":"product","2":"type-product","3":"status-publish","4":"has-post-thumbnail","6":"product_cat-filtro-y-pre-filtro","7":"product_cat-oferta","9":"first","10":"instock","11":"sale","12":"taxable","13":"shipping-taxable","14":"purchasable","15":"product-type-simple"},"_links":{"self":[{"href":"https:\/\/lidertecsa.com.ar\/catalogo\/wp-json\/wp\/v2\/product\/8316"}],"collection":[{"href":"https:\/\/lidertecsa.com.ar\/catalogo\/wp-json\/wp\/v2\/product"}],"about":[{"href":"https:\/\/lidertecsa.com.ar\/catalogo\/wp-json\/wp\/v2\/types\/product"}],"wp:featuredmedia":[{"embeddable":true,"href":"https:\/\/lidertecsa.com.ar\/catalogo\/wp-json\/wp\/v2\/media\/9556"}],"wp:attachment":[{"href":"https:\/\/lidertecsa.com.ar\/catalogo\/wp-json\/wp\/v2\/media?parent=8316"}],"wp:term":[{"taxonomy":"product_cat","embeddable":true,"href":"https:\/\/lidertecsa.com.ar\/catalogo\/wp-json\/wp\/v2\/product_cat?post=8316"},{"taxonomy":"product_tag","embeddable":true,"href":"https:\/\/lidertecsa.com.ar\/catalogo\/wp-json\/wp\/v2\/product_tag?post=8316"}],"curies":[{"name":"wp","href":"https:\/\/api.w.org\/{rel}","templated":true}]}}