{"id":8301,"date":"2024-08-12T10:42:13","date_gmt":"2024-08-12T13:42:13","guid":{"rendered":"https:\/\/lidertecsa.com.ar\/catalogo\/?post_type=product&#038;p=8301"},"modified":"2024-12-26T12:09:18","modified_gmt":"2024-12-26T15:09:18","slug":"botin-fujiwara","status":"publish","type":"product","link":"https:\/\/lidertecsa.com.ar\/catalogo\/producto\/botin-fujiwara\/","title":{"rendered":"Botin Fujiwara"},"content":{"rendered":"<p><strong>Modelo: <\/strong>BNFS<strong><br \/>\nColor:<\/strong>\u00a0NEGRO<br \/>\n<strong>TALLES:\u00a0<\/strong>34 al 46<\/p>\n<p><strong>Caracter\u00edsticas:<\/strong><br \/>\nBot\u00edn de seguridad con cord\u00f3n, ca\u00f1a acolchada con tejido Sanitec para r\u00e1pida absorci\u00f3n del sudor y para combate de la proliferaci\u00f3n de hongos y bacterias, puntera de acero, con plantilla no tejida interna de goma EVA antimicrobiana y suela de poliuretano de inyecci\u00f3n directa doble densidad.<br \/>\n<strong>Capellada:<\/strong> confeccionado en cuero estampa relax, forro interno del empeine tejido y forro de la ca\u00f1a tejido con alto poder para absorber la transpiraci\u00f3n y permeabilidad.<br \/>\n<strong>Suela:<\/strong> suela con doble densidad constituida por dos capas de PU inyectado directamente sobre la capellada. La entresuela es m\u00e1s blanda y proporciona mayor confort. La compacta es m\u00e1s densa y tiene una excelente resistencia a la abrasi\u00f3n y al desgaste.<br \/>\n<strong>Puntera:<\/strong> puntera de seguridad hecha de acero, con resistencia al impacto con energ\u00eda de 200 Julios y resistencia a la compresi\u00f3n con fuerza de 15KN.<br \/>\n<strong>Plantilla:<\/strong> plantilla de montaje no tejida y cosida con sistema strobel. Plantilla interna hecha de EVA soft con excelente memoria, 4 mm de espesor y que otorga comodidad para los pies.<\/p>\n<p><strong>Informe t\u00e9cnico<\/strong><br \/>\nCalzado certificado por la norma IRAM 3610:2024<\/p>\n","protected":false},"excerpt":{"rendered":"<p>Botin de seguridad marca Fujiwara<\/p>\n","protected":false},"featured_media":9188,"template":"","meta":{"_joinchat":[]},"product_cat":[1525],"product_tag":[],"class_list":{"0":"post-8301","1":"product","2":"type-product","3":"status-publish","4":"has-post-thumbnail","6":"product_cat-botin-de-seguridad","8":"first","9":"instock","10":"taxable","11":"shipping-taxable","12":"product-type-simple"},"_links":{"self":[{"href":"https:\/\/lidertecsa.com.ar\/catalogo\/wp-json\/wp\/v2\/product\/8301"}],"collection":[{"href":"https:\/\/lidertecsa.com.ar\/catalogo\/wp-json\/wp\/v2\/product"}],"about":[{"href":"https:\/\/lidertecsa.com.ar\/catalogo\/wp-json\/wp\/v2\/types\/product"}],"wp:featuredmedia":[{"embeddable":true,"href":"https:\/\/lidertecsa.com.ar\/catalogo\/wp-json\/wp\/v2\/media\/9188"}],"wp:attachment":[{"href":"https:\/\/lidertecsa.com.ar\/catalogo\/wp-json\/wp\/v2\/media?parent=8301"}],"wp:term":[{"taxonomy":"product_cat","embeddable":true,"href":"https:\/\/lidertecsa.com.ar\/catalogo\/wp-json\/wp\/v2\/product_cat?post=8301"},{"taxonomy":"product_tag","embeddable":true,"href":"https:\/\/lidertecsa.com.ar\/catalogo\/wp-json\/wp\/v2\/product_tag?post=8301"}],"curies":[{"name":"wp","href":"https:\/\/api.w.org\/{rel}","templated":true}]}}