{"id":823,"date":"2023-06-20T10:46:35","date_gmt":"2023-06-20T13:46:35","guid":{"rendered":"https:\/\/lidertecsa.com.ar\/catalogo\/?post_type=product&#038;p=823"},"modified":"2024-12-13T16:31:09","modified_gmt":"2024-12-13T19:31:09","slug":"bordeadora-inalambrica-ge-ct-18-li-solo","status":"publish","type":"product","link":"https:\/\/lidertecsa.com.ar\/catalogo\/producto\/bordeadora-inalambrica-ge-ct-18-li-solo\/","title":{"rendered":"Bordeadora Inal\u00e1mbrica GE-CT 18 Li Solo"},"content":{"rendered":"<div id=\"content\" class=\"site-content\">\n<div id=\"primary\" class=\"content-area\">\n<p>La bordeadora GE-CT 18 Li es un aparato de alto rendimiento y calidad que permite mantener el jard\u00edn cuidado donde quiera que la cortadora de c\u00e9sped no pueda acceder. Dispone de un indicador del nivel de bater\u00eda con 3 LEDs, que permite la lectura del estado de carga actual de un solo vistazo.<\/p>\n<p>El mango telesc\u00f3pico sin escalonamientos con agarre antideslizante se adapta al tama\u00f1o del usuario y permite un manejo m\u00e1s c\u00f3modo. Gracias a su asa auxiliar regulable sin escalonamientos y a su cabezal del motor giratorio en +\/- 90\u00ba, que tambi\u00e9n se puede inclinar en cinco posiciones, es posible trabajar de forma c\u00f3moda y sin esfuerzo incluso en condiciones de trabajo dif\u00edciles, como superficies verticales o agujeros.<\/p>\n<p>Con el fin de proteger las flores, las plantas ornamentales y otros objetos delicados, el aparato est\u00e1 equipado con un protector de plantas.<\/p>\n<table width=\"308\">\n<tbody>\n<tr>\n<td colspan=\"2\" width=\"308\">T\u00e9cnico<\/td>\n<\/tr>\n<tr>\n<td width=\"228\">Revoluciones de cuchillo<\/td>\n<td width=\"80\">8500 rpm<\/td>\n<\/tr>\n<tr>\n<td width=\"228\">Ancho de corte del cuchillo<\/td>\n<td width=\"80\">24 cm<\/td>\n<\/tr>\n<\/tbody>\n<\/table>\n<div id=\"product-34645\" class=\"product type-product post-34645 status-publish first instock product_cat-bordeadoras has-post-thumbnail taxable shipping-taxable purchasable product-type-simple\">\n<div class=\"woocommerce-tabs wc-tabs-wrapper\">\n<div id=\"tab-description\" class=\"woocommerce-Tabs-panel woocommerce-Tabs-panel--description panel entry-content wc-tab\" role=\"tabpanel\" aria-labelledby=\"tab-title-description\"><\/div>\n<\/div>\n<\/div>\n<\/div>\n<\/div>\n<footer id=\"colophon\" class=\"site-footer\">\n<div class=\"site-info\">\n<div class=\"cols-2 cols-2_12_12\">\n<div class=\"c2left\">\n<div class=\"data-fiscal\"><\/div>\n<\/div>\n<div class=\"c2right\">\n<div id=\"m3form_general_wrapper\" title=\"Consulta General\"><\/div>\n<\/div>\n<\/div>\n<\/div>\n<\/footer>\n","protected":false},"excerpt":{"rendered":"<ul>\n<li>Miembro de la familia Power X-Change (en esta versi\u00f3n la bater\u00eda y el cargador no se incluyen, debiendo los mismos se adquiridos por separado)<\/li>\n<li>Indicador del nivel de la bater\u00eda con 3 LEDs<\/li>\n<li>Incl. cargador r\u00e1pido del sistema<\/li>\n<li>Asa auxiliar regulable sin escalonamientos<\/li>\n<li>Mango telesc\u00f3pico regulable sin escalonamientos<\/li>\n<li>Cabezal del motor con 5 posiciones de inclinaci\u00f3n<\/li>\n<li>Protector de plantas<\/li>\n<li>Compartimento integrado para 20 cuchillas en el asa auxiliar<\/li>\n<li>Incl. 20 cuchillas de pl\u00e1stico<\/li>\n<li>Empu\u00f1adura antideslizante<\/li>\n<\/ul>\n","protected":false},"featured_media":3295,"template":"","meta":{"_joinchat":[]},"product_cat":[50],"product_tag":[246],"class_list":{"0":"post-823","1":"product","2":"type-product","3":"status-publish","4":"has-post-thumbnail","6":"product_cat-herramientas-a-bateria","7":"product_tag-bordeadora","9":"first","10":"instock","11":"product-type-simple"},"_links":{"self":[{"href":"https:\/\/lidertecsa.com.ar\/catalogo\/wp-json\/wp\/v2\/product\/823"}],"collection":[{"href":"https:\/\/lidertecsa.com.ar\/catalogo\/wp-json\/wp\/v2\/product"}],"about":[{"href":"https:\/\/lidertecsa.com.ar\/catalogo\/wp-json\/wp\/v2\/types\/product"}],"wp:featuredmedia":[{"embeddable":true,"href":"https:\/\/lidertecsa.com.ar\/catalogo\/wp-json\/wp\/v2\/media\/3295"}],"wp:attachment":[{"href":"https:\/\/lidertecsa.com.ar\/catalogo\/wp-json\/wp\/v2\/media?parent=823"}],"wp:term":[{"taxonomy":"product_cat","embeddable":true,"href":"https:\/\/lidertecsa.com.ar\/catalogo\/wp-json\/wp\/v2\/product_cat?post=823"},{"taxonomy":"product_tag","embeddable":true,"href":"https:\/\/lidertecsa.com.ar\/catalogo\/wp-json\/wp\/v2\/product_tag?post=823"}],"curies":[{"name":"wp","href":"https:\/\/api.w.org\/{rel}","templated":true}]}}