{"id":811,"date":"2023-06-20T10:25:05","date_gmt":"2023-06-20T13:25:05","guid":{"rendered":"https:\/\/lidertecsa.com.ar\/catalogo\/?post_type=product&#038;p=811"},"modified":"2024-12-13T16:31:07","modified_gmt":"2024-12-13T19:31:07","slug":"bordeadora-inalambrica-con-carro","status":"publish","type":"product","link":"https:\/\/lidertecsa.com.ar\/catalogo\/producto\/bordeadora-inalambrica-con-carro\/","title":{"rendered":"Bordeadora Inal\u00e1mbrica con Carro"},"content":{"rendered":"<div id=\"tab-label-product_info_description\" class=\"data item title\">\n<div id=\"label-product_info_description\" class=\"data item content\" data-role=\"content\">\n<div class=\"product attribute description\">\n<div class=\"value\">La recortadora de c\u00e9sped con bater\u00eda GE-CT 18\/28 Li TC-Solo de Einhell supera los desaf\u00edos en el jard\u00edn dom\u00e9stico en bordes de superficies de c\u00e9sped, puntos estrechos o aristas. Gracias al peso ligero y a la facilidad de manejo de la potente recortadora Power X-Change, estos puntos problem\u00e1ticos se pueden trabajar sin esfuerzo. Las bater\u00edas con celdas de iones de litio de alta calidad se pueden combinar con todos los miembros de la familia Power X-Change. La recortadora de c\u00e9sped con bater\u00eda es c\u00f3moda en el manejo por la empu\u00f1adura regulable continua y el agarre suave para la comodidad perfecta. Por medio del larguero de guiado telesc\u00f3pico continuo puede adaptarse la altura individualmente al tama\u00f1o del usuario. El cabezal motor inclinable a 3 niveles es giratorio en 180\u00ba, de modo que tambi\u00e9n se puedan trabajar superficies verticales y aristas de c\u00e9sped de forma flexible y c\u00f3moda. Durante el uso, el protector de flores protege las plantas y \u00e1rboles de deterioros. Con el \u00abcarro de recortadora\u00bb contenido en el alcance del env\u00edo se da la opci\u00f3n de convertir la recortadora guiada manualmente en un cortac\u00e9sped City manejable con ajuste de altura de corte axial, de 2 niveles de 35 mm a 55 mm. El \u00abcarro\u00bb dispone de un sistema de clic para el cambio sencillo y sin herramientas de recortadora a mano sobre cortac\u00e9sped City. En el alcance del env\u00edo est\u00e1 contenida una bobina de hilo (5m) con seguimiento de hilo totalmente autom\u00e1tico. La entrega se realiza sin bater\u00eda ni cargador. Son adquiribles por separado, por ejemplo, como pr\u00e1ctico set para principiantes Power X-Change. Para el funcionamiento de la recortadora de c\u00e9sped con bater\u00eda es necesaria una bater\u00eda PXC de 18 V.<\/div>\n<\/div>\n<\/div>\n<\/div>\n<div><\/div>\n<div>\n<table width=\"406\">\n<tbody>\n<tr>\n<td colspan=\"2\" width=\"406\">Datos Tecnicos<\/td>\n<\/tr>\n<tr>\n<td width=\"228\">Revoluciones de hilo<\/td>\n<td width=\"178\">8000 rpm<\/td>\n<\/tr>\n<tr>\n<td width=\"228\">Caracter\u00edstica de corte<\/td>\n<td width=\"178\">Single line<\/td>\n<\/tr>\n<tr>\n<td width=\"228\">Diametro de hilo<\/td>\n<td width=\"178\">1.6 mm<\/td>\n<\/tr>\n<tr>\n<td width=\"228\">Reajuste de hilo<\/td>\n<td width=\"178\">Full automatic<\/td>\n<\/tr>\n<tr>\n<td width=\"228\">Diametro de hilo<\/td>\n<td width=\"178\">5 m<\/td>\n<\/tr>\n<tr>\n<td width=\"228\">Ancho de corte de hilo<\/td>\n<td width=\"178\">28 cm<\/td>\n<\/tr>\n<\/tbody>\n<\/table>\n<\/div>\n","protected":false},"excerpt":{"rendered":"<ul>\n<li>Miembro de la familia Power X-Change, necesita 1 bater\u00eda de 18 V<\/li>\n<li>Mango auxiliar regulable continuo<\/li>\n<li>Larguero de guiado telesc\u00f3pico continuo: Adaptado a tama\u00f1o del usuario<\/li>\n<li>Cabezal del motor giratorio 180\u00b0: Para superficies verticales \/ bordes<\/li>\n<li>Cabezal motor inclinable en 3 niveles permite un trabajo flexible<\/li>\n<li>Protector de flores \u2013 protege plantas y \u00e1rboles de deterioros<\/li>\n<li>Incl. bobina de hilo (5m) con seguimiento de hilo totalmente autom\u00e1tico<\/li>\n<li>Incl. \u00abcarro de recortadora\u00bb \u2013 cortac\u00e9sped City manejable<\/li>\n<li>Carro de recortadora: ajuste de altura de corte axial con 2 niveles (35-55mm)<\/li>\n<li>Carro de recortadora: sist. de clic para cambio f\u00e1cil y sin herramienta<\/li>\n<li>Agarre suave \u2013 comodidad perfecta<\/li>\n<li>Env\u00edo sin bater\u00eda ni cargador (adquiribles por separado)<\/li>\n<\/ul>\n","protected":false},"featured_media":3291,"template":"","meta":{"_joinchat":[]},"product_cat":[50],"product_tag":[245],"class_list":{"0":"post-811","1":"product","2":"type-product","3":"status-publish","4":"has-post-thumbnail","6":"product_cat-herramientas-a-bateria","7":"product_tag-bordeadora-con-carro","9":"first","10":"instock","11":"product-type-simple"},"_links":{"self":[{"href":"https:\/\/lidertecsa.com.ar\/catalogo\/wp-json\/wp\/v2\/product\/811"}],"collection":[{"href":"https:\/\/lidertecsa.com.ar\/catalogo\/wp-json\/wp\/v2\/product"}],"about":[{"href":"https:\/\/lidertecsa.com.ar\/catalogo\/wp-json\/wp\/v2\/types\/product"}],"wp:featuredmedia":[{"embeddable":true,"href":"https:\/\/lidertecsa.com.ar\/catalogo\/wp-json\/wp\/v2\/media\/3291"}],"wp:attachment":[{"href":"https:\/\/lidertecsa.com.ar\/catalogo\/wp-json\/wp\/v2\/media?parent=811"}],"wp:term":[{"taxonomy":"product_cat","embeddable":true,"href":"https:\/\/lidertecsa.com.ar\/catalogo\/wp-json\/wp\/v2\/product_cat?post=811"},{"taxonomy":"product_tag","embeddable":true,"href":"https:\/\/lidertecsa.com.ar\/catalogo\/wp-json\/wp\/v2\/product_tag?post=811"}],"curies":[{"name":"wp","href":"https:\/\/api.w.org\/{rel}","templated":true}]}}