{"id":809,"date":"2023-06-20T10:17:03","date_gmt":"2023-06-20T13:17:03","guid":{"rendered":"https:\/\/lidertecsa.com.ar\/catalogo\/?post_type=product&#038;p=809"},"modified":"2024-12-13T16:31:07","modified_gmt":"2024-12-13T19:31:07","slug":"desmalezadora-inalambrica","status":"publish","type":"product","link":"https:\/\/lidertecsa.com.ar\/catalogo\/producto\/desmalezadora-inalambrica\/","title":{"rendered":"Desmalezadora Inal\u00e1mbrica"},"content":{"rendered":"<p>La guada\u00f1a a bater\u00edas Einhell Agillo ofrece un impresionante rendimiento de siega en el jard\u00edn dom\u00e9stico y, al mismo tiempo, es agradable de manejar. Ya se trate de terrenos agrestes, pendientes pronunciadas, terraplenes o arcenes, la guada\u00f1a a bater\u00edas permite avanzar por la hierba y el c\u00e9sped con flexibilidad y sin cables. Equipada con el motor el\u00e9ctrico sin escobillas Einhell Brushless, la guada\u00f1a a bater\u00edas se maneja con seguridad gracias a su mango bimanual de ajuste universal. El n\u00famero de revoluciones se regula electr\u00f3nicamente. La cuchilla de 3 dientes de alta calidad se adentra sin esfuerzo en el c\u00e9sped y el sistema de bloqueo del husillo permite cambiar f\u00e1cilmente el equipamiento de corte. Gracias al eje partido, la facilidad de transporte est\u00e1 garantizada y se ahorra espacio de almacenamiento. La correa de alta calidad permite acarrearlo de manera confortable y trabajar sin fatiga, mientras que el larguero de gu\u00eda de tubo de aluminio y el agarre suave posibilitan una gran ergonom\u00eda de trabajo. Tambi\u00e9n se ha pensado en un pr\u00e1ctico soporte para la pared. La guada\u00f1a a bater\u00edas forma parte de la familia Power X-Change. Todas las bater\u00edas de esta serie de sistemas se pueden usar en los equipos Power X-Change. La guada\u00f1a a bater\u00edas funciona con dos bater\u00edas de 18 V. Las bater\u00edas y el cargador se pueden adquirir por separado.<\/p>\n<table width=\"359\">\n<tbody>\n<tr>\n<td colspan=\"2\" width=\"359\">T\u00e9cnico<\/td>\n<\/tr>\n<tr>\n<td width=\"197\">Max.\u00a0velocidad<\/td>\n<td width=\"162\">6300 min ^ -1<\/td>\n<\/tr>\n<tr>\n<td width=\"197\">Longitud<\/td>\n<td width=\"162\">190 cm<\/td>\n<\/tr>\n<tr>\n<td width=\"197\">Tipo de cuchillo<\/td>\n<td width=\"162\">Hoja de 3 dientes<\/td>\n<\/tr>\n<tr>\n<td width=\"197\">Ancho de corte (cuchillo)<\/td>\n<td width=\"162\">25,5 cm<\/td>\n<\/tr>\n<tr>\n<td width=\"197\">Tipo de carrete<\/td>\n<td width=\"162\">Linea sola<\/td>\n<\/tr>\n<tr>\n<td width=\"197\">Ancho de corte (carrete)<\/td>\n<td width=\"162\">30 centimetros<\/td>\n<\/tr>\n<tr>\n<td width=\"197\">Longitud de la rosca<\/td>\n<td width=\"162\">8 m<\/td>\n<\/tr>\n<tr>\n<td width=\"197\">Diametro de hilo<\/td>\n<td width=\"162\">2 mm<\/td>\n<\/tr>\n<tr>\n<td width=\"197\">Reajuste de hilo<\/td>\n<td width=\"162\">Tipp autom\u00e1tico<\/td>\n<\/tr>\n<\/tbody>\n<\/table>\n","protected":false},"excerpt":{"rendered":"<ul>\n<li>Miembro de la familia Power X-Change, necesita 2 bater\u00edas de 18 V<\/li>\n<li>Motor Brushless de Einhell: con motor el\u00e9ctrico sin escobillas<\/li>\n<li>Motor en la parte delantera: optimiza la transmisi\u00f3n de la fuerza y la distribuci\u00f3n del peso<\/li>\n<li>Regulaci\u00f3n electr\u00f3nica del n\u00famero de revoluciones<\/li>\n<li>Mango bimanual (manillar de bicicleta) de ajuste universal<\/li>\n<li>Eje partido: facilita el transporte y ahorra espacio una vez guardado<\/li>\n<li>Bobina de hilo con inclinaci\u00f3n autom\u00e1tica<\/li>\n<li>Cuchilla de 3 dientes de alta calidad<\/li>\n<li>Sistema de bloqueo del husillo para cambiar f\u00e1cilmente el equipamiento de corte<\/li>\n<li>Correa de alta calidad para acarrearlo c\u00f3modamente<\/li>\n<li>Soporte de pared<\/li>\n<li>Agarre suave para trabajar de manera ergon\u00f3mica<\/li>\n<li>Larguero de gu\u00eda de tubo de aluminio para trabajar sin fatiga<\/li>\n<li>Se suministra sin bater\u00eda ni cargador (se venden por separado)<\/li>\n<\/ul>\n","protected":false},"featured_media":3305,"template":"","meta":{"_joinchat":[]},"product_cat":[50],"product_tag":[244],"class_list":{"0":"post-809","1":"product","2":"type-product","3":"status-publish","4":"has-post-thumbnail","6":"product_cat-herramientas-a-bateria","7":"product_tag-desmalezadora","9":"first","10":"instock","11":"product-type-simple"},"_links":{"self":[{"href":"https:\/\/lidertecsa.com.ar\/catalogo\/wp-json\/wp\/v2\/product\/809"}],"collection":[{"href":"https:\/\/lidertecsa.com.ar\/catalogo\/wp-json\/wp\/v2\/product"}],"about":[{"href":"https:\/\/lidertecsa.com.ar\/catalogo\/wp-json\/wp\/v2\/types\/product"}],"wp:featuredmedia":[{"embeddable":true,"href":"https:\/\/lidertecsa.com.ar\/catalogo\/wp-json\/wp\/v2\/media\/3305"}],"wp:attachment":[{"href":"https:\/\/lidertecsa.com.ar\/catalogo\/wp-json\/wp\/v2\/media?parent=809"}],"wp:term":[{"taxonomy":"product_cat","embeddable":true,"href":"https:\/\/lidertecsa.com.ar\/catalogo\/wp-json\/wp\/v2\/product_cat?post=809"},{"taxonomy":"product_tag","embeddable":true,"href":"https:\/\/lidertecsa.com.ar\/catalogo\/wp-json\/wp\/v2\/product_tag?post=809"}],"curies":[{"name":"wp","href":"https:\/\/api.w.org\/{rel}","templated":true}]}}