{"id":807,"date":"2023-06-20T10:13:34","date_gmt":"2023-06-20T13:13:34","guid":{"rendered":"https:\/\/lidertecsa.com.ar\/catalogo\/?post_type=product&#038;p=807"},"modified":"2024-12-13T16:31:07","modified_gmt":"2024-12-13T19:31:07","slug":"cortacesped-helicoidal-a-bateria-ge-hm-18-38-li-solo","status":"publish","type":"product","link":"https:\/\/lidertecsa.com.ar\/catalogo\/producto\/cortacesped-helicoidal-a-bateria-ge-hm-18-38-li-solo\/","title":{"rendered":"Cortacesped Helicoidal a bater\u00eda GE-HM 18\/38 Li-Solo"},"content":{"rendered":"<div id=\"content\" class=\"site-content\">\n<div id=\"primary\" class=\"content-area\">\n<div id=\"product-36710\" class=\"product type-product post-36710 status-publish first instock product_cat-cortadoras-de-cesped has-post-thumbnail taxable shipping-taxable purchasable product-type-simple\">\n<div class=\"woocommerce-tabs wc-tabs-wrapper\">\n<div id=\"tab-description\" class=\"woocommerce-Tabs-panel woocommerce-Tabs-panel--description panel entry-content wc-tab\" role=\"tabpanel\" aria-labelledby=\"tab-title-description\">\n<ul class=\"a-unordered-list a-vertical a-spacing-mini\">\n<li><span class=\"a-list-item\">El cortac\u00e9sped de husillo inal\u00e1mbrico de Einhell proporciona resultados de corte de precisi\u00f3n con cinco cuchillas de corte de acero de alta calidad \u201capto para el golf\u201d. Una particularidad del cortac\u00e9sped: tambi\u00e9n se puede utilizar sin bater\u00eda.<\/span><\/li>\n<li><span class=\"a-list-item\">Alimentado por un husillo de corte con rodamiento de bolas, el cortac\u00e9sped utiliza una tecnolog\u00eda de corte sin contacto, silencioso y que ahorra energ\u00eda. El husillo de corte dispone de cinco cuchillas de acero de alta calidad y precisi\u00f3n para unos resultados absolutamente perfectos.<\/span><\/li>\n<li><span class=\"a-list-item\">El cortac\u00e9sped dispone de 4 niveles de ajuste de altura de corte de 14 mm a 38 mm (14 mm, 23 mm, 32 mm, 38 mm) y un ancho de corte de 38 cm. El mango de gu\u00eda es ergon\u00f3mico y de altura regulable. El deflector trasero es ajustable en 3 posiciones.<\/span><\/li>\n<li><span class=\"a-list-item\">Las ruedas grandes no solo protegen el c\u00e9sped, sino que tambi\u00e9n pueden gestionar peque\u00f1as irregularidades sin grandes problemas. Adem\u00e1s, el cortac\u00e9sped de husillo con bater\u00eda tiene una cesta de recogida de hierba extra\u00edble de 45 litros.<\/span><\/li>\n<li><span class=\"a-list-item\">Alimentado por la bater\u00eda Power X-Change de 18 V con celdas de iones de litio de alta calidad, el cortac\u00e9sped ofrece toda la flexibilidad de PXC: cada bater\u00eda de la serie PXC se puede combinar con cualquier dispositivo PXC.<\/span><\/li>\n<li><span class=\"a-list-item\">La entrega se efectuar\u00e1 sin bater\u00eda y sin cargador, que se venden por separado.<\/span><\/li>\n<\/ul>\n<p class=\"aplus-p2 aplus-module-1-description\">La bater\u00eda Power X-Change acciona el husillo de corte, as\u00ed la variante de bater\u00eda puede moverse ahorrando muchos esfuerzos frente a cortac\u00e9spedes de husillo usuales. Esto ahorra fuerzas, adem\u00e1s de tiempo. El cortac\u00e9sped de husillo puede usarse si es necesario en funcionamiento manual.<\/p>\n<p class=\"aplus-p2 aplus-module-1-description\">Es decir, incluso cuando su bater\u00eda Power X-Change no est\u00e1 cargada excepcionalmente una vez, puede usar el cortac\u00e9sped como habitualmente. El larguero gu\u00eda puede adaptarse individualmente al tama\u00f1o corporal.<\/p>\n<p>&nbsp;<\/p>\n<table width=\"562\">\n<tbody>\n<tr>\n<td colspan=\"2\" width=\"562\">Datos t\u00e9cnicos<\/td>\n<\/tr>\n<tr>\n<td width=\"234\">Ralent\u00ed<\/td>\n<td width=\"328\">890 min^-1<\/td>\n<\/tr>\n<tr>\n<td width=\"234\">Ancho de corte<\/td>\n<td width=\"328\">38 cm<\/td>\n<\/tr>\n<tr>\n<td width=\"234\">Ajuste de altura de corte<\/td>\n<td width=\"328\">14\/23\/32\/38 mm | single wheel with separate handles<\/td>\n<\/tr>\n<tr>\n<td width=\"234\">Capacidad del dispositivo de captura<\/td>\n<td width=\"328\">45 L<\/td>\n<\/tr>\n<tr>\n<td width=\"234\">N\u00famero de cuchillas de corte<\/td>\n<td width=\"328\">5 Pieces<\/td>\n<\/tr>\n<tr>\n<td width=\"234\">Di\u00e1metro de la rueda<\/td>\n<td width=\"328\">216 mm<\/td>\n<\/tr>\n<\/tbody>\n<\/table>\n<\/div>\n<\/div>\n<\/div>\n<\/div>\n<\/div>\n<footer id=\"colophon\" class=\"site-footer\">\n<div class=\"site-info\">\n<div class=\"cols-2 cols-2_12_12\">\n<div class=\"c2left\">\n<div class=\"data-fiscal\"><\/div>\n<\/div>\n<div class=\"c2right\">\n<div id=\"m3form_general_wrapper\" title=\"Consulta General\"><\/div>\n<\/div>\n<\/div>\n<\/div>\n<\/footer>\n","protected":false},"excerpt":{"rendered":"<ul>\n<li>Miembro de la familia Power X-Change \u2013 Corte sin contacto, silencioso y sin esfuerzo<\/li>\n<li>Husillo segadora de rodamientos de bolas con 5 cuchillas de acero de alta calidad<\/li>\n<li>Respetuoso con el medio ambiente-Ajuste de altura de corte en 4 etapas 14-38 mm (14 | 23 | 32 | 38 mm)<\/li>\n<li>Manillar de altura ajustable ergon\u00f3micamente-Caja recolectora de c\u00e9sped extra\u00edble de 45 litros<\/li>\n<li>Utilizable sin bater\u00eda PXC (operaci\u00f3n manual)<\/li>\n<li>Ruedas protectoras del c\u00e9sped-Deflector trasero ajustable (3 posiciones)<\/li>\n<li>Se suministra sin bater\u00eda ni cargador.<\/li>\n<\/ul>\n","protected":false},"featured_media":3301,"template":"","meta":{"_joinchat":[]},"product_cat":[50],"product_tag":[243],"class_list":{"0":"post-807","1":"product","2":"type-product","3":"status-publish","4":"has-post-thumbnail","6":"product_cat-herramientas-a-bateria","7":"product_tag-cortadora-de-cesped","9":"first","10":"instock","11":"product-type-simple"},"_links":{"self":[{"href":"https:\/\/lidertecsa.com.ar\/catalogo\/wp-json\/wp\/v2\/product\/807"}],"collection":[{"href":"https:\/\/lidertecsa.com.ar\/catalogo\/wp-json\/wp\/v2\/product"}],"about":[{"href":"https:\/\/lidertecsa.com.ar\/catalogo\/wp-json\/wp\/v2\/types\/product"}],"wp:featuredmedia":[{"embeddable":true,"href":"https:\/\/lidertecsa.com.ar\/catalogo\/wp-json\/wp\/v2\/media\/3301"}],"wp:attachment":[{"href":"https:\/\/lidertecsa.com.ar\/catalogo\/wp-json\/wp\/v2\/media?parent=807"}],"wp:term":[{"taxonomy":"product_cat","embeddable":true,"href":"https:\/\/lidertecsa.com.ar\/catalogo\/wp-json\/wp\/v2\/product_cat?post=807"},{"taxonomy":"product_tag","embeddable":true,"href":"https:\/\/lidertecsa.com.ar\/catalogo\/wp-json\/wp\/v2\/product_tag?post=807"}],"curies":[{"name":"wp","href":"https:\/\/api.w.org\/{rel}","templated":true}]}}