{"id":798,"date":"2023-06-20T09:53:32","date_gmt":"2023-06-20T12:53:32","guid":{"rendered":"https:\/\/lidertecsa.com.ar\/catalogo\/?post_type=product&#038;p=798"},"modified":"2024-12-13T16:31:06","modified_gmt":"2024-12-13T19:31:06","slug":"cortadora-de-cesped-inalambrica-ge-cm-36-47-s-hw-li4x4-0-ah-kit","status":"publish","type":"product","link":"https:\/\/lidertecsa.com.ar\/catalogo\/producto\/cortadora-de-cesped-inalambrica-ge-cm-36-47-s-hw-li4x4-0-ah-kit\/","title":{"rendered":"Cortadora de C\u00e9sped Inal\u00e1mbrica GE-CM 36\/47 -S \u2013 HW LI(4\u00d74.0 AH Kit)"},"content":{"rendered":"<p>Con el cortac\u00e9sped sin cables GE-CM 36\/47 S HW Li de Einhell resulta realmente divertido cuidar el jard\u00edn de casa. Ya sea para mantener el c\u00e9sped a raya o recortar los parterres, sin cables molestos, sin riesgo de tropezar ni arranques complicados: har\u00e1 el trabajo en un santiam\u00e9n. Con las bater\u00edas aut\u00f3nomas Power X-Change, dos potentes bater\u00edas aut\u00f3nomas de 18 V y 4,0 Ah ofrecen la propulsi\u00f3n necesaria al motor el\u00e9ctrico sin escobillas. Las cuatro bater\u00edas suministradas y la tecnolog\u00eda de doble paquete de carga permiten un trabajo de corte m\u00e1s prolongado sin tener que acudir a molestas recargas. El cortac\u00e9sped se recomienda para superficies de c\u00e9sped de hasta 700 m2. La tracci\u00f3n trasera de ajuste continuo facilita el corte en terrenos dif\u00edciles. Gracias al indicador de nivel de bater\u00eda con tres LED, se muestra la energ\u00eda disponible. Se logra un resultado de corte perfecto gracias a la plataforma Vortex Technology de Einhell y a la regulaci\u00f3n de altura de corte central de seis niveles. El concepto de manillar de Einhell resulta pr\u00e1ctico, incluidas las posiciones de limpieza y almacenamiento para ahorrar espacio. Como \u00abhighwheeler\u00bb con ruedas de rodamiento de bolas, la segadora inal\u00e1mbrica con un ancho de corte de 47 cm puede hacer frente a terrenos con condiciones si cabe m\u00e1s exigentes. La funci\u00f3n de descarga lateral y trasera por deflector desv\u00edan los recortes de manera \u00f3ptima hacia un lado sin afectar al proceso de trabajo. El colector de hierba de grandes dimensiones con 75 l tiene un indicador de nivel y dos asas de vaciado. Gracias su pr\u00e1ctico adaptador para mullir, la segadora inal\u00e1mbrica tambi\u00e9n ofrece una funci\u00f3n de mullido. Se incluye un raspador para una limpieza \u00f3ptima en la posici\u00f3n de limpieza.<\/p>\n<table width=\"549\">\n<tbody>\n<tr>\n<td colspan=\"2\" width=\"549\">Datos t\u00e9cnicos<\/td>\n<\/tr>\n<tr>\n<td width=\"297\">Bater\u00eda<\/td>\n<td width=\"252\">18 V (2x) | 4000 mAh | LiIo<\/td>\n<\/tr>\n<tr>\n<td width=\"297\">Ancho de corte<\/td>\n<td width=\"252\">47 cm<\/td>\n<\/tr>\n<tr>\n<td width=\"297\">Ajuste de la altura de corte<\/td>\n<td width=\"252\">6 niveles | 30-65 m | central<\/td>\n<\/tr>\n<tr>\n<td width=\"297\">Capacidad del dispositivo de captura<\/td>\n<td width=\"252\">75 L<\/td>\n<\/tr>\n<tr>\n<td width=\"297\">Di\u00e1metro de la rueda frontal<\/td>\n<td width=\"252\">200 mm<\/td>\n<\/tr>\n<tr>\n<td width=\"297\">Di\u00e1metro de la rueda trasera<\/td>\n<td width=\"252\">280 mm<\/td>\n<\/tr>\n<tr>\n<td width=\"297\">Altura de corte max<\/td>\n<td width=\"252\">65 mm<\/td>\n<\/tr>\n<tr>\n<td width=\"297\">Altura de corte min<\/td>\n<td width=\"252\">60 mm<\/td>\n<\/tr>\n<tr>\n<td width=\"297\">\u00c1rea de c\u00e9sped recomendada<\/td>\n<td width=\"252\">700 m2<\/td>\n<\/tr>\n<\/tbody>\n<\/table>\n<p>&nbsp;<\/p>\n","protected":false},"excerpt":{"rendered":"<div class=\"woocommerce-product-details__short-description\">\n<ul>\n<li>Bater\u00eda aut\u00f3noma \u2013 Bater\u00eda Power X-Change<\/li>\n<li>Indicador de nivel de bater\u00eda con 3 LED<\/li>\n<li>La bater\u00eda se puede usar con otros dispositivos Power X-Change<\/li>\n<li>Incluye 2 cargadores Twincharger<\/li>\n<li>Con motor el\u00e9ctrico sin escobillas<\/li>\n<li>Plataforma Vortex Technology de Einhell<\/li>\n<li>Ajuste de altura de corte central de 6 niveles<\/li>\n<li>Concepto de manillar de Einhell, incluidas posici\u00f3n de limpieza y almacenamiento<\/li>\n<li>Manillar de direcci\u00f3n plegable con empu\u00f1adura Softgrip y ajustable a 3 alturas<\/li>\n<li>Colector de hierba de grandes dimensiones con indicador de nivel y 2 asas de vaciado<\/li>\n<li>Funci\u00f3n de mullido mediante adaptador para mullido<\/li>\n<li>Funci\u00f3n de descarga lateral y trasera por deflector<\/li>\n<li>Este \u201chighwheeler\u201d incluye ruedas motrices con rodamiento de bolas<\/li>\n<li>Incluido raspador de limpieza en la posici\u00f3n de limpieza<\/li>\n<li>Corte m\u00e1s largo sin recarga gracias a ranuras adicionales para bater\u00edas<\/li>\n<li>Tracci\u00f3n de ruedas con regulaci\u00f3n de velocidad variable<\/li>\n<li>Recomendado para superficies de c\u00e9sped de hasta 700m<\/li>\n<\/ul>\n<\/div>\n","protected":false},"featured_media":3304,"template":"","meta":{"_joinchat":[]},"product_cat":[50],"product_tag":[243],"class_list":{"0":"post-798","1":"product","2":"type-product","3":"status-publish","4":"has-post-thumbnail","6":"product_cat-herramientas-a-bateria","7":"product_tag-cortadora-de-cesped","9":"first","10":"instock","11":"product-type-simple"},"_links":{"self":[{"href":"https:\/\/lidertecsa.com.ar\/catalogo\/wp-json\/wp\/v2\/product\/798"}],"collection":[{"href":"https:\/\/lidertecsa.com.ar\/catalogo\/wp-json\/wp\/v2\/product"}],"about":[{"href":"https:\/\/lidertecsa.com.ar\/catalogo\/wp-json\/wp\/v2\/types\/product"}],"wp:featuredmedia":[{"embeddable":true,"href":"https:\/\/lidertecsa.com.ar\/catalogo\/wp-json\/wp\/v2\/media\/3304"}],"wp:attachment":[{"href":"https:\/\/lidertecsa.com.ar\/catalogo\/wp-json\/wp\/v2\/media?parent=798"}],"wp:term":[{"taxonomy":"product_cat","embeddable":true,"href":"https:\/\/lidertecsa.com.ar\/catalogo\/wp-json\/wp\/v2\/product_cat?post=798"},{"taxonomy":"product_tag","embeddable":true,"href":"https:\/\/lidertecsa.com.ar\/catalogo\/wp-json\/wp\/v2\/product_tag?post=798"}],"curies":[{"name":"wp","href":"https:\/\/api.w.org\/{rel}","templated":true}]}}