{"id":794,"date":"2023-06-20T09:44:50","date_gmt":"2023-06-20T12:44:50","guid":{"rendered":"https:\/\/lidertecsa.com.ar\/catalogo\/?post_type=product&#038;p=794"},"modified":"2024-12-13T16:31:06","modified_gmt":"2024-12-13T19:31:06","slug":"bomba-sumergible-de-aguas-sucias-gc-sp-3580-ll","status":"publish","type":"product","link":"https:\/\/lidertecsa.com.ar\/catalogo\/producto\/bomba-sumergible-de-aguas-sucias-gc-sp-3580-ll\/","title":{"rendered":"Bomba sumergible de aguas sucias GC-SP 3580 LL"},"content":{"rendered":"<p>La bomba de agua limpia GC-SP 3580 LL de Einhell para aguas poco profundas es una ayuda eficaz para los propietarios de viviendas y los jardineros aficionados. Con un caudal m\u00e1ximo de 8.000 litros por hora, impresiona por su alto rendimiento. La bomba necesita solo 8 mm de agua para comenzar a funcionar, y una capa de agua residual de tan solo un mil\u00edmetro es todo lo que quedar\u00e1 en un fondo plano que luego se puede secar con un pa\u00f1o. El sello mec\u00e1nico de alta calidad representa una larga vida \u00fatil. Estas bombas sumergibles tambi\u00e9n tienen un interruptor de flotador infinitamente variable, una v\u00e1lvula de retenci\u00f3n integrada, un pr\u00e1ctico enrollador de cable y un asa de transporte. Para la manguera hay un conector de rosca macho de 90 \u00b0 \/ 47,8 mm (1 1\/2 \u201c), as\u00ed como un conector para mangueras de 25\/38 mm y una rosca macho de 33,3 mm (1\u201d).<\/p>\n<table width=\"419\">\n<tbody>\n<tr>\n<td colspan=\"2\" width=\"419\">T\u00e9cnico<\/td>\n<\/tr>\n<tr>\n<td width=\"247\">Suministro de red<\/td>\n<td width=\"172\">230 V |\u00a050 Hz<\/td>\n<\/tr>\n<tr>\n<td width=\"247\">Poder<\/td>\n<td width=\"172\">350 W<\/td>\n<\/tr>\n<tr>\n<td width=\"247\">Max.\u00a0capacidad de entrega<\/td>\n<td width=\"172\">8000 litros \/ hora<\/td>\n<\/tr>\n<tr>\n<td width=\"247\">Max.\u00a0altura de entrega<\/td>\n<td width=\"172\">7.5 metros<\/td>\n<\/tr>\n<tr>\n<td width=\"247\">Max.\u00a0profundidad de inmersi\u00f3n<\/td>\n<td width=\"172\">7 m<\/td>\n<\/tr>\n<tr>\n<td width=\"247\">Max.\u00a0temperatura de agua<\/td>\n<td width=\"172\">35 \u00b0 C<\/td>\n<\/tr>\n<tr>\n<td width=\"247\">Conexi\u00f3n de manguera<\/td>\n<td width=\"172\">47,8 mm (G11 \/ 2 IG)<\/td>\n<\/tr>\n<tr>\n<td width=\"247\">Cable de alimentaci\u00f3n<\/td>\n<td width=\"172\">10 m |\u00a0H05RN-F<\/td>\n<\/tr>\n<\/tbody>\n<\/table>\n<p>&nbsp;<\/p>\n<table width=\"617\">\n<tbody>\n<tr>\n<td colspan=\"2\" width=\"617\">Filtro de producto<\/td>\n<\/tr>\n<tr>\n<td width=\"460\">\u00bfA qu\u00e9 profundidad debe sumergirse la bomba en el agua?<\/td>\n<td width=\"157\">7 m<\/td>\n<\/tr>\n<tr>\n<td width=\"460\">\u00bfCu\u00e1ntos litros de agua le gustar\u00eda entregar por hora?<\/td>\n<td width=\"157\">8000 litros \/ hora<\/td>\n<\/tr>\n<tr>\n<td width=\"460\">\u00bfA qu\u00e9 altura se debe bombear el agua?<\/td>\n<td width=\"157\">7.5 metros<\/td>\n<\/tr>\n<\/tbody>\n<\/table>\n","protected":false},"excerpt":{"rendered":"<ul>\n<li>Sumergible de bajo nivel hasta 1 mm de nivel de agua residual<\/li>\n<li>Ya es posible el arranque de la bomba desde un nivel de agua de 8 mm<\/li>\n<li>Interruptor flotante infinitamente variable<\/li>\n<li>Con v\u00e1lvula de retenci\u00f3n integrada<\/li>\n<li>Asa de transporte<\/li>\n<li>Rebobinado de cable<\/li>\n<li>Sello mec\u00e1nico de alta calidad para una larga vida \u00fatil<\/li>\n<li>Conector para mangueras de 25 mm \/ 32 mm + rosca exterior G1 (33,3 mm)<\/li>\n<li>\u00c1ngulo de 90 \u00b0 Rosca exterior G 1\u00bd \u201cx Rosca exterior G 1\u00bd\u201d (47,8 mm)<\/li>\n<\/ul>\n","protected":false},"featured_media":3289,"template":"","meta":{"_joinchat":[]},"product_cat":[181],"product_tag":[241],"class_list":{"0":"post-794","1":"product","2":"type-product","3":"status-publish","4":"has-post-thumbnail","6":"product_cat-herramientas-electricas","7":"product_tag-bomba-de-agua","9":"first","10":"instock","11":"product-type-simple"},"_links":{"self":[{"href":"https:\/\/lidertecsa.com.ar\/catalogo\/wp-json\/wp\/v2\/product\/794"}],"collection":[{"href":"https:\/\/lidertecsa.com.ar\/catalogo\/wp-json\/wp\/v2\/product"}],"about":[{"href":"https:\/\/lidertecsa.com.ar\/catalogo\/wp-json\/wp\/v2\/types\/product"}],"wp:featuredmedia":[{"embeddable":true,"href":"https:\/\/lidertecsa.com.ar\/catalogo\/wp-json\/wp\/v2\/media\/3289"}],"wp:attachment":[{"href":"https:\/\/lidertecsa.com.ar\/catalogo\/wp-json\/wp\/v2\/media?parent=794"}],"wp:term":[{"taxonomy":"product_cat","embeddable":true,"href":"https:\/\/lidertecsa.com.ar\/catalogo\/wp-json\/wp\/v2\/product_cat?post=794"},{"taxonomy":"product_tag","embeddable":true,"href":"https:\/\/lidertecsa.com.ar\/catalogo\/wp-json\/wp\/v2\/product_tag?post=794"}],"curies":[{"name":"wp","href":"https:\/\/api.w.org\/{rel}","templated":true}]}}