{"id":783,"date":"2023-06-20T09:15:45","date_gmt":"2023-06-20T12:15:45","guid":{"rendered":"https:\/\/lidertecsa.com.ar\/catalogo\/?post_type=product&#038;p=783"},"modified":"2024-12-13T16:31:05","modified_gmt":"2024-12-13T19:31:05","slug":"amoladora-recta-neumatica-tc-pp-220","status":"publish","type":"product","link":"https:\/\/lidertecsa.com.ar\/catalogo\/producto\/amoladora-recta-neumatica-tc-pp-220\/","title":{"rendered":"Amoladora Recta Neum\u00e1tica TC-PP 220"},"content":{"rendered":"<p>Con la lijadora de barra de aire comprimido tc-p220 de , el operario ambicioso tiene a mano una potente herramienta, sea en el hogar, taller o garaje; con una velocidad de giro de hasta 22.000 r.remptym; esta ayuda de forma precisa y potente en el lijado, pulido, grabado o desbarbado; la lijadora de barra de ofrece un mejor rendimiento desde un di\u00e1metro interior de manguera de 9 mm; a este respecto, el asa con goma permite un trabajo agradable y seguro; la lijadora de barra de aire comprimido est\u00e1 optimizada y es apropiada para un uso a una mano; la palanca de disparo de seguridad impide un arranque indeseado; las 10 muelas presentes en el accesorio ofrecen numerosas posibilidades de uso; igualmente al alcance del equipamiento pertenecen 1 botella de aceite, 1 boquilla y 2 llaves de sujeci\u00f3n; se entrega en un pr\u00e1ctico malet\u00edn de transporte y almacenamiento.<\/p>\n<table width=\"347\">\n<tbody>\n<tr>\n<td colspan=\"2\" width=\"347\">T\u00e9cnico<\/td>\n<\/tr>\n<tr>\n<td width=\"220\">Max.\u00a0presi\u00f3n operacional<\/td>\n<td width=\"127\">6,3 bares<\/td>\n<\/tr>\n<tr>\n<td width=\"220\">Ralent\u00ed<\/td>\n<td width=\"127\">22000 min ^ -1<\/td>\n<\/tr>\n<tr>\n<td width=\"220\">Consumo de aire<\/td>\n<td width=\"127\">128 l \/ min<\/td>\n<\/tr>\n<\/tbody>\n<\/table>\n","protected":false},"excerpt":{"rendered":"<ul>\n<li>Presi\u00f3n de trabajo m\u00e1xima admisible: 6,3 bar.<\/li>\n<li>Velocidad en vac\u00edo: 22000 r.p.m.<\/li>\n<li>Consumo de aire: (6,3 bar): 128 l\/min.<\/li>\n<li>Capacidad de sujeci\u00f3n: 3\/6 mm.<\/li>\n<li>Di\u00e1metro de la manguera recomendado: \u00d8 9 mm.<\/li>\n<li>Peso: 0,6 kg.<\/li>\n<li>Maleti\u0301n incluido<\/li>\n<\/ul>\n","protected":false},"featured_media":3284,"template":"","meta":{"_joinchat":[]},"product_cat":[230],"product_tag":[238],"class_list":{"0":"post-783","1":"product","2":"type-product","3":"status-publish","4":"has-post-thumbnail","6":"product_cat-herramientas-neumaticas-einhell","7":"product_tag-amoladora-recta-neumatica","9":"first","10":"instock","11":"product-type-simple"},"_links":{"self":[{"href":"https:\/\/lidertecsa.com.ar\/catalogo\/wp-json\/wp\/v2\/product\/783"}],"collection":[{"href":"https:\/\/lidertecsa.com.ar\/catalogo\/wp-json\/wp\/v2\/product"}],"about":[{"href":"https:\/\/lidertecsa.com.ar\/catalogo\/wp-json\/wp\/v2\/types\/product"}],"wp:featuredmedia":[{"embeddable":true,"href":"https:\/\/lidertecsa.com.ar\/catalogo\/wp-json\/wp\/v2\/media\/3284"}],"wp:attachment":[{"href":"https:\/\/lidertecsa.com.ar\/catalogo\/wp-json\/wp\/v2\/media?parent=783"}],"wp:term":[{"taxonomy":"product_cat","embeddable":true,"href":"https:\/\/lidertecsa.com.ar\/catalogo\/wp-json\/wp\/v2\/product_cat?post=783"},{"taxonomy":"product_tag","embeddable":true,"href":"https:\/\/lidertecsa.com.ar\/catalogo\/wp-json\/wp\/v2\/product_tag?post=783"}],"curies":[{"name":"wp","href":"https:\/\/api.w.org\/{rel}","templated":true}]}}