{"id":7695,"date":"2024-07-30T15:21:36","date_gmt":"2024-07-30T18:21:36","guid":{"rendered":"https:\/\/lidertecsa.com.ar\/catalogo\/?post_type=product&#038;p=7695"},"modified":"2025-11-13T11:15:54","modified_gmt":"2025-11-13T14:15:54","slug":"fanacola-90-sin-tolueno-x-170-kg","status":"publish","type":"product","link":"https:\/\/lidertecsa.com.ar\/catalogo\/producto\/fanacola-90-sin-tolueno-x-170-kg\/","title":{"rendered":"FANACOLA X-90 Sin Tolueno x 170 Kg."},"content":{"rendered":"<div class=\"wpb_text_column wpb_content_element \">\n<div class=\"wpb_wrapper\">\n<p>Fanacola 90 Sin Tolueno es un adhesivo de doble contacto que excluye el Tolueno en su composici\u00f3n. \u00a0Es utilizado para el armado de muebles, tapicer\u00eda y decoraci\u00f3n. Es apto para pegado de alfombras y pisos vin\u00edlicos. Pegas m\u00faltiples materiales entre s\u00ed como; goma, tela,<br \/>\nmadera, y cuero.<\/p>\n<p>Podes encontrarlo en madereras, ferreter\u00edas, casa de herrajes, carpinter\u00edas y comercios de construcci\u00f3n del pa\u00eds.<\/p>\n<\/div>\n<\/div>\n<div class=\"divider-wrap\" data-alignment=\"default\">\n<div class=\"divider\"><\/div>\n<\/div>\n<div class=\"wpb_text_column wpb_content_element \">\n<div class=\"wpb_wrapper\"><\/div>\n<\/div>\n","protected":false},"excerpt":{"rendered":"<p>Fanacola 90 Sin Tolueno es un adhesivo de doble contacto que excluye el Tolueno en su composici\u00f3n.<\/p>\n","protected":false},"featured_media":10453,"template":"","meta":{"_joinchat":[]},"product_cat":[684],"product_tag":[],"class_list":{"0":"post-7695","1":"product","2":"type-product","3":"status-publish","4":"has-post-thumbnail","6":"product_cat-adhesivos-de-contacto","8":"first","9":"instock","10":"taxable","11":"shipping-taxable","12":"purchasable","13":"product-type-simple"},"_links":{"self":[{"href":"https:\/\/lidertecsa.com.ar\/catalogo\/wp-json\/wp\/v2\/product\/7695"}],"collection":[{"href":"https:\/\/lidertecsa.com.ar\/catalogo\/wp-json\/wp\/v2\/product"}],"about":[{"href":"https:\/\/lidertecsa.com.ar\/catalogo\/wp-json\/wp\/v2\/types\/product"}],"wp:featuredmedia":[{"embeddable":true,"href":"https:\/\/lidertecsa.com.ar\/catalogo\/wp-json\/wp\/v2\/media\/10453"}],"wp:attachment":[{"href":"https:\/\/lidertecsa.com.ar\/catalogo\/wp-json\/wp\/v2\/media?parent=7695"}],"wp:term":[{"taxonomy":"product_cat","embeddable":true,"href":"https:\/\/lidertecsa.com.ar\/catalogo\/wp-json\/wp\/v2\/product_cat?post=7695"},{"taxonomy":"product_tag","embeddable":true,"href":"https:\/\/lidertecsa.com.ar\/catalogo\/wp-json\/wp\/v2\/product_tag?post=7695"}],"curies":[{"name":"wp","href":"https:\/\/api.w.org\/{rel}","templated":true}]}}