{"id":7193,"date":"2024-07-25T15:31:54","date_gmt":"2024-07-25T18:31:54","guid":{"rendered":"https:\/\/lidertecsa.com.ar\/catalogo\/?post_type=product&#038;p=7193"},"modified":"2024-12-13T16:40:57","modified_gmt":"2024-12-13T19:40:57","slug":"malacate-para-tripode-20-m","status":"publish","type":"product","link":"https:\/\/lidertecsa.com.ar\/catalogo\/producto\/malacate-para-tripode-20-m\/","title":{"rendered":"Malacate para Tripode 20 m"},"content":{"rendered":"<p>CARACTER\u00cdSTICAS DEL PRODUCTO<br \/>\nTorno elevador manual, con 20 m de cable, adaptable a tr\u00edpodes y anclajes m\u00f3viles. Composici\u00f3n del soporte principal: acero galvanizado. Carga de trabajo segura: 250. Carrete de cable, funci\u00f3n cabrestante.<br \/>\nRef: TR00520_<\/p>\n<p>USOS DEL PRODUCTO &#8211; RIESGOS<\/p>\n<ul>\n<li data-index=\"0\">Agricultura<\/li>\n<li data-index=\"1\">Edificaci\u00f3n<\/li>\n<li data-index=\"2\">Reformas \/ Profesional aut\u00f3nomo<\/li>\n<li data-index=\"3\">Mantenimiento<\/li>\n<li data-index=\"4\">Industria qu\u00edmica<\/li>\n<li data-index=\"5\">Petr\u00f3leo y gas (extracci\u00f3n)<\/li>\n<li data-index=\"6\">Industria minera<\/li>\n<li data-index=\"7\">Petroqu\u00edmica<\/li>\n<li data-index=\"8\">Industria forestal<\/li>\n<li data-index=\"9\">Almacenamiento<\/li>\n<\/ul>\n<p>&nbsp;<\/p>\n<ul>\n<li data-index=\"9\">Ca\u00eddas<\/li>\n<\/ul>\n<p>NORMAS-CERTIFICACIONES<br \/>\n2006\/42\/EEC<\/p>\n<p>&nbsp;<\/p>\n","protected":false},"excerpt":{"rendered":"<p>Torno elevador manual, con 20 m de cable.<\/p>\n","protected":false},"featured_media":7194,"template":"","meta":{"_joinchat":[]},"product_cat":[597],"product_tag":[],"class_list":{"0":"post-7193","1":"product","2":"type-product","3":"status-publish","4":"has-post-thumbnail","6":"product_cat-sujecion","8":"first","9":"instock","10":"taxable","11":"shipping-taxable","12":"product-type-simple"},"_links":{"self":[{"href":"https:\/\/lidertecsa.com.ar\/catalogo\/wp-json\/wp\/v2\/product\/7193"}],"collection":[{"href":"https:\/\/lidertecsa.com.ar\/catalogo\/wp-json\/wp\/v2\/product"}],"about":[{"href":"https:\/\/lidertecsa.com.ar\/catalogo\/wp-json\/wp\/v2\/types\/product"}],"wp:featuredmedia":[{"embeddable":true,"href":"https:\/\/lidertecsa.com.ar\/catalogo\/wp-json\/wp\/v2\/media\/7194"}],"wp:attachment":[{"href":"https:\/\/lidertecsa.com.ar\/catalogo\/wp-json\/wp\/v2\/media?parent=7193"}],"wp:term":[{"taxonomy":"product_cat","embeddable":true,"href":"https:\/\/lidertecsa.com.ar\/catalogo\/wp-json\/wp\/v2\/product_cat?post=7193"},{"taxonomy":"product_tag","embeddable":true,"href":"https:\/\/lidertecsa.com.ar\/catalogo\/wp-json\/wp\/v2\/product_tag?post=7193"}],"curies":[{"name":"wp","href":"https:\/\/api.w.org\/{rel}","templated":true}]}}