{"id":7191,"date":"2024-07-25T15:14:26","date_gmt":"2024-07-25T18:14:26","guid":{"rendered":"https:\/\/lidertecsa.com.ar\/catalogo\/?post_type=product&#038;p=7191"},"modified":"2024-12-13T16:40:56","modified_gmt":"2024-12-13T19:40:56","slug":"tripode-con-vientos","status":"publish","type":"product","link":"https:\/\/lidertecsa.com.ar\/catalogo\/producto\/tripode-con-vientos\/","title":{"rendered":"Tripode con Vientos"},"content":{"rendered":"<section id=\"sectionCarac\" class=\"blocAccordion\">\n<div class=\"titreAccordion ui-accordion-header ui-accordion-header-active ui-state-active\">CARACTER\u00cdSTICAS DEL PRODUCTO<\/div>\n<div class=\"contentAccordion ui-accordion-content ui-accordion-content-active\">\n<section class=\"blocContenu blocContenu-first\">\n<div>Tr\u00edpode telesc\u00f3pico de aluminio. Altura regulable de 1,74 m a 3,02 m. Distancia m\u00e1xima del suelo 2,62 m. 3 puntos de anclaje centrales. 2 puntos de anclaje sobre las patas. Incluye bolso para transporte, placa para retractil TRA101 y placa para malacate TRA102.<\/div>\n<\/section>\n<section class=\"blocContenu\">\n<div>\n<div class=\"titleh1\"><span class=\"titre\">Ref. : TRA32BAG_<\/span><\/div>\n<\/div>\n<\/section>\n<div class=\"row-fluid\">\n<div class=\"span2\">\n<div class=\"row-fluid\"><\/div>\n<div class=\"row-fluid\">\n<div class=\"span12\"><\/div>\n<\/div>\n<\/div>\n<\/div>\n<\/div>\n<\/section>\n<section id=\"sectionUtilisations\" class=\"blocAccordion\">\n<div class=\"titreAccordion ui-accordion-header ui-accordion-header-active ui-state-active\">USOS DEL PRODUCTO &#8211; RIESGOS<\/div>\n<div class=\"contentAccordion ui-accordion-content ui-accordion-content-active\">\n<div class=\"linePictos blocContenu\">\n<div class=\"blocProductUse\">\n<ul>\n<li data-index=\"0\">Reformas \/ Profesional aut\u00f3nomo<\/li>\n<li data-index=\"1\">Industria qu\u00edmica<\/li>\n<li data-index=\"2\">Autom\u00f3vil<\/li>\n<li data-index=\"3\">Petr\u00f3leo y gas (extracci\u00f3n)<\/li>\n<li data-index=\"4\">Industria minera<\/li>\n<li data-index=\"5\">Petroqu\u00edmica<\/li>\n<li data-index=\"5\">Almacenamiento<\/li>\n<\/ul>\n<\/div>\n<\/div>\n<div class=\"linePictos blocContenu\">\n<div class=\"blocProductUse\">-Ca\u00eddas<\/div>\n<\/div>\n<div class=\"linePictos blocContenu\">\n<div class=\"blocProductUse\">-Desplazamiento vertical, espacio confinado<\/div>\n<p>-Salvamento y evacuaci\u00f3n<\/p>\n<\/div>\n<div><\/div>\n<\/div>\n<\/section>\n<section id=\"sectionPlusProduits\" class=\"blocAccordion\">\n<div class=\"titreAccordion ui-accordion-header ui-accordion-header-active ui-state-active\">LOS PRODUCTOS + &#8211; BENEFICIOS PARA EL USUARIO<\/div>\n<div class=\"contentAccordion ui-accordion-content ui-accordion-content-active\">\n<section class=\"blocContenu row-fluid benefit\">\n<div class=\"span2 image\">\n<div class=\"row-fluid\">\n<div class=\"span10 offset1\"><\/div>\n<\/div>\n<\/div>\n<div class=\"span5\">\n<p>-Pie giratorio de acero<\/p>\n<p>-3 puntos de anclaje<\/p>\n<\/div>\n<\/section>\n<section class=\"blocContenu row-fluid benefit\">\n<div class=\"span5\">\n<p>-Pasador de seguridad<\/p>\n<\/div>\n<\/section>\n<section class=\"blocContenu row-fluid benefit\">\n<div class=\"span5\">\n<p>&nbsp;<\/p>\n<\/div>\n<\/section>\n<\/div>\n<\/section>\n<section id=\"sectionReferences\" class=\"blocAccordion\">\n<div class=\"titreAccordion ui-accordion-header ui-accordion-header-active ui-state-active\">REFERENCIAS<\/div>\n<div class=\"contentAccordion ui-accordion-content ui-accordion-content-active\">\n<table id=\"tabReferences\" class=\"table table-hover footable toggle-circle default footable-loaded\">\n<thead>\n<tr>\n<th class=\"refArticle footable-visible footable-first-column\">REFERENCIA<\/th>\n<th class=\"eanArticle footable-visible\">C\u00d3DIGO DE BARRAS<\/th>\n<th class=\"pcbArticle footable-visible\"><\/th>\n<th class=\"spcbArticle footable-visible\"><\/th>\n<th class=\"groupingRuleArticle footable-visible\" data-hide=\"phone\" data-grouping-label=\"Color Art\u00edculo\">COLOR ART\u00cdCULO<\/th>\n<th class=\"groupingRuleArticle footable-visible footable-last-column\" data-hide=\"phone\" data-grouping-label=\"Talla Art\u00edculo\">TALLA ART\u00cdCULO<\/th>\n<\/tr>\n<\/thead>\n<tfoot><\/tfoot>\n<tbody>\n<tr>\n<td class=\"refArticle footable-visible footable-first-column\" data-ref=\"TRA22BAG\">TRA32BAG<\/td>\n<td class=\"eanArticle footable-visible\">3295249199289<\/td>\n<td class=\"pcbArticle footable-visible\" data-vl=\"11\" data-pcb=\"1\" data-spcb=\"0\" data-partitionable=\"true\">1<\/td>\n<td class=\"spcbArticle footable-visible\"><\/td>\n<td class=\"groupingRuleArticle footable-visible\" data-grouping-label=\"Color Art\u00edculo\" data-grouping-value=\"Aluminio\">Aluminio<\/td>\n<td class=\"groupingRuleArticle footable-visible footable-last-column\" data-grouping-label=\"Talla Art\u00edculo\" data-grouping-value=\"Ajustable\">Ajustable<\/td>\n<\/tr>\n<\/tbody>\n<\/table>\n<p>NORMAS-CERTIFICACIONES<br \/>\nTS16415\u00a0 \u00a0 \u00a03<\/p>\n<\/div>\n<\/section>\n","protected":false},"excerpt":{"rendered":"<p>Tr\u00edpode telesc\u00f3pico de aluminio. Altura regulable de 1,74 m a 3,02 m.<\/p>\n","protected":false},"featured_media":10348,"template":"","meta":{"_joinchat":[]},"product_cat":[597],"product_tag":[],"class_list":{"0":"post-7191","1":"product","2":"type-product","3":"status-publish","4":"has-post-thumbnail","6":"product_cat-sujecion","8":"first","9":"instock","10":"taxable","11":"shipping-taxable","12":"product-type-simple"},"_links":{"self":[{"href":"https:\/\/lidertecsa.com.ar\/catalogo\/wp-json\/wp\/v2\/product\/7191"}],"collection":[{"href":"https:\/\/lidertecsa.com.ar\/catalogo\/wp-json\/wp\/v2\/product"}],"about":[{"href":"https:\/\/lidertecsa.com.ar\/catalogo\/wp-json\/wp\/v2\/types\/product"}],"wp:featuredmedia":[{"embeddable":true,"href":"https:\/\/lidertecsa.com.ar\/catalogo\/wp-json\/wp\/v2\/media\/10348"}],"wp:attachment":[{"href":"https:\/\/lidertecsa.com.ar\/catalogo\/wp-json\/wp\/v2\/media?parent=7191"}],"wp:term":[{"taxonomy":"product_cat","embeddable":true,"href":"https:\/\/lidertecsa.com.ar\/catalogo\/wp-json\/wp\/v2\/product_cat?post=7191"},{"taxonomy":"product_tag","embeddable":true,"href":"https:\/\/lidertecsa.com.ar\/catalogo\/wp-json\/wp\/v2\/product_tag?post=7191"}],"curies":[{"name":"wp","href":"https:\/\/api.w.org\/{rel}","templated":true}]}}