{"id":704,"date":"2023-06-18T11:31:10","date_gmt":"2023-06-18T14:31:10","guid":{"rendered":"https:\/\/lidertecsa.com.ar\/catalogo\/?post_type=product&#038;p=704"},"modified":"2024-12-13T16:30:56","modified_gmt":"2024-12-13T19:30:56","slug":"clavadora-engrampadora-neumatica-tc-pn-50","status":"publish","type":"product","link":"https:\/\/lidertecsa.com.ar\/catalogo\/producto\/clavadora-engrampadora-neumatica-tc-pn-50\/","title":{"rendered":"Clavadora\/Engrampadora Neum\u00e1tica TC-PN 50"},"content":{"rendered":"<p>La grapadora de aire comprimido tc-pn 50 de es una herramienta vers\u00e1til con usos en el taller, hogar y garaje; el equipo combinado 2 en 1 se compone de una grapadora de aire comprimido y pistola de clavos de aire comprimido e idealmente es apropiada para trabajos de saneamiento y renovaci\u00f3n; la empu\u00f1adura antideslizante permite trabajar con seguridad; la grapadora ofrece un mejor rendimiento desde un di\u00e1metro interior de manguera de 9 mil\u00edmetros; el interruptor de seguridad impide un arranque indeseado del la m\u00e1quina; el indicador de nivel de llenado muestra el n\u00famero de las grapas o clavos todav\u00eda restantes; para un trabajo exacto est\u00e1 previsto un ajuste de profundidad para el ajuste fino de la profundidad de introducci\u00f3n; se entrega con 500 grapas con longitud de 16\/25\/40 mm, respectivamente 1. 000 clavos con longitud de 25\/40 mm, 1 botella de aceite, 1 boquilla y dos llaves allen; se entrega en un pr\u00e1ctico malet\u00edn de transporte y almacenamiento.<\/p>\n<table width=\"431\">\n<tbody>\n<tr>\n<td colspan=\"2\" width=\"431\">T\u00e9cnico<\/td>\n<\/tr>\n<tr>\n<td width=\"300\">Max.\u00a0presi\u00f3n operacional<\/td>\n<td width=\"131\">8,3 bares<\/td>\n<\/tr>\n<tr>\n<td width=\"300\">Longitud de la grapa min.<\/td>\n<td width=\"131\">13 mm<\/td>\n<\/tr>\n<tr>\n<td width=\"300\">Longitud de la grapa m\u00e1x.<\/td>\n<td width=\"131\">40 mm<\/td>\n<\/tr>\n<tr>\n<td width=\"300\">Ancho de la grapa<\/td>\n<td width=\"131\">5,7 mil\u00edmetros<\/td>\n<\/tr>\n<tr>\n<td width=\"300\">Longitud de las u\u00f1as m\u00edn.<\/td>\n<td width=\"131\">10 mm<\/td>\n<\/tr>\n<tr>\n<td width=\"300\">Longitud de clavo m\u00e1x.<\/td>\n<td width=\"131\">50 mm<\/td>\n<\/tr>\n<tr>\n<td width=\"300\">Espesor de la u\u00f1a<\/td>\n<td width=\"131\">1 mm<\/td>\n<\/tr>\n<tr>\n<td width=\"300\">Max.\u00a0capacidad de carga de la revista<\/td>\n<td width=\"131\">100 piezas<\/td>\n<\/tr>\n<\/tbody>\n<\/table>\n","protected":false},"excerpt":{"rendered":"<ul>\n<li>Herramienta combinada 2 en 1 que comprende una grapadora de aire y una clavadora de aire<\/li>\n<li>Ideal para trabajos de restauraci\u00f3n y renovaci\u00f3n<\/li>\n<li>Mango de goma antideslizante para mayor seguridad durante el uso<\/li>\n<li>Rendimiento superior con un di\u00e1metro interior de manguera de 9 mm o m\u00e1s<\/li>\n<li>La punta de seguridad evita que la herramienta se ponga en marcha involuntariamente<\/li>\n<li>El indicador de nivel de llenado muestra el n\u00famero de grapas \/ clavos que quedan<\/li>\n<li>Ajustador de profundidad para ajustar la profundidad de disparo<\/li>\n<li>Incl.\u00a0500 grapas con longitudes de 16\/25\/40 mm cada una<\/li>\n<li>Incl.\u00a01000 clavos con longitudes de 25\/40 mm cada uno<\/li>\n<li>Incl.\u00a01 botella de aceite peque\u00f1a, 1 tetina y 2 llaves hexagonales<\/li>\n<li>Se suministra en un pr\u00e1ctico malet\u00edn de transporte y almacenamiento.<\/li>\n<\/ul>\n","protected":false},"featured_media":3300,"template":"","meta":{"_joinchat":[]},"product_cat":[230],"product_tag":[232],"class_list":{"0":"post-704","1":"product","2":"type-product","3":"status-publish","4":"has-post-thumbnail","6":"product_cat-herramientas-neumaticas-einhell","7":"product_tag-clavadora-grampadora","9":"first","10":"instock","11":"product-type-simple"},"_links":{"self":[{"href":"https:\/\/lidertecsa.com.ar\/catalogo\/wp-json\/wp\/v2\/product\/704"}],"collection":[{"href":"https:\/\/lidertecsa.com.ar\/catalogo\/wp-json\/wp\/v2\/product"}],"about":[{"href":"https:\/\/lidertecsa.com.ar\/catalogo\/wp-json\/wp\/v2\/types\/product"}],"wp:featuredmedia":[{"embeddable":true,"href":"https:\/\/lidertecsa.com.ar\/catalogo\/wp-json\/wp\/v2\/media\/3300"}],"wp:attachment":[{"href":"https:\/\/lidertecsa.com.ar\/catalogo\/wp-json\/wp\/v2\/media?parent=704"}],"wp:term":[{"taxonomy":"product_cat","embeddable":true,"href":"https:\/\/lidertecsa.com.ar\/catalogo\/wp-json\/wp\/v2\/product_cat?post=704"},{"taxonomy":"product_tag","embeddable":true,"href":"https:\/\/lidertecsa.com.ar\/catalogo\/wp-json\/wp\/v2\/product_tag?post=704"}],"curies":[{"name":"wp","href":"https:\/\/api.w.org\/{rel}","templated":true}]}}