{"id":701,"date":"2023-06-18T11:29:15","date_gmt":"2023-06-18T14:29:15","guid":{"rendered":"https:\/\/lidertecsa.com.ar\/catalogo\/?post_type=product&#038;p=701"},"modified":"2024-12-13T16:30:56","modified_gmt":"2024-12-13T19:30:56","slug":"llave-de-impacto-neumatica-tc-pw-340","status":"publish","type":"product","link":"https:\/\/lidertecsa.com.ar\/catalogo\/producto\/llave-de-impacto-neumatica-tc-pw-340\/","title":{"rendered":"Llave De Impacto Neumatica TC-PW 340"},"content":{"rendered":"<p>La llave de impacto neum\u00e1tica TC-PW 340 se encarga del trabajo en el hogar, el taller y el garaje. La llave de impacto tiene un par m\u00e1ximo de 340 Nm. El mango de goma antideslizante garantiza un trabajo seguro y c\u00f3modo en cualquier situaci\u00f3n. Equipada con rotaci\u00f3n hacia la izquierda (una etapa) y hacia la derecha (tres etapas), la llave de impacto neum\u00e1tica asume una multitud de tareas. La llave de impacto ofrece el mejor rendimiento con un di\u00e1metro de tubo interno de 9 mil\u00edmetros. La presi\u00f3n m\u00e1xima de trabajo es de 6,3 bar, el tama\u00f1o m\u00e1ximo de rosca es de 14 mil\u00edmetros. El alcance del equipo incluye 8x enchufes en los tama\u00f1os comunes 8\/10\/11\/13\/17\/19\/21\/22 mm, as\u00ed como 1x botella de aceite y 1x boquilla de tap\u00f3n. La llave de impacto neum\u00e1tica TC-PW 340 de est\u00e1 lista para su uso inmediato.<\/p>\n<table width=\"402\">\n<tbody>\n<tr>\n<td colspan=\"2\" width=\"402\">T\u00e9cnico<\/td>\n<\/tr>\n<tr>\n<td width=\"257\">Max.\u00a0par de liberaci\u00f3n<\/td>\n<td width=\"145\">340 nan\u00f3metro<\/td>\n<\/tr>\n<tr>\n<td width=\"257\">Presi\u00f3n de funcionamiento m\u00e1x.<\/td>\n<td width=\"145\">6,3 bares<\/td>\n<\/tr>\n<tr>\n<td width=\"257\">Sin velocidad de carga<\/td>\n<td width=\"145\">7500 min ^ -1<\/td>\n<\/tr>\n<tr>\n<td width=\"257\">Consumo de aire<\/td>\n<td width=\"145\">142 l \/ min<\/td>\n<\/tr>\n<\/tbody>\n<\/table>\n","protected":false},"excerpt":{"rendered":"<ul>\n<li>Potente llave de impacto con un m\u00e1x. Par de 340 Nm<\/li>\n<li>El mango de goma antideslizante permite un trabajo seguro<\/li>\n<li>Equipado con rotaci\u00f3n hacia la izquierda (una etapa) y hacia la derecha (tres etapas)<\/li>\n<li>El mejor rendimiento con un di\u00e1metro de tubo interno de 9 mm<\/li>\n<li>Incl. 8 enchufes en los tama\u00f1os 8\/10\/11\/13\/17\/19\/21\/22 mm<\/li>\n<li>Incl. 1 botella de aceite y 1 tap\u00f3n<\/li>\n<li>Se suministra en una pr\u00e1ctica caja de transporte y almacenamiento.<\/li>\n<\/ul>\n","protected":false},"featured_media":3317,"template":"","meta":{"_joinchat":[]},"product_cat":[230],"product_tag":[231],"class_list":{"0":"post-701","1":"product","2":"type-product","3":"status-publish","4":"has-post-thumbnail","6":"product_cat-herramientas-neumaticas-einhell","7":"product_tag-llave-de-impacto-neumatica","9":"first","10":"instock","11":"product-type-simple"},"_links":{"self":[{"href":"https:\/\/lidertecsa.com.ar\/catalogo\/wp-json\/wp\/v2\/product\/701"}],"collection":[{"href":"https:\/\/lidertecsa.com.ar\/catalogo\/wp-json\/wp\/v2\/product"}],"about":[{"href":"https:\/\/lidertecsa.com.ar\/catalogo\/wp-json\/wp\/v2\/types\/product"}],"wp:featuredmedia":[{"embeddable":true,"href":"https:\/\/lidertecsa.com.ar\/catalogo\/wp-json\/wp\/v2\/media\/3317"}],"wp:attachment":[{"href":"https:\/\/lidertecsa.com.ar\/catalogo\/wp-json\/wp\/v2\/media?parent=701"}],"wp:term":[{"taxonomy":"product_cat","embeddable":true,"href":"https:\/\/lidertecsa.com.ar\/catalogo\/wp-json\/wp\/v2\/product_cat?post=701"},{"taxonomy":"product_tag","embeddable":true,"href":"https:\/\/lidertecsa.com.ar\/catalogo\/wp-json\/wp\/v2\/product_tag?post=701"}],"curies":[{"name":"wp","href":"https:\/\/api.w.org\/{rel}","templated":true}]}}