{"id":695,"date":"2023-06-18T11:13:57","date_gmt":"2023-06-18T14:13:57","guid":{"rendered":"https:\/\/lidertecsa.com.ar\/catalogo\/?post_type=product&#038;p=695"},"modified":"2024-12-13T16:30:55","modified_gmt":"2024-12-13T19:30:55","slug":"tripode-para-nivel-laser-y-linterna","status":"publish","type":"product","link":"https:\/\/lidertecsa.com.ar\/catalogo\/producto\/tripode-para-nivel-laser-y-linterna\/","title":{"rendered":"Tr\u00edpode para nivel l\u00e1ser y linterna"},"content":{"rendered":"<p>El tr\u00edpode telesc\u00f3pico Einhell proporciona una posici\u00f3n de pie estable combinada con un manejo c\u00f3modo para el trabajo de medici\u00f3n l\u00e1ser, con el objetivo de ofrecer resultados precisos.\u00a0La medici\u00f3n l\u00e1ser tiene que ver con el trabajo de precisi\u00f3n.\u00a0La condici\u00f3n previa para obtener resultados de medici\u00f3n precisos es garantizar que el equipo de medici\u00f3n l\u00e1ser est\u00e9 montado en un tr\u00edpode estable.\u00a0El tr\u00edpode telesc\u00f3pico Einhell es ideal para la nivelaci\u00f3n l\u00e1ser TC-LL 1 y para los niveles l\u00e1ser cruzados Einhell TC-LL 2 y TE-LL 360.\u00a0Gracias a la rosca de tr\u00edpode de 1\/4 \u201d, tambi\u00e9n es adecuado para dispositivos de medici\u00f3n l\u00e1ser est\u00e1ndar con una conexi\u00f3n de 1\/4\u201d.\u00a0La altura m\u00ednima de trabajo es de 37 cm, la altura m\u00e1xima de trabajo 110 cm.\u00a0El producto se suministra completo con una caja de almacenamiento para su transporte y para un almacenamiento protegido y adecuado.<\/p>\n","protected":false},"excerpt":{"rendered":"<div class=\"summary entry-summary\">\n<div class=\"woocommerce-product-details__short-description\">\n<p>Adecuado para los siguientes L\u00e1ser y linterna<\/p>\n<div class=\"product-category\">\n<ul>\n<li>Nivelaci\u00f3n l\u00e1ser\u00a0<strong>TC-LL 1<\/strong><\/li>\n<li>Nivel l\u00e1ser cruzado\u00a0<strong>TC-LL 2<\/strong><\/li>\n<li>Nivel l\u00e1ser cruzado\u00a0<strong>TE-LL 360<\/strong><\/li>\n<li>Linterna a Bater\u00eda TE-CL 18\/2500 Li SOLO<\/li>\n<\/ul>\n<div class=\"product-category\"><\/div>\n<\/div>\n<\/div>\n<\/div>\n","protected":false},"featured_media":696,"template":"","meta":{"_joinchat":[]},"product_cat":[736],"product_tag":[228],"class_list":{"0":"post-695","1":"product","2":"type-product","3":"status-publish","4":"has-post-thumbnail","6":"product_cat-accesorios-varios","7":"product_tag-tripode-para-nivel-laser-y-linterna","9":"first","10":"instock","11":"product-type-simple"},"_links":{"self":[{"href":"https:\/\/lidertecsa.com.ar\/catalogo\/wp-json\/wp\/v2\/product\/695"}],"collection":[{"href":"https:\/\/lidertecsa.com.ar\/catalogo\/wp-json\/wp\/v2\/product"}],"about":[{"href":"https:\/\/lidertecsa.com.ar\/catalogo\/wp-json\/wp\/v2\/types\/product"}],"wp:featuredmedia":[{"embeddable":true,"href":"https:\/\/lidertecsa.com.ar\/catalogo\/wp-json\/wp\/v2\/media\/696"}],"wp:attachment":[{"href":"https:\/\/lidertecsa.com.ar\/catalogo\/wp-json\/wp\/v2\/media?parent=695"}],"wp:term":[{"taxonomy":"product_cat","embeddable":true,"href":"https:\/\/lidertecsa.com.ar\/catalogo\/wp-json\/wp\/v2\/product_cat?post=695"},{"taxonomy":"product_tag","embeddable":true,"href":"https:\/\/lidertecsa.com.ar\/catalogo\/wp-json\/wp\/v2\/product_tag?post=695"}],"curies":[{"name":"wp","href":"https:\/\/api.w.org\/{rel}","templated":true}]}}