{"id":683,"date":"2023-06-18T10:32:33","date_gmt":"2023-06-18T13:32:33","guid":{"rendered":"https:\/\/lidertecsa.com.ar\/catalogo\/?post_type=product&#038;p=683"},"modified":"2025-06-27T17:57:33","modified_gmt":"2025-06-27T20:57:33","slug":"amoladora-de-banco-multifuncion-th-xg-75-kit","status":"publish","type":"product","link":"https:\/\/lidertecsa.com.ar\/catalogo\/producto\/amoladora-de-banco-multifuncion-th-xg-75-kit\/","title":{"rendered":"Amoladora de Banco Multifunci\u00f3n TH-XG 75 KIT"},"content":{"rendered":"<div class=\"std features\">\n<p>El kit de la esmeriladora doble compacta TH-XG 75 es un equipo vers\u00e1til, con el que logran sin esfuerzos todos los peque\u00f1os trabajos de lijado, pulido y limpieza. Los mismos trabajos de corte se pueden elaborar con la ayuda de los accesorios de 100 piezas suministrados en el malet\u00edn de madera. \u00c9stos est\u00e1n adaptados al \u00e1rbol flexible suministrado y posibilita acabados precisos. El kit de la esmeriladora doble TH-XG 75 est\u00e1 elaborado con un robusto modo constructivo compacto met\u00e1lico de larga vida y est\u00e1 fijo y seguro sobre cuatro pies de apoyo sin deslizamiento y que amortiguan las vibraciones. El equipo dispone de un disco abrasivo basto y un disco abrasivo de pulido fino. Dispone adem\u00e1s de apoyos de trabajo regulables, que se pueden adaptar sin esfuerzo al espesor de piedra correspondiente. Asimismo se puede ajustar individualmente el n\u00famero de revoluciones para el trabajo correspondiente. El protector de chispas ajustable con grandes cristales protectores, as\u00ed como las cubiertas protectoras cerradas lateralmente aportan la seguridad durante el lijado.<\/p>\n<\/div>\n<table width=\"368\">\n<tbody>\n<tr>\n<td colspan=\"2\" width=\"368\">T\u00e9cnico<\/td>\n<\/tr>\n<tr>\n<td width=\"171\">Suministro de red<\/td>\n<td width=\"197\">230 V |\u00a050 Hz<\/td>\n<\/tr>\n<tr>\n<td width=\"171\">Poder<\/td>\n<td width=\"197\">120 W<\/td>\n<\/tr>\n<tr>\n<td width=\"171\">Max.\u00a0ralent\u00ed<\/td>\n<td width=\"197\">9900 min ^ -1<\/td>\n<\/tr>\n<tr>\n<td width=\"171\">Muelas<\/td>\n<td width=\"197\">75 mm x 10 mm x 20 mm<\/td>\n<\/tr>\n<tr>\n<td width=\"171\">Tama\u00f1o de grano<\/td>\n<td width=\"197\">120\/400<\/td>\n<\/tr>\n<\/tbody>\n<\/table>\n","protected":false},"excerpt":{"rendered":"<ul class=\"more-list\">\n<li class=\"more-item\">Ajuste del n\u00famero de revoluciones adecuado para la aplicaci\u00f3n<\/li>\n<li class=\"more-item\">El \u00e1rbol flexible posibilita trabajos finos precisos<\/li>\n<li class=\"more-item\">Mediante extensos accesorios tambi\u00e9n apropiado para trabajos de corte<\/li>\n<li class=\"more-item\">100 piezas en el malet\u00edn de madera<\/li>\n<li class=\"more-item\">La misma limpieza y pulido se realizan sin esfuerzo<\/li>\n<li class=\"more-item\">Inclusive gran disco abrasivo basto y disco de pulido fino<\/li>\n<li class=\"more-item\">Peque\u00f1os trabajos de lijado y pulido se realizan de forma sencilla y segura<\/li>\n<li class=\"more-item\">4 pies de goma para apoyo seguro y con bajo nivel de vibraciones<\/li>\n<li class=\"more-item\">Apoyos de trabajo regulables para distintas aplicaciones<\/li>\n<li class=\"more-item\">Robusto modo constructivo compacto de metal para larga vida \u00fatil<\/li>\n<li class=\"more-item\">El \u00e1rbol con rodamiento de bolas sin juego posibilita un trabajo preciso<\/li>\n<li class=\"more-item\">Cristales protectores frente a las chispas ajustables para un trabajo seguro<\/li>\n<li class=\"more-item\">Cubierta de protecci\u00f3n cerrada lateralmente para un trabajo seguro<\/li>\n<\/ul>\n","protected":false},"featured_media":3282,"template":"","meta":{"_joinchat":[]},"product_cat":[181],"product_tag":[224],"class_list":{"0":"post-683","1":"product","2":"type-product","3":"status-publish","4":"has-post-thumbnail","6":"product_cat-herramientas-electricas","7":"product_tag-amoladora-de-banco","9":"first","10":"instock","11":"product-type-simple"},"_links":{"self":[{"href":"https:\/\/lidertecsa.com.ar\/catalogo\/wp-json\/wp\/v2\/product\/683"}],"collection":[{"href":"https:\/\/lidertecsa.com.ar\/catalogo\/wp-json\/wp\/v2\/product"}],"about":[{"href":"https:\/\/lidertecsa.com.ar\/catalogo\/wp-json\/wp\/v2\/types\/product"}],"wp:featuredmedia":[{"embeddable":true,"href":"https:\/\/lidertecsa.com.ar\/catalogo\/wp-json\/wp\/v2\/media\/3282"}],"wp:attachment":[{"href":"https:\/\/lidertecsa.com.ar\/catalogo\/wp-json\/wp\/v2\/media?parent=683"}],"wp:term":[{"taxonomy":"product_cat","embeddable":true,"href":"https:\/\/lidertecsa.com.ar\/catalogo\/wp-json\/wp\/v2\/product_cat?post=683"},{"taxonomy":"product_tag","embeddable":true,"href":"https:\/\/lidertecsa.com.ar\/catalogo\/wp-json\/wp\/v2\/product_tag?post=683"}],"curies":[{"name":"wp","href":"https:\/\/api.w.org\/{rel}","templated":true}]}}