{"id":681,"date":"2023-06-18T10:29:58","date_gmt":"2023-06-18T13:29:58","guid":{"rendered":"https:\/\/lidertecsa.com.ar\/catalogo\/?post_type=product&#038;p=681"},"modified":"2024-12-13T16:30:53","modified_gmt":"2024-12-13T19:30:53","slug":"amoladora-de-banco-einhell-tc-bg-200-l","status":"publish","type":"product","link":"https:\/\/lidertecsa.com.ar\/catalogo\/producto\/amoladora-de-banco-einhell-tc-bg-200-l\/","title":{"rendered":"Amoladora De Banco Einhell TC-BG 200 L"},"content":{"rendered":"<p>La amoladora de doble muela Einhell TC-BG 200 L es una m\u00e1quina de amolar \/ lijado pr\u00e1ctica para una amplia gama de aplicaciones. Una amoladora de doble muela (dos muelas abrasivas \/ lijadoras, cada una impulsada por un solo motor) es un elemento esencial del equipo en cualquier taller. Se puede utilizar una amoladora de doble rueda para afilar tijeras, cuchillos y hojas, hojas de corte, brocas y cortadores, e incluso cinceles. Adem\u00e1s, la amoladora de doble muela tambi\u00e9n se puede utilizar para desbarbar y desbarbar y para lijar \/ esmerilar y pulir una amplia gama de piezas de trabajo de madera, pl\u00e1stico y metal. La amoladora de doble muela es especialmente adecuada para realizar reparaciones menores y afilar cuchillas, pero tambi\u00e9n se puede utilizar para reparaciones fuertes, ajustes de forma y nuevo amolado \/ lijado inicial. La robusta construcci\u00f3n de metal compacto asegura que la amoladora tenga una larga vida \u00fatil. Los grandes soportes de trabajo ajustables son una ayuda para una amplia gama de aplicaciones. Un eje montado sobre cojinetes de bolas con juego cero permite lograr resultados precisos. Para mayor seguridad, hay ventanas de protecci\u00f3n contra chispas que se pueden ajustar sin herramientas, adem\u00e1s de capuchas de protecci\u00f3n que se cierran a los lados. Cuatro patas de goma absorben las vibraciones y garantizan una posici\u00f3n de pie segura y estable durante el funcionamiento. El producto se suministra completo con una muela abrasiva \/ lijadora gruesa y fina (K36 \/ K60). adem\u00e1s de capuchas de protecci\u00f3n que se cierran a los lados. Cuatro patas de goma absorben las vibraciones y garantizan una posici\u00f3n de pie segura y estable durante el funcionamiento. El producto se suministra completo con una muela abrasiva \/ lijadora gruesa y fina (K36 \/ K60). adem\u00e1s de capuchas de protecci\u00f3n que se cierran a los lados. Cuatro patas de goma absorben las vibraciones y garantizan una posici\u00f3n de pie segura y estable durante el funcionamiento. El producto se suministra completo con una muela abrasiva \/ lijadora gruesa y fina (K36 \/ K60).<\/p>\n<table width=\"645\">\n<tbody>\n<tr>\n<td colspan=\"2\" width=\"645\">Datos T\u00e9cnicos<\/td>\n<\/tr>\n<tr>\n<td width=\"346\">Conexi\u00f3n a la red<\/td>\n<td width=\"299\">220-240 V |\u00a050 Hz<\/td>\n<\/tr>\n<tr>\n<td width=\"346\">Potencia m\u00e1xima (S2 | S2time)<\/td>\n<td width=\"299\">400 W |\u00a030 minutos<\/td>\n<\/tr>\n<tr>\n<td width=\"346\">Max. Velocidad de ralent\u00ed<\/td>\n<td width=\"299\">2980 min ^ -1<\/td>\n<\/tr>\n<tr>\n<td width=\"346\">Di\u00e1metro del soporte de la muela abrasiva<\/td>\n<td width=\"299\">16 mm<\/td>\n<\/tr>\n<tr>\n<td width=\"346\">Muelas<\/td>\n<td width=\"299\">200 mm x 32 mm x 25 mm<\/td>\n<\/tr>\n<tr>\n<td width=\"346\">Arena<\/td>\n<td width=\"299\">36\/60<\/td>\n<\/tr>\n<\/tbody>\n<\/table>\n<p>&nbsp;<\/p>\n","protected":false},"excerpt":{"rendered":"<ul>\n<li>Luz LED para iluminaci\u00f3n del lugar de trabajo<\/li>\n<li>4 pies de goma para estar de pie de forma segura y con pocas vibraciones.<\/li>\n<li>Grandes soportes de trabajo ajustables para una amplia gama de aplicaciones.<\/li>\n<li>Ventanas de protecci\u00f3n contra chispas ajustables, sin necesidad de herramientas.<\/li>\n<li>Estructura met\u00e1lica robusta y compacta para una larga vida \u00fatil.<\/li>\n<li>Rodamientos de bolas sin juego para un funcionamiento preciso.<\/li>\n<li>Capuchas de protecci\u00f3n que est\u00e1n cerradas a los lados para un funcionamiento seguro.<\/li>\n<li>Incluye muela abrasiva \/ lijadora gruesa y fina (K36 \/ K60).<\/li>\n<li>Para reparaciones, ajustes de forma y nuevo lijado \/ lijado inicial.<\/li>\n<li>Para reparaciones menores y afilado de cuchillas.<\/li>\n<\/ul>\n","protected":false},"featured_media":3281,"template":"","meta":{"_joinchat":[]},"product_cat":[181],"product_tag":[224],"class_list":{"0":"post-681","1":"product","2":"type-product","3":"status-publish","4":"has-post-thumbnail","6":"product_cat-herramientas-electricas","7":"product_tag-amoladora-de-banco","9":"first","10":"instock","11":"product-type-simple"},"_links":{"self":[{"href":"https:\/\/lidertecsa.com.ar\/catalogo\/wp-json\/wp\/v2\/product\/681"}],"collection":[{"href":"https:\/\/lidertecsa.com.ar\/catalogo\/wp-json\/wp\/v2\/product"}],"about":[{"href":"https:\/\/lidertecsa.com.ar\/catalogo\/wp-json\/wp\/v2\/types\/product"}],"wp:featuredmedia":[{"embeddable":true,"href":"https:\/\/lidertecsa.com.ar\/catalogo\/wp-json\/wp\/v2\/media\/3281"}],"wp:attachment":[{"href":"https:\/\/lidertecsa.com.ar\/catalogo\/wp-json\/wp\/v2\/media?parent=681"}],"wp:term":[{"taxonomy":"product_cat","embeddable":true,"href":"https:\/\/lidertecsa.com.ar\/catalogo\/wp-json\/wp\/v2\/product_cat?post=681"},{"taxonomy":"product_tag","embeddable":true,"href":"https:\/\/lidertecsa.com.ar\/catalogo\/wp-json\/wp\/v2\/product_tag?post=681"}],"curies":[{"name":"wp","href":"https:\/\/api.w.org\/{rel}","templated":true}]}}