{"id":679,"date":"2023-06-18T10:27:11","date_gmt":"2023-06-18T13:27:11","guid":{"rendered":"https:\/\/lidertecsa.com.ar\/catalogo\/?post_type=product&#038;p=679"},"modified":"2024-12-13T16:30:53","modified_gmt":"2024-12-13T19:30:53","slug":"amoladora-de-banco-tc-bg-150","status":"publish","type":"product","link":"https:\/\/lidertecsa.com.ar\/catalogo\/producto\/amoladora-de-banco-tc-bg-150\/","title":{"rendered":"Amoladora de Banco TC-BG 150"},"content":{"rendered":"<p>La esmeriladora doble TH-BG 150 es perfectamente apropiada para peque\u00f1as tareas, como intensas reparaciones, correcciones de forma y nuevos afilados, o tambi\u00e9n para ligeras reparaciones y reafilados de cuchillas. Los pies de goma integrados, los apoyos de trabajo regulables y el robusto modo constructivo compacto de metal se ocupan del uso seguro y de larga vida de este equipo. La esmeriladora doble TH-BG 150 est\u00e1 equipada de cuatro pies de goma, a fin de garantizar un apoyo seguro y con bajo nivel de vibraciones. Los apoyos de trabajo integrados, regulables le posibilitan al aficionado al bricolaje las m\u00e1s distintas posibilidades de aplicaci\u00f3n. El robusto modo constructivo compacto de metal y el cojinete de bolas montado sin juego aportan una larga vida \u00fatil y un trabajo preciso. Los cristales protectores frente a chispas ajustables y las cubiertas protectoras cerradas lateralmente se ocupan del funcionamiento seguro del equipo.<\/p>\n<table width=\"419\">\n<tbody>\n<tr>\n<td colspan=\"2\" width=\"419\">T\u00e9cnico<\/td>\n<\/tr>\n<tr>\n<td width=\"209\">Suministro de red<\/td>\n<td width=\"210\">230 V |\u00a050 Hz<\/td>\n<\/tr>\n<tr>\n<td width=\"209\">Max.\u00a0potencia (S2 | S2time)<\/td>\n<td width=\"210\">150 W |\u00a030 minutos<\/td>\n<\/tr>\n<tr>\n<td width=\"209\">Max.\u00a0ralent\u00ed<\/td>\n<td width=\"210\">2950 min ^ -1<\/td>\n<\/tr>\n<tr>\n<td width=\"209\">Muelas<\/td>\n<td width=\"210\">150 mm x 12,7 mm x 16 mm<\/td>\n<\/tr>\n<tr>\n<td width=\"209\">Tama\u00f1o de grano<\/td>\n<td width=\"210\">60\/36<\/td>\n<\/tr>\n<\/tbody>\n<\/table>\n","protected":false},"excerpt":{"rendered":"<ul>\n<li>4 pies de goma para una posici\u00f3n segura y sin vibraciones<\/li>\n<li>Soportes de trabajo ajustables para diferentes aplicaciones<\/li>\n<li>Construcci\u00f3n robusta y compacta de metal para una larga vida \u00fatil<\/li>\n<li>El eje con rodamiento de bolas sin juego permite operaciones precisas<\/li>\n<li>Reflectores de chispa ajustables para un funcionamiento seguro<\/li>\n<li>Campanas de protecci\u00f3n lateralmente cerradas para operaciones seguras<\/li>\n<li>Disco abrasivo grueso y fino incluido (K36 \/ K60)<\/li>\n<li>Para reparaciones fuertes, correcciones de forma y secciones pulidas<\/li>\n<li>Para reparaciones sencillas y reafilado de cuchillas<\/li>\n<\/ul>\n","protected":false},"featured_media":3283,"template":"","meta":{"_joinchat":[]},"product_cat":[181],"product_tag":[224],"class_list":{"0":"post-679","1":"product","2":"type-product","3":"status-publish","4":"has-post-thumbnail","6":"product_cat-herramientas-electricas","7":"product_tag-amoladora-de-banco","9":"first","10":"instock","11":"product-type-simple"},"_links":{"self":[{"href":"https:\/\/lidertecsa.com.ar\/catalogo\/wp-json\/wp\/v2\/product\/679"}],"collection":[{"href":"https:\/\/lidertecsa.com.ar\/catalogo\/wp-json\/wp\/v2\/product"}],"about":[{"href":"https:\/\/lidertecsa.com.ar\/catalogo\/wp-json\/wp\/v2\/types\/product"}],"wp:featuredmedia":[{"embeddable":true,"href":"https:\/\/lidertecsa.com.ar\/catalogo\/wp-json\/wp\/v2\/media\/3283"}],"wp:attachment":[{"href":"https:\/\/lidertecsa.com.ar\/catalogo\/wp-json\/wp\/v2\/media?parent=679"}],"wp:term":[{"taxonomy":"product_cat","embeddable":true,"href":"https:\/\/lidertecsa.com.ar\/catalogo\/wp-json\/wp\/v2\/product_cat?post=679"},{"taxonomy":"product_tag","embeddable":true,"href":"https:\/\/lidertecsa.com.ar\/catalogo\/wp-json\/wp\/v2\/product_tag?post=679"}],"curies":[{"name":"wp","href":"https:\/\/api.w.org\/{rel}","templated":true}]}}